{"id":8371,"date":"2024-10-19T11:12:59","date_gmt":"2024-10-19T09:12:59","guid":{"rendered":"https:\/\/arabian-mood.com\/?post_type=product&#038;p=8371"},"modified":"2026-03-17T15:08:15","modified_gmt":"2026-03-17T14:08:15","slug":"liquido-brun-avenida-francesa","status":"publish","type":"product","link":"https:\/\/arabian-mood.com\/pt\/produit\/liquid-brun-french-avenue\/","title":{"rendered":"L\u00edquido Brun \u2013 Avenida Francesa"},"content":{"rendered":"<p><span style=\"font-weight: 400;\">Quando <\/span><b>Avenida Francesa<\/b><span style=\"font-weight: 400;\"> desvenda <\/span><b>Brun L\u00edquido<\/b><span style=\"font-weight: 400;\">, n\u00e3o \u00e9 apenas um perfume que v\u00ea a luz do dia, \u00e9 toda uma experi\u00eancia sensorial que ganha vida. No universo dos <\/span><b>fragr\u00e2ncias amadeiradas<\/b><span style=\"font-weight: 400;\">, destaca-se pela ousadia de misturar o inesperado. Imagine a frescura espumante do <\/span><b>bergamota<\/b><span style=\"font-weight: 400;\"> quem encontra a do\u00e7ura de <\/span><b>flor de laranjeira<\/b><span style=\"font-weight: 400;\">, antes de dar lugar a um <\/span><b>cora\u00e7\u00e3o picante<\/b><span style=\"font-weight: 400;\"> que aquece a alma.<\/span><\/p>\n<h2><b>Liquid Brun: quando a aud\u00e1cia se torna perfume<\/b><\/h2>\n<p><span style=\"font-weight: 400;\">O que torna este perfume t\u00e3o especial? \u00c9 uma hist\u00f3ria que ganha vida na sua pele. Um narrativo olfativo que come\u00e7a com frescura, com notas de <\/span><b>c\u00edtricos<\/b><span style=\"font-weight: 400;\"> que vos sentidos despertem. Se gostar de <\/span><b>perfumes frutados<\/b><span style=\"font-weight: 400;\"> deste g\u00e9nero, ent\u00e3o experimente a experi\u00eancia olfativa proposta por<\/span><a href=\"https:\/\/arabian-mood.com\/pt\/product-2\/beijo-tropical-avenue-francesa\/\"> <b>Beijo Tropical<\/b><\/a><span style=\"font-weight: 400;\">. Com esta fragr\u00e2ncia, a French Avenue transporta-o para o cora\u00e7\u00e3o de uma joia olfactiva ultra-ex\u00f3tica.<\/span><\/p>\n<p><span style=\"font-weight: 400;\">Depois, a <\/span><b>canela<\/b><span style=\"font-weight: 400;\"> e l\u00e1 <\/span><b>cardamomo<\/b><span style=\"font-weight: 400;\"> apresentam-se especiarias que recordam viagens long\u00ednquas e momentos acolhedores. E quando pensamos ter descoberto tudo, a <\/span><b>baunilha bourbon<\/b><span style=\"font-weight: 400;\"> aparece, envolvendo tudo numa do\u00e7ura quase viciante.<\/span><\/p>\n<p><span style=\"font-weight: 400;\">Levar <\/span><b>bois d\u2019elemi<\/b><span style=\"font-weight: 400;\"> \u00e9 a assinatura final, como uma piscadela final que torna o perfume inesquec\u00edvel. E \u00e9 verdade! Este <\/span><b>perfume oriental<\/b><span style=\"font-weight: 400;\"> Segue-o todo o dia sem nunca se cansar. As pessoas viram-se, procuram saber de onde vem este odor t\u00e3o particular. Al\u00e9m disso, o Liquid Brun da French Avenue sabe adaptar-se a diferentes situa\u00e7\u00f5es. Poder\u00e1, por isso, us\u00e1-lo a qualquer momento.<\/span><\/p>\n<h3><b>Nos segredos de Liquid Brun<\/b><\/h3>\n<p><span style=\"font-weight: 400;\">As pessoas que j\u00e1 o adotaram destacam tamb\u00e9m a sua capacidade de deixar um rasto perfeitamente dosado. Nem demasiado intenso para incomodar quem est\u00e1 \u00e0 volta, nem demasiado discreto para passar despercebido. \u00c9 o que se chama em <\/span><b>perfumaria<\/b><span style=\"font-weight: 400;\"> \u201ca arte da fragr\u00e2ncia controlada\u201d. Quando passa, as pessoas n\u00e3o ficam sobrecarregadas, mas sim intrigadas.<\/span><\/p>\n<p><span style=\"font-weight: 400;\">O Porter Liquid Brun \u00e9 como vestir um fato feito \u00e0 medida. Adapta-se \u00e0 sua pele, \u00e0 sua qu\u00edmica pessoal, para criar algo \u00fanico. Em alguns, as notas picantes destacar-se-\u00e3o mais. Noutros, ser\u00e1 a suavidade da baunilha a prevalecer. Esta adaptabilidade faz desta fragr\u00e2ncia um perfume t\u00e3o pessoal, apesar da sua presen\u00e7a marcante. Caso contr\u00e1rio, mude o seu humor com<\/span><a href=\"https:\/\/arabian-mood.com\/pt\/product-2\/qissa-delicious\/\"><b>Hist\u00f3ria Deliciosa<\/b><\/a><span style=\"font-weight: 400;\">, um perfume guloso assinado <\/span><b>Canto de Paris<\/b><span style=\"font-weight: 400;\">.<\/span><\/p>\n<p><span style=\"font-weight: 400;\">A French Avenue, por outro lado, empregou todo o seu savoir-faire para permitir que este perfume dure. Os perfumistas trabalharam num equil\u00edbrio preciso entre as diferentes notas para garantir uma evolu\u00e7\u00e3o harmoniosa ao longo do dia. O segredo? A intera\u00e7\u00e3o entre as especiarias e as <\/span><b>notas amadeiradas<\/b><span style=\"font-weight: 400;\"> que agem como <\/span><b>fixadores naturais<\/b><span style=\"font-weight: 400;\">. Resultado: n\u00e3o \u00e9 necess\u00e1rio reaplicar a cada duas horas. A fragr\u00e2ncia vive consigo.<\/span><\/p>\n<h3><b>O acordo perfeito com as esta\u00e7\u00f5es<\/b><\/h3>\n<p><span style=\"font-weight: 400;\">Embora Liquid Brun brilhe particularmente nas noites de outono e nos dias frios de inverno, ele tamb\u00e9m sabe tornar-se desej\u00e1vel no ver\u00e3o. As notas frescas de topo ganham ent\u00e3o destaque, oferecendo uma vers\u00e3o mais leve, mas igualmente cativante da fragr\u00e2ncia. \u00c9 o que se chama um <\/span><b>perfume quatro esta\u00e7\u00f5es<\/b><span style=\"font-weight: 400;\">, capaz de o acompanhar ao longo de todo o ano.<\/span><\/p>\n<p><span style=\"font-weight: 400;\">Se procura uma fragr\u00e2ncia fora do comum, mas que se mant\u00e9m elegante, esta pode muito bem tornar-se a sua nova assinatura. No fluxo das novidades de 2024, Liquid Brun afirma-se como um pormenor \u00f3bvio para quem gosta de perfumes que t\u00eam algo para contar. Encomende o seu frasco e entre para a lenda.<\/span><\/p>\n<p>&nbsp;<\/p>","protected":false},"excerpt":{"rendered":"<p><strong>Notas de topo<\/strong>\u00a0<strong>: <\/strong>Canela, bergamota, cardamomo, flor de laranjeira<\/p>\n<p><strong>Notas de Cora\u00e7\u00e3o: <\/strong>Bourbon Baunilha, Elemi<\/p>\n<p><strong>Notas de Fundo: <\/strong>alm\u00edscar, pralin\u00e9, ambroxan, madeira de guaiaco<\/p>\n<p>&nbsp;<\/p>","protected":false},"featured_media":8858,"template":"","meta":[],"product_brand":[],"product_cat":[20,152,433],"product_tag":[],"class_list":{"0":"post-8371","1":"product","2":"type-product","3":"status-publish","4":"has-post-thumbnail","6":"product_cat-french-avenue","7":"product_cat-mixte","8":"product_cat-parfums-de-dubai","10":"first","11":"outofstock","12":"sale","13":"purchasable","14":"product-type-simple"},"yoast_head":"<!-- This site is optimized with the Yoast SEO plugin v27.5 - https:\/\/yoast.com\/product\/yoast-seo-wordpress\/ -->\n<title>Eau de parfum Liquid Brun 100 ml | French Avenue<\/title>\n<meta name=\"description\" content=\"Liquid Brun French Avenue : fra\u00eecheur des agrumes, chaleur des \u00e9pices et douceur de la vanille bourbon. Une cr\u00e9ation olfactive pour les audacieux.\" \/>\n<meta name=\"robots\" content=\"index, follow, max-snippet:-1, max-image-preview:large, max-video-preview:-1\" \/>\n<link rel=\"canonical\" href=\"https:\/\/arabian-mood.com\/pt\/product-2\/liquido-brun-avenida-francesa\/\" \/>\n<meta property=\"og:locale\" content=\"pt_PT\" \/>\n<meta property=\"og:type\" content=\"article\" \/>\n<meta property=\"og:title\" content=\"Eau de parfum Liquid Brun 100 ml | French Avenue\" \/>\n<meta property=\"og:description\" content=\"Liquid Brun French Avenue : fra\u00eecheur des agrumes, chaleur des \u00e9pices et douceur de la vanille bourbon. Une cr\u00e9ation olfactive pour les audacieux.\" \/>\n<meta property=\"og:url\" content=\"https:\/\/arabian-mood.com\/pt\/product-2\/liquido-brun-avenida-francesa\/\" \/>\n<meta property=\"og:site_name\" content=\"Arabian Mood\" \/>\n<meta property=\"article:modified_time\" content=\"2026-03-17T14:08:15+00:00\" \/>\n<meta property=\"og:image\" content=\"https:\/\/arabian-mood.com\/wp-content\/uploads\/2024\/10\/liquidbrunedp_1-1.jpg\" \/>\n\t<meta property=\"og:image:width\" content=\"600\" \/>\n\t<meta property=\"og:image:height\" content=\"600\" \/>\n\t<meta property=\"og:image:type\" content=\"image\/jpeg\" \/>\n<meta name=\"twitter:card\" content=\"summary_large_image\" \/>\n<meta name=\"twitter:label1\" content=\"Tempo estimado de leitura\" \/>\n\t<meta name=\"twitter:data1\" content=\"4 minutos\" \/>\n<script type=\"application\/ld+json\" class=\"yoast-schema-graph\">{\"@context\":\"https:\\\/\\\/schema.org\",\"@graph\":[{\"@type\":\"WebPage\",\"@id\":\"https:\\\/\\\/arabian-mood.com\\\/produit\\\/liquid-brun-french-avenue\\\/\",\"url\":\"https:\\\/\\\/arabian-mood.com\\\/produit\\\/liquid-brun-french-avenue\\\/\",\"name\":\"Eau de parfum Liquid Brun 100 ml | French Avenue\",\"isPartOf\":{\"@id\":\"https:\\\/\\\/arabian-mood.com\\\/#website\"},\"primaryImageOfPage\":{\"@id\":\"https:\\\/\\\/arabian-mood.com\\\/produit\\\/liquid-brun-french-avenue\\\/#primaryimage\"},\"image\":{\"@id\":\"https:\\\/\\\/arabian-mood.com\\\/produit\\\/liquid-brun-french-avenue\\\/#primaryimage\"},\"thumbnailUrl\":\"https:\\\/\\\/arabian-mood.com\\\/wp-content\\\/uploads\\\/2024\\\/10\\\/liquidbrunedp_1-1.jpg\",\"datePublished\":\"2024-10-19T09:12:59+00:00\",\"dateModified\":\"2026-03-17T14:08:15+00:00\",\"description\":\"Liquid Brun French Avenue : fra\u00eecheur des agrumes, chaleur des \u00e9pices et douceur de la vanille bourbon. Une cr\u00e9ation olfactive pour les audacieux.\",\"breadcrumb\":{\"@id\":\"https:\\\/\\\/arabian-mood.com\\\/produit\\\/liquid-brun-french-avenue\\\/#breadcrumb\"},\"inLanguage\":\"pt-PT\",\"potentialAction\":[{\"@type\":\"ReadAction\",\"target\":[\"https:\\\/\\\/arabian-mood.com\\\/produit\\\/liquid-brun-french-avenue\\\/\"]}]},{\"@type\":\"ImageObject\",\"inLanguage\":\"pt-PT\",\"@id\":\"https:\\\/\\\/arabian-mood.com\\\/produit\\\/liquid-brun-french-avenue\\\/#primaryimage\",\"url\":\"https:\\\/\\\/arabian-mood.com\\\/wp-content\\\/uploads\\\/2024\\\/10\\\/liquidbrunedp_1-1.jpg\",\"contentUrl\":\"https:\\\/\\\/arabian-mood.com\\\/wp-content\\\/uploads\\\/2024\\\/10\\\/liquidbrunedp_1-1.jpg\",\"width\":600,\"height\":600,\"caption\":\"Liquid Brun French Avenue\"},{\"@type\":\"BreadcrumbList\",\"@id\":\"https:\\\/\\\/arabian-mood.com\\\/produit\\\/liquid-brun-french-avenue\\\/#breadcrumb\",\"itemListElement\":[{\"@type\":\"ListItem\",\"position\":1,\"name\":\"Accueil\",\"item\":\"https:\\\/\\\/arabian-mood.com\\\/\"},{\"@type\":\"ListItem\",\"position\":2,\"name\":\"Boutique\",\"item\":\"https:\\\/\\\/arabian-mood.com\\\/boutique\\\/\"},{\"@type\":\"ListItem\",\"position\":3,\"name\":\"Liquid Brun &#8211; French Avenue\"}]},{\"@type\":\"WebSite\",\"@id\":\"https:\\\/\\\/arabian-mood.com\\\/#website\",\"url\":\"https:\\\/\\\/arabian-mood.com\\\/\",\"name\":\"Arabian Mood\",\"description\":\"\",\"publisher\":{\"@id\":\"https:\\\/\\\/arabian-mood.com\\\/#organization\"},\"potentialAction\":[{\"@type\":\"SearchAction\",\"target\":{\"@type\":\"EntryPoint\",\"urlTemplate\":\"https:\\\/\\\/arabian-mood.com\\\/?s={search_term_string}\"},\"query-input\":{\"@type\":\"PropertyValueSpecification\",\"valueRequired\":true,\"valueName\":\"search_term_string\"}}],\"inLanguage\":\"pt-PT\"},{\"@type\":\"Organization\",\"@id\":\"https:\\\/\\\/arabian-mood.com\\\/#organization\",\"name\":\"Arabian Mood\",\"url\":\"https:\\\/\\\/arabian-mood.com\\\/\",\"logo\":{\"@type\":\"ImageObject\",\"inLanguage\":\"pt-PT\",\"@id\":\"https:\\\/\\\/arabian-mood.com\\\/#\\\/schema\\\/logo\\\/image\\\/\",\"url\":\"https:\\\/\\\/arabian-mood.com\\\/wp-content\\\/uploads\\\/2024\\\/09\\\/Groupe-11304.svg\",\"contentUrl\":\"https:\\\/\\\/arabian-mood.com\\\/wp-content\\\/uploads\\\/2024\\\/09\\\/Groupe-11304.svg\",\"width\":214,\"height\":27,\"caption\":\"Arabian Mood\"},\"image\":{\"@id\":\"https:\\\/\\\/arabian-mood.com\\\/#\\\/schema\\\/logo\\\/image\\\/\"},\"sameAs\":[\"https:\\\/\\\/www.instagram.com\\\/arabianmoodofficiel\\\/\"]}]}<\/script>\n<!-- \/ Yoast SEO plugin. -->","yoast_head_json":{"title":"Eau de parfum Liquid Brun 100 ml | French Avenue","description":"Liquid Brun French Avenue: frescura dos citrinos, calor das especiarias e do\u00e7ura da baunilha bourbon. Uma cria\u00e7\u00e3o olfativa para os audazes.","robots":{"index":"index","follow":"follow","max-snippet":"max-snippet:-1","max-image-preview":"max-image-preview:large","max-video-preview":"max-video-preview:-1"},"canonical":"https:\/\/arabian-mood.com\/pt\/product-2\/liquido-brun-avenida-francesa\/","og_locale":"pt_PT","og_type":"article","og_title":"Eau de parfum Liquid Brun 100 ml | French Avenue","og_description":"Liquid Brun French Avenue : fra\u00eecheur des agrumes, chaleur des \u00e9pices et douceur de la vanille bourbon. Une cr\u00e9ation olfactive pour les audacieux.","og_url":"https:\/\/arabian-mood.com\/pt\/product-2\/liquido-brun-avenida-francesa\/","og_site_name":"Arabian Mood","article_modified_time":"2026-03-17T14:08:15+00:00","og_image":[{"width":600,"height":600,"url":"https:\/\/arabian-mood.com\/wp-content\/uploads\/2024\/10\/liquidbrunedp_1-1.jpg","type":"image\/jpeg"}],"twitter_card":"summary_large_image","twitter_misc":{"Tempo estimado de leitura":"4 minutos"},"schema":{"@context":"https:\/\/schema.org","@graph":[{"@type":"WebPage","@id":"https:\/\/arabian-mood.com\/produit\/liquid-brun-french-avenue\/","url":"https:\/\/arabian-mood.com\/produit\/liquid-brun-french-avenue\/","name":"Eau de parfum Liquid Brun 100 ml | French Avenue","isPartOf":{"@id":"https:\/\/arabian-mood.com\/#website"},"primaryImageOfPage":{"@id":"https:\/\/arabian-mood.com\/produit\/liquid-brun-french-avenue\/#primaryimage"},"image":{"@id":"https:\/\/arabian-mood.com\/produit\/liquid-brun-french-avenue\/#primaryimage"},"thumbnailUrl":"https:\/\/arabian-mood.com\/wp-content\/uploads\/2024\/10\/liquidbrunedp_1-1.jpg","datePublished":"2024-10-19T09:12:59+00:00","dateModified":"2026-03-17T14:08:15+00:00","description":"Liquid Brun French Avenue: frescura dos citrinos, calor das especiarias e do\u00e7ura da baunilha bourbon. Uma cria\u00e7\u00e3o olfativa para os audazes.","breadcrumb":{"@id":"https:\/\/arabian-mood.com\/produit\/liquid-brun-french-avenue\/#breadcrumb"},"inLanguage":"pt-PT","potentialAction":[{"@type":"ReadAction","target":["https:\/\/arabian-mood.com\/produit\/liquid-brun-french-avenue\/"]}]},{"@type":"ImageObject","inLanguage":"pt-PT","@id":"https:\/\/arabian-mood.com\/produit\/liquid-brun-french-avenue\/#primaryimage","url":"https:\/\/arabian-mood.com\/wp-content\/uploads\/2024\/10\/liquidbrunedp_1-1.jpg","contentUrl":"https:\/\/arabian-mood.com\/wp-content\/uploads\/2024\/10\/liquidbrunedp_1-1.jpg","width":600,"height":600,"caption":"Liquid Brun French Avenue"},{"@type":"BreadcrumbList","@id":"https:\/\/arabian-mood.com\/produit\/liquid-brun-french-avenue\/#breadcrumb","itemListElement":[{"@type":"ListItem","position":1,"name":"Accueil","item":"https:\/\/arabian-mood.com\/"},{"@type":"ListItem","position":2,"name":"Boutique","item":"https:\/\/arabian-mood.com\/boutique\/"},{"@type":"ListItem","position":3,"name":"Liquid Brun &#8211; French Avenue"}]},{"@type":"WebSite","@id":"https:\/\/arabian-mood.com\/#website","url":"https:\/\/arabian-mood.com\/","name":"Ambiente \u00c1rabe","description":"","publisher":{"@id":"https:\/\/arabian-mood.com\/#organization"},"potentialAction":[{"@type":"SearchAction","target":{"@type":"EntryPoint","urlTemplate":"https:\/\/arabian-mood.com\/?s={search_term_string}"},"query-input":{"@type":"PropertyValueSpecification","valueRequired":true,"valueName":"search_term_string"}}],"inLanguage":"pt-PT"},{"@type":"Organization","@id":"https:\/\/arabian-mood.com\/#organization","name":"Ambiente \u00c1rabe","url":"https:\/\/arabian-mood.com\/","logo":{"@type":"ImageObject","inLanguage":"pt-PT","@id":"https:\/\/arabian-mood.com\/#\/schema\/logo\/image\/","url":"https:\/\/arabian-mood.com\/wp-content\/uploads\/2024\/09\/Groupe-11304.svg","contentUrl":"https:\/\/arabian-mood.com\/wp-content\/uploads\/2024\/09\/Groupe-11304.svg","width":214,"height":27,"caption":"Arabian Mood"},"image":{"@id":"https:\/\/arabian-mood.com\/#\/schema\/logo\/image\/"},"sameAs":["https:\/\/www.instagram.com\/arabianmoodofficiel\/"]}]}},"_links":{"self":[{"href":"https:\/\/arabian-mood.com\/pt\/wp-json\/wp\/v2\/product\/8371","targetHints":{"allow":["GET"]}}],"collection":[{"href":"https:\/\/arabian-mood.com\/pt\/wp-json\/wp\/v2\/product"}],"about":[{"href":"https:\/\/arabian-mood.com\/pt\/wp-json\/wp\/v2\/types\/product"}],"wp:featuredmedia":[{"embeddable":true,"href":"https:\/\/arabian-mood.com\/pt\/wp-json\/wp\/v2\/media\/8858"}],"wp:attachment":[{"href":"https:\/\/arabian-mood.com\/pt\/wp-json\/wp\/v2\/media?parent=8371"}],"wp:term":[{"taxonomy":"product_brand","embeddable":true,"href":"https:\/\/arabian-mood.com\/pt\/wp-json\/wp\/v2\/product_brand?post=8371"},{"taxonomy":"product_cat","embeddable":true,"href":"https:\/\/arabian-mood.com\/pt\/wp-json\/wp\/v2\/product_cat?post=8371"},{"taxonomy":"product_tag","embeddable":true,"href":"https:\/\/arabian-mood.com\/pt\/wp-json\/wp\/v2\/product_tag?post=8371"}],"curies":[{"name":"wp","href":"https:\/\/api.w.org\/{rel}","templated":true}]}}