{"id":8373,"date":"2024-10-19T11:39:54","date_gmt":"2024-10-19T09:39:54","guid":{"rendered":"https:\/\/arabian-mood.com\/?post_type=product&#038;p=8373"},"modified":"2025-12-03T17:25:39","modified_gmt":"2025-12-03T16:25:39","slug":"beijo-tropical-avenue-francesa","status":"publish","type":"product","link":"https:\/\/arabian-mood.com\/pt\/produit\/tropical-kiss-french-avenue\/","title":{"rendered":"Beijo Tropical \u2013 Avenida Francesa"},"content":{"rendered":"<p>Descubra <strong>Beijo Tropical<\/strong>, o \u00faltimo perfume estrela da <strong>Avenida Francesa<\/strong> que promete transformar o seu dia a dia em <strong>escapadela tropical<\/strong>. Esta fragr\u00e2ncia arrojada satisfaz todos os seus desejos de evas\u00e3o e sensorialidade. Distingue-se pela sua composi\u00e7\u00e3o singular, uma verdadeira viagem olfativa entre <strong>frutas ex\u00f3ticas<\/strong> notas sofisticadas.<\/p>\n<h2>Tropical Kiss by French Avenue: a evas\u00e3o olfativa suprema prometida por uma fragr\u00e2ncia ex\u00f3tica<\/h2>\n<p>Este perfume come\u00e7a com uma <strong>cocktail olfativo<\/strong> refrescante onde a <strong>camomila<\/strong> calmante encontra o brilho suculento da <strong>Manga<\/strong>. A <strong>flor de laranjeira<\/strong> v\u00eam completar esta abertura luminosa, criando uma primeira impress\u00e3o delicada e cintilante. Estas notas de topo d\u00e3o o tom de uma promissora viagem olfativa, convidando imediatamente \u00e0 evas\u00e3o e \u00e0 descoberta.<\/p>\n<p>No cora\u00e7\u00e3o da fragr\u00e2ncia, o\u00a0<strong>coquilo<\/strong> cremosa entrela\u00e7a-se com um\u2019<strong>cananga<\/strong> sensual, trazendo uma dimens\u00e3o ex\u00f3tica e envolvente. <strong>raiz de \u00edris<\/strong> Enquanto isso, sofistica a fragr\u00e2ncia, acrescentando uma eleg\u00e2ncia subtil e profunda. Estas notas de cora\u00e7\u00e3o transformam Tropical Kiss numa verdadeira declara\u00e7\u00e3o de sensualidade, oscilando entre do\u00e7ura tropical e requinte.<\/p>\n<p>Por fim, a fragr\u00e2ncia termina numa estela quente onde a\u00a0<strong>baunilha<\/strong> confere a sua rondeza gulosa, o\u2019<strong>\u00e2mbar<\/strong> sua profundidade misteriosa e o <strong>benjoim<\/strong> o seu toque resinado e amadeirado. Esta base oferece uma fixa\u00e7\u00e3o not\u00e1vel e uma sedu\u00e7\u00e3o duradoura, prolongando a experi\u00eancia olfativa mesmo ap\u00f3s a aplica\u00e7\u00e3o.<\/p>\n<h3>Tropical Kiss da French Avenue: um perfume t\u00e9cnico e elegante<\/h3>\n<p>Em termos de caracter\u00edsticas t\u00e9cnicas, este <strong>perfume unissexo<\/strong> apresenta-se num frasco de 80 ml. O seu rasto moderado, bem como a sua fixa\u00e7\u00e3o de longa dura\u00e7\u00e3o, fazem dele um companheiro olfativo ideal. O frasco, por sua vez, atesta o luxo discreto da French Avenue. Mais compacto do que os standards do mercado, oferece um r\u00e1cio qualidade-pre\u00e7o not\u00e1vel. Sucumba tamb\u00e9m \u00e0 tenta\u00e7\u00e3o do <strong>perfume frutado<\/strong> <a href=\"https:\/\/arabian-mood.com\/pt\/product-2\/velvet-donna-fragrance-world\/\"><strong>Veludo Donna<\/strong><\/a> assinado <strong>Fragrance World<\/strong>.<\/p>\n<h3>Um incentivo para alargar o seu horizonte olfativo<\/h3>\n<p>Esta \u00e9, ent\u00e3o, uma fragr\u00e2ncia destinada a iluminar a sua rotina. Adapta-se, ali\u00e1s, a todas as ocasi\u00f5es. A eleg\u00e2ncia da sua composi\u00e7\u00e3o permite seduzir pela sua versatilidade e pelo seu car\u00e1ter \u00fanico.<\/p>\n<p>Levar\u00a0<strong>nuvem moderada<\/strong> permite projetar uma presen\u00e7a discreta, mas encantadora, suficientemente intensa para intrigar sem nunca ser invasiva. Cada pulveriza\u00e7\u00e3o de Tropical Kiss torna-se uma promessa de evas\u00e3o, um momento de pura sofistica\u00e7\u00e3o que transcende as fronteiras da perfumaria tradicional.<\/p>","protected":false},"excerpt":{"rendered":"<p><strong>Notas de topo<\/strong>\u00a0<strong>:<\/strong>Camomila, Manga, Flor de laranjeira<\/p>\n<p><strong>Notas de Cora\u00e7\u00e3o:<\/strong>Coco, Ylang-ylang, Raiz de l\u00edrio<\/p>\n<p><strong>Notas de Fundo:<\/strong>Baunilha, \u00c2mbar, Benjoim<\/p>","protected":false},"featured_media":8374,"template":"","meta":[],"product_brand":[],"product_cat":[20,585,590,152,433],"product_tag":[],"class_list":{"0":"post-8373","1":"product","2":"type-product","3":"status-publish","4":"has-post-thumbnail","6":"product_cat-french-avenue","7":"product_cat-parfum-dubai-homme","8":"product_cat-parfum-dubai-mixte","9":"product_cat-mixte","10":"product_cat-parfums-de-dubai","12":"first","13":"instock","14":"sale","15":"purchasable","16":"product-type-simple"},"yoast_head":"<!-- This site is optimized with the Yoast SEO plugin v27.4 - https:\/\/yoast.com\/product\/yoast-seo-wordpress\/ -->\n<title>Tropical Kiss - French Avenue<\/title>\n<meta name=\"description\" content=\"Tropical Kiss : Votre passeport olfactif pour une \u00e9vasion tropicale instantan\u00e9e, d\u00e9couvrez le parfum fruit\u00e9 qui transforme chaque instant en voyage !\" \/>\n<meta name=\"robots\" content=\"index, follow, max-snippet:-1, max-image-preview:large, max-video-preview:-1\" \/>\n<link rel=\"canonical\" href=\"https:\/\/arabian-mood.com\/pt\/product-2\/beijo-tropical-avenue-francesa\/\" \/>\n<meta property=\"og:locale\" content=\"pt_PT\" \/>\n<meta property=\"og:type\" content=\"article\" \/>\n<meta property=\"og:title\" content=\"Tropical Kiss - French Avenue\" \/>\n<meta property=\"og:description\" content=\"Tropical Kiss : Votre passeport olfactif pour une \u00e9vasion tropicale instantan\u00e9e, d\u00e9couvrez le parfum fruit\u00e9 qui transforme chaque instant en voyage !\" \/>\n<meta property=\"og:url\" content=\"https:\/\/arabian-mood.com\/pt\/product-2\/beijo-tropical-avenue-francesa\/\" \/>\n<meta property=\"og:site_name\" content=\"Arabian Mood\" \/>\n<meta property=\"article:modified_time\" content=\"2025-12-03T16:25:39+00:00\" \/>\n<meta property=\"og:image\" content=\"https:\/\/arabian-mood.com\/wp-content\/uploads\/2024\/10\/tropical-kiss-french-avenue.png\" \/>\n\t<meta property=\"og:image:width\" content=\"900\" \/>\n\t<meta property=\"og:image:height\" content=\"900\" \/>\n\t<meta property=\"og:image:type\" content=\"image\/png\" \/>\n<meta name=\"twitter:card\" content=\"summary_large_image\" \/>\n<meta name=\"twitter:label1\" content=\"Est. reading time\" \/>\n\t<meta name=\"twitter:data1\" content=\"3 minutos\" \/>\n<script type=\"application\/ld+json\" class=\"yoast-schema-graph\">{\"@context\":\"https:\\\/\\\/schema.org\",\"@graph\":[{\"@type\":\"WebPage\",\"@id\":\"https:\\\/\\\/arabian-mood.com\\\/produit\\\/tropical-kiss-french-avenue\\\/\",\"url\":\"https:\\\/\\\/arabian-mood.com\\\/produit\\\/tropical-kiss-french-avenue\\\/\",\"name\":\"Tropical Kiss - French Avenue\",\"isPartOf\":{\"@id\":\"https:\\\/\\\/arabian-mood.com\\\/#website\"},\"primaryImageOfPage\":{\"@id\":\"https:\\\/\\\/arabian-mood.com\\\/produit\\\/tropical-kiss-french-avenue\\\/#primaryimage\"},\"image\":{\"@id\":\"https:\\\/\\\/arabian-mood.com\\\/produit\\\/tropical-kiss-french-avenue\\\/#primaryimage\"},\"thumbnailUrl\":\"https:\\\/\\\/arabian-mood.com\\\/wp-content\\\/uploads\\\/2024\\\/10\\\/tropical-kiss-french-avenue.png\",\"datePublished\":\"2024-10-19T09:39:54+00:00\",\"dateModified\":\"2025-12-03T16:25:39+00:00\",\"description\":\"Tropical Kiss : Votre passeport olfactif pour une \u00e9vasion tropicale instantan\u00e9e, d\u00e9couvrez le parfum fruit\u00e9 qui transforme chaque instant en voyage !\",\"breadcrumb\":{\"@id\":\"https:\\\/\\\/arabian-mood.com\\\/produit\\\/tropical-kiss-french-avenue\\\/#breadcrumb\"},\"inLanguage\":\"pt-PT\",\"potentialAction\":[{\"@type\":\"ReadAction\",\"target\":[\"https:\\\/\\\/arabian-mood.com\\\/produit\\\/tropical-kiss-french-avenue\\\/\"]}]},{\"@type\":\"ImageObject\",\"inLanguage\":\"pt-PT\",\"@id\":\"https:\\\/\\\/arabian-mood.com\\\/produit\\\/tropical-kiss-french-avenue\\\/#primaryimage\",\"url\":\"https:\\\/\\\/arabian-mood.com\\\/wp-content\\\/uploads\\\/2024\\\/10\\\/tropical-kiss-french-avenue.png\",\"contentUrl\":\"https:\\\/\\\/arabian-mood.com\\\/wp-content\\\/uploads\\\/2024\\\/10\\\/tropical-kiss-french-avenue.png\",\"width\":900,\"height\":900,\"caption\":\"flacon du parfum Tropical Kiss by French Avenue\"},{\"@type\":\"BreadcrumbList\",\"@id\":\"https:\\\/\\\/arabian-mood.com\\\/produit\\\/tropical-kiss-french-avenue\\\/#breadcrumb\",\"itemListElement\":[{\"@type\":\"ListItem\",\"position\":1,\"name\":\"Accueil\",\"item\":\"https:\\\/\\\/arabian-mood.com\\\/\"},{\"@type\":\"ListItem\",\"position\":2,\"name\":\"Boutique\",\"item\":\"https:\\\/\\\/arabian-mood.com\\\/boutique\\\/\"},{\"@type\":\"ListItem\",\"position\":3,\"name\":\"Tropical Kiss &#8211; French Avenue\"}]},{\"@type\":\"WebSite\",\"@id\":\"https:\\\/\\\/arabian-mood.com\\\/#website\",\"url\":\"https:\\\/\\\/arabian-mood.com\\\/\",\"name\":\"Arabian Mood\",\"description\":\"\",\"publisher\":{\"@id\":\"https:\\\/\\\/arabian-mood.com\\\/#organization\"},\"potentialAction\":[{\"@type\":\"SearchAction\",\"target\":{\"@type\":\"EntryPoint\",\"urlTemplate\":\"https:\\\/\\\/arabian-mood.com\\\/?s={search_term_string}\"},\"query-input\":{\"@type\":\"PropertyValueSpecification\",\"valueRequired\":true,\"valueName\":\"search_term_string\"}}],\"inLanguage\":\"pt-PT\"},{\"@type\":\"Organization\",\"@id\":\"https:\\\/\\\/arabian-mood.com\\\/#organization\",\"name\":\"Arabian Mood\",\"url\":\"https:\\\/\\\/arabian-mood.com\\\/\",\"logo\":{\"@type\":\"ImageObject\",\"inLanguage\":\"pt-PT\",\"@id\":\"https:\\\/\\\/arabian-mood.com\\\/#\\\/schema\\\/logo\\\/image\\\/\",\"url\":\"https:\\\/\\\/arabian-mood.com\\\/wp-content\\\/uploads\\\/2024\\\/09\\\/Groupe-11304.svg\",\"contentUrl\":\"https:\\\/\\\/arabian-mood.com\\\/wp-content\\\/uploads\\\/2024\\\/09\\\/Groupe-11304.svg\",\"width\":214,\"height\":27,\"caption\":\"Arabian Mood\"},\"image\":{\"@id\":\"https:\\\/\\\/arabian-mood.com\\\/#\\\/schema\\\/logo\\\/image\\\/\"},\"sameAs\":[\"https:\\\/\\\/www.instagram.com\\\/arabianmoodofficiel\\\/\"]}]}<\/script>\n<!-- \/ Yoast SEO plugin. -->","yoast_head_json":{"title":"Tropical Kiss - Avenida Francesa","description":"Tropical Kiss: O seu passaporte olfativo para uma fuga tropical instant\u00e2nea, descubra a fragr\u00e2ncia frutada que transforma cada momento numa viagem!","robots":{"index":"index","follow":"follow","max-snippet":"max-snippet:-1","max-image-preview":"max-image-preview:large","max-video-preview":"max-video-preview:-1"},"canonical":"https:\/\/arabian-mood.com\/pt\/product-2\/beijo-tropical-avenue-francesa\/","og_locale":"pt_PT","og_type":"article","og_title":"Tropical Kiss - French Avenue","og_description":"Tropical Kiss : Votre passeport olfactif pour une \u00e9vasion tropicale instantan\u00e9e, d\u00e9couvrez le parfum fruit\u00e9 qui transforme chaque instant en voyage !","og_url":"https:\/\/arabian-mood.com\/pt\/product-2\/beijo-tropical-avenue-francesa\/","og_site_name":"Arabian Mood","article_modified_time":"2025-12-03T16:25:39+00:00","og_image":[{"width":900,"height":900,"url":"https:\/\/arabian-mood.com\/wp-content\/uploads\/2024\/10\/tropical-kiss-french-avenue.png","type":"image\/png"}],"twitter_card":"summary_large_image","twitter_misc":{"Est. reading time":"3 minutos"},"schema":{"@context":"https:\/\/schema.org","@graph":[{"@type":"WebPage","@id":"https:\/\/arabian-mood.com\/produit\/tropical-kiss-french-avenue\/","url":"https:\/\/arabian-mood.com\/produit\/tropical-kiss-french-avenue\/","name":"Tropical Kiss - Avenida Francesa","isPartOf":{"@id":"https:\/\/arabian-mood.com\/#website"},"primaryImageOfPage":{"@id":"https:\/\/arabian-mood.com\/produit\/tropical-kiss-french-avenue\/#primaryimage"},"image":{"@id":"https:\/\/arabian-mood.com\/produit\/tropical-kiss-french-avenue\/#primaryimage"},"thumbnailUrl":"https:\/\/arabian-mood.com\/wp-content\/uploads\/2024\/10\/tropical-kiss-french-avenue.png","datePublished":"2024-10-19T09:39:54+00:00","dateModified":"2025-12-03T16:25:39+00:00","description":"Tropical Kiss: O seu passaporte olfativo para uma fuga tropical instant\u00e2nea, descubra a fragr\u00e2ncia frutada que transforma cada momento numa viagem!","breadcrumb":{"@id":"https:\/\/arabian-mood.com\/produit\/tropical-kiss-french-avenue\/#breadcrumb"},"inLanguage":"pt-PT","potentialAction":[{"@type":"ReadAction","target":["https:\/\/arabian-mood.com\/produit\/tropical-kiss-french-avenue\/"]}]},{"@type":"ImageObject","inLanguage":"pt-PT","@id":"https:\/\/arabian-mood.com\/produit\/tropical-kiss-french-avenue\/#primaryimage","url":"https:\/\/arabian-mood.com\/wp-content\/uploads\/2024\/10\/tropical-kiss-french-avenue.png","contentUrl":"https:\/\/arabian-mood.com\/wp-content\/uploads\/2024\/10\/tropical-kiss-french-avenue.png","width":900,"height":900,"caption":"flacon du parfum Tropical Kiss by French Avenue"},{"@type":"BreadcrumbList","@id":"https:\/\/arabian-mood.com\/produit\/tropical-kiss-french-avenue\/#breadcrumb","itemListElement":[{"@type":"ListItem","position":1,"name":"Accueil","item":"https:\/\/arabian-mood.com\/"},{"@type":"ListItem","position":2,"name":"Boutique","item":"https:\/\/arabian-mood.com\/boutique\/"},{"@type":"ListItem","position":3,"name":"Tropical Kiss &#8211; French Avenue"}]},{"@type":"WebSite","@id":"https:\/\/arabian-mood.com\/#website","url":"https:\/\/arabian-mood.com\/","name":"Ambiente \u00c1rabe","description":"","publisher":{"@id":"https:\/\/arabian-mood.com\/#organization"},"potentialAction":[{"@type":"SearchAction","target":{"@type":"EntryPoint","urlTemplate":"https:\/\/arabian-mood.com\/?s={search_term_string}"},"query-input":{"@type":"PropertyValueSpecification","valueRequired":true,"valueName":"search_term_string"}}],"inLanguage":"pt-PT"},{"@type":"Organization","@id":"https:\/\/arabian-mood.com\/#organization","name":"Ambiente \u00c1rabe","url":"https:\/\/arabian-mood.com\/","logo":{"@type":"ImageObject","inLanguage":"pt-PT","@id":"https:\/\/arabian-mood.com\/#\/schema\/logo\/image\/","url":"https:\/\/arabian-mood.com\/wp-content\/uploads\/2024\/09\/Groupe-11304.svg","contentUrl":"https:\/\/arabian-mood.com\/wp-content\/uploads\/2024\/09\/Groupe-11304.svg","width":214,"height":27,"caption":"Arabian Mood"},"image":{"@id":"https:\/\/arabian-mood.com\/#\/schema\/logo\/image\/"},"sameAs":["https:\/\/www.instagram.com\/arabianmoodofficiel\/"]}]}},"_links":{"self":[{"href":"https:\/\/arabian-mood.com\/pt\/wp-json\/wp\/v2\/product\/8373","targetHints":{"allow":["GET"]}}],"collection":[{"href":"https:\/\/arabian-mood.com\/pt\/wp-json\/wp\/v2\/product"}],"about":[{"href":"https:\/\/arabian-mood.com\/pt\/wp-json\/wp\/v2\/types\/product"}],"wp:featuredmedia":[{"embeddable":true,"href":"https:\/\/arabian-mood.com\/pt\/wp-json\/wp\/v2\/media\/8374"}],"wp:attachment":[{"href":"https:\/\/arabian-mood.com\/pt\/wp-json\/wp\/v2\/media?parent=8373"}],"wp:term":[{"taxonomy":"product_brand","embeddable":true,"href":"https:\/\/arabian-mood.com\/pt\/wp-json\/wp\/v2\/product_brand?post=8373"},{"taxonomy":"product_cat","embeddable":true,"href":"https:\/\/arabian-mood.com\/pt\/wp-json\/wp\/v2\/product_cat?post=8373"},{"taxonomy":"product_tag","embeddable":true,"href":"https:\/\/arabian-mood.com\/pt\/wp-json\/wp\/v2\/product_tag?post=8373"}],"curies":[{"name":"wp","href":"https:\/\/api.w.org\/{rel}","templated":true}]}}