{"id":8376,"date":"2024-10-19T14:09:42","date_gmt":"2024-10-19T12:09:42","guid":{"rendered":"https:\/\/arabian-mood.com\/?post_type=product&#038;p=8376"},"modified":"2025-12-03T17:05:20","modified_gmt":"2025-12-03T16:05:20","slug":"nebras-lattafa","status":"publish","type":"product","link":"https:\/\/arabian-mood.com\/pt\/produit\/nebras-lattafa\/","title":{"rendered":"Nebras \u2013 Lattafa"},"content":{"rendered":"<p>Fermez les yeux et laissez-vous emporter dans un tourbillon de sensations enivrantes. <strong>Nebras Lattafa<\/strong> fait partie de la grande famille olfactive Lattafa. Cette eau de <strong>perfume unissexo<\/strong> transcende les codes de la <strong>parfumerie traditionnelle<\/strong> pour vous plonger dans un univers olfactif unique, alliant puissance et d\u00e9licatesse.<\/p>\n<h2>Description du parfum Nebras Lattafa<\/h2>\n<p>Tr\u00e8s vite, l&#8217;intensit\u00e9 d&#8217;un accord \u00e9pic\u00e9 p\u00e9tillant nous saisit, o\u00f9 la <strong>bergamota<\/strong> e o <strong>poivre rose<\/strong> se conjuguent dans une ouverture captivante. Ces notes de t\u00eate fra\u00eeches et ensoleill\u00e9es s&#8217;harmonisent ensuite avec le c\u0153ur floral et bois\u00e9. La deuxi\u00e8me \u00e9tape de cette partition olfactive r\u00e9v\u00e8le en effet les subtils parfums de <strong>jasmim<\/strong>, de <strong>patchouli<\/strong> e de <strong>cedro<\/strong>. Enfin, la base chaleureuse de <strong>baunilha<\/strong>, de <strong>m\u00fafec<\/strong> e de <strong>v\u00e9tiver<\/strong> enveloppe le tout d&#8217;un sillage envo\u00fbtant et tenace.<\/p>\n<p>Nebras Lattafa vous fait vivre une exp\u00e9rience sensorielle hors du commun. Chaque geste de l&#8217;application, chaque respiration de son sillage, est une invitation \u00e0 explorer les moindres recoins de votre \u00e2me. Car cette cr\u00e9ation olfactive sign\u00e9e Lattafa n&#8217;a pas son pareil. Elle transcende les fronti\u00e8res du genre pour vous offrir une signature unique, \u00e0 la fois puissante et d\u00e9licate, passionn\u00e9e et enveloppante.<\/p>\n<h3>Nebras Lattafa : porte-\u00e9tendard de la parfumerie orientale<\/h3>\n<p>V\u00e9ritable hymne \u00e0 la <strong>perfumaria oriental<\/strong>, cette fragrance incarne l&#8217;excellence et le raffinement qui font la renomm\u00e9e de la maison Lattafa. Chaque note a d&#8217;ailleurs \u00e9t\u00e9 s\u00e9lectionn\u00e9e soigneusement et assembl\u00e9e pour cr\u00e9er une composition olfactive captivante, qui vous marquera \u00e0 jamais.<\/p>\n<p>Ce joyau olfactif refl\u00e8te parfaitement l&#8217;engagement de Lattafa \u00e0 offrir des exp\u00e9riences sensorielles incomparables tout comme\u00a0<a href=\"https:\/\/arabian-mood.com\/pt\/product-2\/khamrah-lattafa-eau-de-parfum\/\"><strong>Khamrah<\/strong><\/a>. Avec sa personnalit\u00e9 affirm\u00e9e et son sillage irr\u00e9sistible, ce parfum mixte s\u00e9duira aussi bien les hommes que les femmes en qu\u00eate d&#8217;une signature unique.<\/p>\n<h3>Un voyage olfactif au-del\u00e0 de l&#8217;ordinaire<\/h3>\n<p>Osez l&#8217;extraordinaire, laissez-vous donc porter par l&#8217;essence m\u00eame de Nebras Lattafa. Chaque vaporisation vous accompagne pour un voyage hors du commun, o\u00f9 les sens sont exacerb\u00e9s et les \u00e9motions lib\u00e9r\u00e9es. Un parfum qui marque les esprits et ne vous laissera pas indemne.<\/p>","protected":false},"excerpt":{"rendered":"<p><strong>Notas de Topo:<\/strong> Baies Rouges, Mandarine<\/p>\n<p><strong>Notas de Cora\u00e7\u00e3o:<\/strong> Vanille, F\u00e8ve de Cacao, Rose<\/p>\n<p><strong>Notas de Fundo:<\/strong> F\u00e8ves de Tonka, Ambre, Musc, Sucre<\/p>","protected":false},"featured_media":8377,"template":"","meta":[],"product_brand":[],"product_cat":[518,590,152,433],"product_tag":[],"class_list":{"0":"post-8376","1":"product","2":"type-product","3":"status-publish","4":"has-post-thumbnail","6":"product_cat-lattafa","7":"product_cat-parfum-dubai-mixte","8":"product_cat-mixte","9":"product_cat-parfums-de-dubai","11":"first","12":"instock","13":"purchasable","14":"product-type-simple"},"yoast_head":"<!-- This site is optimized with the Yoast SEO plugin v27.4 - https:\/\/yoast.com\/product\/yoast-seo-wordpress\/ -->\n<title>Nebras | Eau de parfum mixte 100 ml | Lattafa<\/title>\n<meta name=\"description\" content=\"Un voyage sensoriel captivant vous attend avec Nebras Lattafa, une fragrance qui m\u00e8le puissance et d\u00e9licatesse. Sillage envo\u00fbtant et signature unique.\" \/>\n<meta name=\"robots\" content=\"index, follow, max-snippet:-1, max-image-preview:large, max-video-preview:-1\" \/>\n<link rel=\"canonical\" href=\"https:\/\/arabian-mood.com\/pt\/product-2\/nebras-lattafa\/\" \/>\n<meta property=\"og:locale\" content=\"pt_PT\" \/>\n<meta property=\"og:type\" content=\"article\" \/>\n<meta property=\"og:title\" content=\"Nebras | Eau de parfum mixte 100 ml | Lattafa\" \/>\n<meta property=\"og:description\" content=\"Un voyage sensoriel captivant vous attend avec Nebras Lattafa, une fragrance qui m\u00e8le puissance et d\u00e9licatesse. Sillage envo\u00fbtant et signature unique.\" \/>\n<meta property=\"og:url\" content=\"https:\/\/arabian-mood.com\/pt\/product-2\/nebras-lattafa\/\" \/>\n<meta property=\"og:site_name\" content=\"Arabian Mood\" \/>\n<meta property=\"article:modified_time\" content=\"2025-12-03T16:05:20+00:00\" \/>\n<meta property=\"og:image\" content=\"https:\/\/arabian-mood.com\/wp-content\/uploads\/2024\/10\/nebras-lattafa.png\" \/>\n\t<meta property=\"og:image:width\" content=\"900\" \/>\n\t<meta property=\"og:image:height\" content=\"900\" \/>\n\t<meta property=\"og:image:type\" content=\"image\/png\" \/>\n<meta name=\"twitter:card\" content=\"summary_large_image\" \/>\n<meta name=\"twitter:label1\" content=\"Tempo estimado de leitura\" \/>\n\t<meta name=\"twitter:data1\" content=\"2 minutos\" \/>\n<script type=\"application\/ld+json\" class=\"yoast-schema-graph\">{\"@context\":\"https:\\\/\\\/schema.org\",\"@graph\":[{\"@type\":\"WebPage\",\"@id\":\"https:\\\/\\\/arabian-mood.com\\\/produit\\\/nebras-lattafa\\\/\",\"url\":\"https:\\\/\\\/arabian-mood.com\\\/produit\\\/nebras-lattafa\\\/\",\"name\":\"Nebras | Eau de parfum mixte 100 ml | Lattafa\",\"isPartOf\":{\"@id\":\"https:\\\/\\\/arabian-mood.com\\\/#website\"},\"primaryImageOfPage\":{\"@id\":\"https:\\\/\\\/arabian-mood.com\\\/produit\\\/nebras-lattafa\\\/#primaryimage\"},\"image\":{\"@id\":\"https:\\\/\\\/arabian-mood.com\\\/produit\\\/nebras-lattafa\\\/#primaryimage\"},\"thumbnailUrl\":\"https:\\\/\\\/arabian-mood.com\\\/wp-content\\\/uploads\\\/2024\\\/10\\\/nebras-lattafa.png\",\"datePublished\":\"2024-10-19T12:09:42+00:00\",\"dateModified\":\"2025-12-03T16:05:20+00:00\",\"description\":\"Un voyage sensoriel captivant vous attend avec Nebras Lattafa, une fragrance qui m\u00e8le puissance et d\u00e9licatesse. Sillage envo\u00fbtant et signature unique.\",\"breadcrumb\":{\"@id\":\"https:\\\/\\\/arabian-mood.com\\\/produit\\\/nebras-lattafa\\\/#breadcrumb\"},\"inLanguage\":\"pt-PT\",\"potentialAction\":[{\"@type\":\"ReadAction\",\"target\":[\"https:\\\/\\\/arabian-mood.com\\\/produit\\\/nebras-lattafa\\\/\"]}]},{\"@type\":\"ImageObject\",\"inLanguage\":\"pt-PT\",\"@id\":\"https:\\\/\\\/arabian-mood.com\\\/produit\\\/nebras-lattafa\\\/#primaryimage\",\"url\":\"https:\\\/\\\/arabian-mood.com\\\/wp-content\\\/uploads\\\/2024\\\/10\\\/nebras-lattafa.png\",\"contentUrl\":\"https:\\\/\\\/arabian-mood.com\\\/wp-content\\\/uploads\\\/2024\\\/10\\\/nebras-lattafa.png\",\"width\":900,\"height\":900,\"caption\":\"flacon du parfum Nebras Lattafa\"},{\"@type\":\"BreadcrumbList\",\"@id\":\"https:\\\/\\\/arabian-mood.com\\\/produit\\\/nebras-lattafa\\\/#breadcrumb\",\"itemListElement\":[{\"@type\":\"ListItem\",\"position\":1,\"name\":\"Accueil\",\"item\":\"https:\\\/\\\/arabian-mood.com\\\/\"},{\"@type\":\"ListItem\",\"position\":2,\"name\":\"Boutique\",\"item\":\"https:\\\/\\\/arabian-mood.com\\\/boutique\\\/\"},{\"@type\":\"ListItem\",\"position\":3,\"name\":\"Nebras &#8211; Lattafa\"}]},{\"@type\":\"WebSite\",\"@id\":\"https:\\\/\\\/arabian-mood.com\\\/#website\",\"url\":\"https:\\\/\\\/arabian-mood.com\\\/\",\"name\":\"Arabian Mood\",\"description\":\"\",\"publisher\":{\"@id\":\"https:\\\/\\\/arabian-mood.com\\\/#organization\"},\"potentialAction\":[{\"@type\":\"SearchAction\",\"target\":{\"@type\":\"EntryPoint\",\"urlTemplate\":\"https:\\\/\\\/arabian-mood.com\\\/?s={search_term_string}\"},\"query-input\":{\"@type\":\"PropertyValueSpecification\",\"valueRequired\":true,\"valueName\":\"search_term_string\"}}],\"inLanguage\":\"pt-PT\"},{\"@type\":\"Organization\",\"@id\":\"https:\\\/\\\/arabian-mood.com\\\/#organization\",\"name\":\"Arabian Mood\",\"url\":\"https:\\\/\\\/arabian-mood.com\\\/\",\"logo\":{\"@type\":\"ImageObject\",\"inLanguage\":\"pt-PT\",\"@id\":\"https:\\\/\\\/arabian-mood.com\\\/#\\\/schema\\\/logo\\\/image\\\/\",\"url\":\"https:\\\/\\\/arabian-mood.com\\\/wp-content\\\/uploads\\\/2024\\\/09\\\/Groupe-11304.svg\",\"contentUrl\":\"https:\\\/\\\/arabian-mood.com\\\/wp-content\\\/uploads\\\/2024\\\/09\\\/Groupe-11304.svg\",\"width\":214,\"height\":27,\"caption\":\"Arabian Mood\"},\"image\":{\"@id\":\"https:\\\/\\\/arabian-mood.com\\\/#\\\/schema\\\/logo\\\/image\\\/\"},\"sameAs\":[\"https:\\\/\\\/www.instagram.com\\\/arabianmoodofficiel\\\/\"]}]}<\/script>\n<!-- \/ Yoast SEO plugin. -->","yoast_head_json":{"title":"Nebras | Eau de parfum mixte 100 ml | Lattafa","description":"Un voyage sensoriel captivant vous attend avec Nebras Lattafa, une fragrance qui m\u00e8le puissance et d\u00e9licatesse. Sillage envo\u00fbtant et signature unique.","robots":{"index":"index","follow":"follow","max-snippet":"max-snippet:-1","max-image-preview":"max-image-preview:large","max-video-preview":"max-video-preview:-1"},"canonical":"https:\/\/arabian-mood.com\/pt\/product-2\/nebras-lattafa\/","og_locale":"pt_PT","og_type":"article","og_title":"Nebras | Eau de parfum mixte 100 ml | Lattafa","og_description":"Un voyage sensoriel captivant vous attend avec Nebras Lattafa, une fragrance qui m\u00e8le puissance et d\u00e9licatesse. Sillage envo\u00fbtant et signature unique.","og_url":"https:\/\/arabian-mood.com\/pt\/product-2\/nebras-lattafa\/","og_site_name":"Arabian Mood","article_modified_time":"2025-12-03T16:05:20+00:00","og_image":[{"width":900,"height":900,"url":"https:\/\/arabian-mood.com\/wp-content\/uploads\/2024\/10\/nebras-lattafa.png","type":"image\/png"}],"twitter_card":"summary_large_image","twitter_misc":{"Tempo estimado de leitura":"2 minutos"},"schema":{"@context":"https:\/\/schema.org","@graph":[{"@type":"WebPage","@id":"https:\/\/arabian-mood.com\/produit\/nebras-lattafa\/","url":"https:\/\/arabian-mood.com\/produit\/nebras-lattafa\/","name":"Nebras | Eau de parfum mixte 100 ml | Lattafa","isPartOf":{"@id":"https:\/\/arabian-mood.com\/#website"},"primaryImageOfPage":{"@id":"https:\/\/arabian-mood.com\/produit\/nebras-lattafa\/#primaryimage"},"image":{"@id":"https:\/\/arabian-mood.com\/produit\/nebras-lattafa\/#primaryimage"},"thumbnailUrl":"https:\/\/arabian-mood.com\/wp-content\/uploads\/2024\/10\/nebras-lattafa.png","datePublished":"2024-10-19T12:09:42+00:00","dateModified":"2025-12-03T16:05:20+00:00","description":"Un voyage sensoriel captivant vous attend avec Nebras Lattafa, une fragrance qui m\u00e8le puissance et d\u00e9licatesse. Sillage envo\u00fbtant et signature unique.","breadcrumb":{"@id":"https:\/\/arabian-mood.com\/produit\/nebras-lattafa\/#breadcrumb"},"inLanguage":"pt-PT","potentialAction":[{"@type":"ReadAction","target":["https:\/\/arabian-mood.com\/produit\/nebras-lattafa\/"]}]},{"@type":"ImageObject","inLanguage":"pt-PT","@id":"https:\/\/arabian-mood.com\/produit\/nebras-lattafa\/#primaryimage","url":"https:\/\/arabian-mood.com\/wp-content\/uploads\/2024\/10\/nebras-lattafa.png","contentUrl":"https:\/\/arabian-mood.com\/wp-content\/uploads\/2024\/10\/nebras-lattafa.png","width":900,"height":900,"caption":"flacon du parfum Nebras Lattafa"},{"@type":"BreadcrumbList","@id":"https:\/\/arabian-mood.com\/produit\/nebras-lattafa\/#breadcrumb","itemListElement":[{"@type":"ListItem","position":1,"name":"Accueil","item":"https:\/\/arabian-mood.com\/"},{"@type":"ListItem","position":2,"name":"Boutique","item":"https:\/\/arabian-mood.com\/boutique\/"},{"@type":"ListItem","position":3,"name":"Nebras &#8211; Lattafa"}]},{"@type":"WebSite","@id":"https:\/\/arabian-mood.com\/#website","url":"https:\/\/arabian-mood.com\/","name":"Ambiente \u00c1rabe","description":"","publisher":{"@id":"https:\/\/arabian-mood.com\/#organization"},"potentialAction":[{"@type":"SearchAction","target":{"@type":"EntryPoint","urlTemplate":"https:\/\/arabian-mood.com\/?s={search_term_string}"},"query-input":{"@type":"PropertyValueSpecification","valueRequired":true,"valueName":"search_term_string"}}],"inLanguage":"pt-PT"},{"@type":"Organization","@id":"https:\/\/arabian-mood.com\/#organization","name":"Ambiente \u00c1rabe","url":"https:\/\/arabian-mood.com\/","logo":{"@type":"ImageObject","inLanguage":"pt-PT","@id":"https:\/\/arabian-mood.com\/#\/schema\/logo\/image\/","url":"https:\/\/arabian-mood.com\/wp-content\/uploads\/2024\/09\/Groupe-11304.svg","contentUrl":"https:\/\/arabian-mood.com\/wp-content\/uploads\/2024\/09\/Groupe-11304.svg","width":214,"height":27,"caption":"Arabian Mood"},"image":{"@id":"https:\/\/arabian-mood.com\/#\/schema\/logo\/image\/"},"sameAs":["https:\/\/www.instagram.com\/arabianmoodofficiel\/"]}]}},"_links":{"self":[{"href":"https:\/\/arabian-mood.com\/pt\/wp-json\/wp\/v2\/product\/8376","targetHints":{"allow":["GET"]}}],"collection":[{"href":"https:\/\/arabian-mood.com\/pt\/wp-json\/wp\/v2\/product"}],"about":[{"href":"https:\/\/arabian-mood.com\/pt\/wp-json\/wp\/v2\/types\/product"}],"wp:featuredmedia":[{"embeddable":true,"href":"https:\/\/arabian-mood.com\/pt\/wp-json\/wp\/v2\/media\/8377"}],"wp:attachment":[{"href":"https:\/\/arabian-mood.com\/pt\/wp-json\/wp\/v2\/media?parent=8376"}],"wp:term":[{"taxonomy":"product_brand","embeddable":true,"href":"https:\/\/arabian-mood.com\/pt\/wp-json\/wp\/v2\/product_brand?post=8376"},{"taxonomy":"product_cat","embeddable":true,"href":"https:\/\/arabian-mood.com\/pt\/wp-json\/wp\/v2\/product_cat?post=8376"},{"taxonomy":"product_tag","embeddable":true,"href":"https:\/\/arabian-mood.com\/pt\/wp-json\/wp\/v2\/product_tag?post=8376"}],"curies":[{"name":"wp","href":"https:\/\/api.w.org\/{rel}","templated":true}]}}