{"id":8383,"date":"2024-10-19T16:01:19","date_gmt":"2024-10-19T14:01:19","guid":{"rendered":"https:\/\/arabian-mood.com\/?post_type=product&#038;p=8383"},"modified":"2025-06-20T13:12:24","modified_gmt":"2025-06-20T11:12:24","slug":"a-sua-confissao-lattafa","status":"publish","type":"product","link":"https:\/\/arabian-mood.com\/pt\/produit\/his-confession-lattafa\/","title":{"rendered":"A Sua Confiss\u00e3o \u2013 Lattafa"},"content":{"rendered":"<p><strong>Ambiente \u00c1rabe<\/strong> tem o prazer de apresentar <strong>A Sua Confiss\u00e3o<\/strong>, um <strong>perfume masculino<\/strong> assinado <strong>Lattafa<\/strong> que incarne a quintess\u00eancia da modernidade. Este n\u00e9ctar ousado e fascinante ir\u00e1 seduzir os homens \u00e0 procura de uma assinatura olfativa afirmada, reflexo da sua personalidade.<\/p>\n<h3>Descri\u00e7\u00e3o detalhada do perfume His Confession de Lattafa<\/h3>\n<p>A partida desta partitura olfativa come\u00e7a com um cocktail refrescante e picante de <strong>Tangerina<\/strong>, de <strong>canela<\/strong> e de <strong>lavanda<\/strong>. Esta introdu\u00e7\u00e3o revigorante capta imediatamente a aten\u00e7\u00e3o e anuncia o tom: este <strong>perfume para homem<\/strong> n\u00e3o deixar\u00e1 ningu\u00e9m indiferente.<\/p>\n<p>Depois, o cora\u00e7\u00e3o desta composi\u00e7\u00e3o desdobra-se, apresentando um quarteto constitu\u00eddo por\u2019<strong>\u00edris<\/strong>, de <strong>cipreste<\/strong>, de <strong>mah\u00f3nia<\/strong> e de <strong>benjoim<\/strong>. Esta associa\u00e7\u00e3o floral e amadeirada confere ao perfume uma verdadeira riqueza olfativa, sublimada pelas notas de fundo sensuais. A <strong>baunilha<\/strong>, a <strong>fava tonka<\/strong>, o <strong>patchouli<\/strong>, o <strong>bois\u00e9s de cedro<\/strong>, o\u2019<strong>incenso<\/strong> e o\u2019<strong>\u00e2mbar<\/strong> v\u00eam finalmente parachevar esta sinfonia olfativa. Um toque oriental e picante que deixa uma marca duradoura e memor\u00e1vel, assinatura de um perfume afirmativo.<\/p>\n<h2>His Confession de Lattafa: o perfume do homem confiante<\/h2>\n<p>Polivalente, este perfume ir\u00e1 seduzir tanto de dia como de noite. \u00c9, ali\u00e1s, o companheiro ideal para os homens que aspiram a confian\u00e7a, eleg\u00e2ncia e um toque de mist\u00e9rio. Com esta fragr\u00e2ncia audaciosa, poder\u00e3o afirmar o seu estilo e fazer uma declara\u00e7\u00e3o por onde quer que v\u00e3o. Descubra tamb\u00e9m <a href=\"https:\/\/arabian-mood.com\/pt\/product-2\/the-kingdom-men-lattafa\/\"><strong>O Reino dos Homens<\/strong><\/a>, outro <strong>perfume amadeirado<\/strong> assinado Lattafa que ir\u00e1 certamente estimular os seus sentidos at\u00e9 \u00e0 adi\u00e7\u00e3o.<\/p>\n<p>Na Arabian Mood, acreditamos que His Confession se tornar\u00e1 rapidamente um item essencial no seu\u00a0<strong>cole\u00e7\u00e3o privada<\/strong>. Deixe-se, ent\u00e3o, seduzir por este sumo cativante que combina frescura e calor para uma experi\u00eancia olfativa de exce\u00e7\u00e3o.<\/p>\n<h3>A Lattafa n\u00e3o discrimina!<\/h3>\n<p>Encontrar\u00e1 no seu <strong>perfumaria online<\/strong> prefere uma vers\u00e3o deste perfume oriental exclusivamente dedicada \u00e0s mulheres. <strong>A sua confiss\u00e3o<\/strong> As suas confiss\u00f5es s\u00e3o id\u00eanticas como duas gotas de \u00e1gua. Por isso, n\u00e3o se engane na hora de vaporizar o perfume no seu corpo.<\/p>","protected":false},"excerpt":{"rendered":"<p><strong>Notas de Topo:<\/strong> Canela, Lavanda, Mandarina<\/p>\n<p><strong>Notas de Cora\u00e7\u00e3o:<\/strong> Benjoim, \u00cdris, Mahonial, Cipreste<\/p>\n<p><strong>Notas de Fundo:<\/strong> Baunilha, Incenso, Fava de Tonca, Patchuli, Cedro, \u00c2mbar<\/p>","protected":false},"featured_media":8384,"template":"","meta":[],"product_brand":[],"product_cat":[518,152,433],"product_tag":[],"class_list":{"0":"post-8383","1":"product","2":"type-product","3":"status-publish","4":"has-post-thumbnail","6":"product_cat-lattafa","7":"product_cat-mixte","8":"product_cat-parfums-de-dubai","10":"first","11":"instock","12":"purchasable","13":"product-type-simple"},"yoast_head":"<!-- This site is optimized with the Yoast SEO plugin v27.4 - https:\/\/yoast.com\/product\/yoast-seo-wordpress\/ -->\n<title>His Confession - Lattafa<\/title>\n<meta name=\"description\" content=\"D\u00e9couvrez le parfum masculin captivant His Confession de Lattafa. Une fragrance sophistiqu\u00e9e m\u00ealant cannelle, lavande et vanille. Laissez-vous tenter !\" \/>\n<meta name=\"robots\" content=\"index, follow, max-snippet:-1, max-image-preview:large, max-video-preview:-1\" \/>\n<link rel=\"canonical\" href=\"https:\/\/arabian-mood.com\/pt\/product-2\/a-sua-confissao-lattafa\/\" \/>\n<meta property=\"og:locale\" content=\"pt_PT\" \/>\n<meta property=\"og:type\" content=\"article\" \/>\n<meta property=\"og:title\" content=\"His Confession - Lattafa\" \/>\n<meta property=\"og:description\" content=\"D\u00e9couvrez le parfum masculin captivant His Confession de Lattafa. Une fragrance sophistiqu\u00e9e m\u00ealant cannelle, lavande et vanille. Laissez-vous tenter !\" \/>\n<meta property=\"og:url\" content=\"https:\/\/arabian-mood.com\/pt\/product-2\/a-sua-confissao-lattafa\/\" \/>\n<meta property=\"og:site_name\" content=\"Arabian Mood\" \/>\n<meta property=\"article:modified_time\" content=\"2025-06-20T11:12:24+00:00\" \/>\n<meta property=\"og:image\" content=\"https:\/\/arabian-mood.com\/wp-content\/uploads\/2024\/10\/his-confession-lattafa.png\" \/>\n\t<meta property=\"og:image:width\" content=\"900\" \/>\n\t<meta property=\"og:image:height\" content=\"900\" \/>\n\t<meta property=\"og:image:type\" content=\"image\/png\" \/>\n<meta name=\"twitter:card\" content=\"summary_large_image\" \/>\n<meta name=\"twitter:label1\" content=\"Est. reading time\" \/>\n\t<meta name=\"twitter:data1\" content=\"2 minutos\" \/>\n<script type=\"application\/ld+json\" class=\"yoast-schema-graph\">{\"@context\":\"https:\\\/\\\/schema.org\",\"@graph\":[{\"@type\":\"WebPage\",\"@id\":\"https:\\\/\\\/arabian-mood.com\\\/produit\\\/his-confession-lattafa\\\/\",\"url\":\"https:\\\/\\\/arabian-mood.com\\\/produit\\\/his-confession-lattafa\\\/\",\"name\":\"His Confession - Lattafa\",\"isPartOf\":{\"@id\":\"https:\\\/\\\/arabian-mood.com\\\/#website\"},\"primaryImageOfPage\":{\"@id\":\"https:\\\/\\\/arabian-mood.com\\\/produit\\\/his-confession-lattafa\\\/#primaryimage\"},\"image\":{\"@id\":\"https:\\\/\\\/arabian-mood.com\\\/produit\\\/his-confession-lattafa\\\/#primaryimage\"},\"thumbnailUrl\":\"https:\\\/\\\/arabian-mood.com\\\/wp-content\\\/uploads\\\/2024\\\/10\\\/his-confession-lattafa.png\",\"datePublished\":\"2024-10-19T14:01:19+00:00\",\"dateModified\":\"2025-06-20T11:12:24+00:00\",\"description\":\"D\u00e9couvrez le parfum masculin captivant His Confession de Lattafa. Une fragrance sophistiqu\u00e9e m\u00ealant cannelle, lavande et vanille. Laissez-vous tenter !\",\"breadcrumb\":{\"@id\":\"https:\\\/\\\/arabian-mood.com\\\/produit\\\/his-confession-lattafa\\\/#breadcrumb\"},\"inLanguage\":\"pt-PT\",\"potentialAction\":[{\"@type\":\"ReadAction\",\"target\":[\"https:\\\/\\\/arabian-mood.com\\\/produit\\\/his-confession-lattafa\\\/\"]}]},{\"@type\":\"ImageObject\",\"inLanguage\":\"pt-PT\",\"@id\":\"https:\\\/\\\/arabian-mood.com\\\/produit\\\/his-confession-lattafa\\\/#primaryimage\",\"url\":\"https:\\\/\\\/arabian-mood.com\\\/wp-content\\\/uploads\\\/2024\\\/10\\\/his-confession-lattafa.png\",\"contentUrl\":\"https:\\\/\\\/arabian-mood.com\\\/wp-content\\\/uploads\\\/2024\\\/10\\\/his-confession-lattafa.png\",\"width\":900,\"height\":900,\"caption\":\"flacon du parfum His Confession de Lattafa\"},{\"@type\":\"BreadcrumbList\",\"@id\":\"https:\\\/\\\/arabian-mood.com\\\/produit\\\/his-confession-lattafa\\\/#breadcrumb\",\"itemListElement\":[{\"@type\":\"ListItem\",\"position\":1,\"name\":\"Accueil\",\"item\":\"https:\\\/\\\/arabian-mood.com\\\/\"},{\"@type\":\"ListItem\",\"position\":2,\"name\":\"Boutique\",\"item\":\"https:\\\/\\\/arabian-mood.com\\\/boutique\\\/\"},{\"@type\":\"ListItem\",\"position\":3,\"name\":\"His Confession &#8211; Lattafa\"}]},{\"@type\":\"WebSite\",\"@id\":\"https:\\\/\\\/arabian-mood.com\\\/#website\",\"url\":\"https:\\\/\\\/arabian-mood.com\\\/\",\"name\":\"Arabian Mood\",\"description\":\"\",\"publisher\":{\"@id\":\"https:\\\/\\\/arabian-mood.com\\\/#organization\"},\"potentialAction\":[{\"@type\":\"SearchAction\",\"target\":{\"@type\":\"EntryPoint\",\"urlTemplate\":\"https:\\\/\\\/arabian-mood.com\\\/?s={search_term_string}\"},\"query-input\":{\"@type\":\"PropertyValueSpecification\",\"valueRequired\":true,\"valueName\":\"search_term_string\"}}],\"inLanguage\":\"pt-PT\"},{\"@type\":\"Organization\",\"@id\":\"https:\\\/\\\/arabian-mood.com\\\/#organization\",\"name\":\"Arabian Mood\",\"url\":\"https:\\\/\\\/arabian-mood.com\\\/\",\"logo\":{\"@type\":\"ImageObject\",\"inLanguage\":\"pt-PT\",\"@id\":\"https:\\\/\\\/arabian-mood.com\\\/#\\\/schema\\\/logo\\\/image\\\/\",\"url\":\"https:\\\/\\\/arabian-mood.com\\\/wp-content\\\/uploads\\\/2024\\\/09\\\/Groupe-11304.svg\",\"contentUrl\":\"https:\\\/\\\/arabian-mood.com\\\/wp-content\\\/uploads\\\/2024\\\/09\\\/Groupe-11304.svg\",\"width\":214,\"height\":27,\"caption\":\"Arabian Mood\"},\"image\":{\"@id\":\"https:\\\/\\\/arabian-mood.com\\\/#\\\/schema\\\/logo\\\/image\\\/\"},\"sameAs\":[\"https:\\\/\\\/www.instagram.com\\\/arabianmoodofficiel\\\/\"]}]}<\/script>\n<!-- \/ Yoast SEO plugin. -->","yoast_head_json":{"title":"A Confiss\u00e3o Dele - Lattafa","description":"Descubra a cativante fragr\u00e2ncia masculina His Confession de Lattafa. Uma fragr\u00e2ncia sofisticada que combina canela, lavanda e baunilha. Deixe-se seduzir!","robots":{"index":"index","follow":"follow","max-snippet":"max-snippet:-1","max-image-preview":"max-image-preview:large","max-video-preview":"max-video-preview:-1"},"canonical":"https:\/\/arabian-mood.com\/pt\/product-2\/a-sua-confissao-lattafa\/","og_locale":"pt_PT","og_type":"article","og_title":"His Confession - Lattafa","og_description":"D\u00e9couvrez le parfum masculin captivant His Confession de Lattafa. Une fragrance sophistiqu\u00e9e m\u00ealant cannelle, lavande et vanille. Laissez-vous tenter !","og_url":"https:\/\/arabian-mood.com\/pt\/product-2\/a-sua-confissao-lattafa\/","og_site_name":"Arabian Mood","article_modified_time":"2025-06-20T11:12:24+00:00","og_image":[{"width":900,"height":900,"url":"https:\/\/arabian-mood.com\/wp-content\/uploads\/2024\/10\/his-confession-lattafa.png","type":"image\/png"}],"twitter_card":"summary_large_image","twitter_misc":{"Est. reading time":"2 minutos"},"schema":{"@context":"https:\/\/schema.org","@graph":[{"@type":"WebPage","@id":"https:\/\/arabian-mood.com\/produit\/his-confession-lattafa\/","url":"https:\/\/arabian-mood.com\/produit\/his-confession-lattafa\/","name":"A Confiss\u00e3o Dele - Lattafa","isPartOf":{"@id":"https:\/\/arabian-mood.com\/#website"},"primaryImageOfPage":{"@id":"https:\/\/arabian-mood.com\/produit\/his-confession-lattafa\/#primaryimage"},"image":{"@id":"https:\/\/arabian-mood.com\/produit\/his-confession-lattafa\/#primaryimage"},"thumbnailUrl":"https:\/\/arabian-mood.com\/wp-content\/uploads\/2024\/10\/his-confession-lattafa.png","datePublished":"2024-10-19T14:01:19+00:00","dateModified":"2025-06-20T11:12:24+00:00","description":"Descubra a cativante fragr\u00e2ncia masculina His Confession de Lattafa. Uma fragr\u00e2ncia sofisticada que combina canela, lavanda e baunilha. Deixe-se seduzir!","breadcrumb":{"@id":"https:\/\/arabian-mood.com\/produit\/his-confession-lattafa\/#breadcrumb"},"inLanguage":"pt-PT","potentialAction":[{"@type":"ReadAction","target":["https:\/\/arabian-mood.com\/produit\/his-confession-lattafa\/"]}]},{"@type":"ImageObject","inLanguage":"pt-PT","@id":"https:\/\/arabian-mood.com\/produit\/his-confession-lattafa\/#primaryimage","url":"https:\/\/arabian-mood.com\/wp-content\/uploads\/2024\/10\/his-confession-lattafa.png","contentUrl":"https:\/\/arabian-mood.com\/wp-content\/uploads\/2024\/10\/his-confession-lattafa.png","width":900,"height":900,"caption":"flacon du parfum His Confession de Lattafa"},{"@type":"BreadcrumbList","@id":"https:\/\/arabian-mood.com\/produit\/his-confession-lattafa\/#breadcrumb","itemListElement":[{"@type":"ListItem","position":1,"name":"Accueil","item":"https:\/\/arabian-mood.com\/"},{"@type":"ListItem","position":2,"name":"Boutique","item":"https:\/\/arabian-mood.com\/boutique\/"},{"@type":"ListItem","position":3,"name":"His Confession &#8211; Lattafa"}]},{"@type":"WebSite","@id":"https:\/\/arabian-mood.com\/#website","url":"https:\/\/arabian-mood.com\/","name":"Ambiente \u00c1rabe","description":"","publisher":{"@id":"https:\/\/arabian-mood.com\/#organization"},"potentialAction":[{"@type":"SearchAction","target":{"@type":"EntryPoint","urlTemplate":"https:\/\/arabian-mood.com\/?s={search_term_string}"},"query-input":{"@type":"PropertyValueSpecification","valueRequired":true,"valueName":"search_term_string"}}],"inLanguage":"pt-PT"},{"@type":"Organization","@id":"https:\/\/arabian-mood.com\/#organization","name":"Ambiente \u00c1rabe","url":"https:\/\/arabian-mood.com\/","logo":{"@type":"ImageObject","inLanguage":"pt-PT","@id":"https:\/\/arabian-mood.com\/#\/schema\/logo\/image\/","url":"https:\/\/arabian-mood.com\/wp-content\/uploads\/2024\/09\/Groupe-11304.svg","contentUrl":"https:\/\/arabian-mood.com\/wp-content\/uploads\/2024\/09\/Groupe-11304.svg","width":214,"height":27,"caption":"Arabian Mood"},"image":{"@id":"https:\/\/arabian-mood.com\/#\/schema\/logo\/image\/"},"sameAs":["https:\/\/www.instagram.com\/arabianmoodofficiel\/"]}]}},"_links":{"self":[{"href":"https:\/\/arabian-mood.com\/pt\/wp-json\/wp\/v2\/product\/8383","targetHints":{"allow":["GET"]}}],"collection":[{"href":"https:\/\/arabian-mood.com\/pt\/wp-json\/wp\/v2\/product"}],"about":[{"href":"https:\/\/arabian-mood.com\/pt\/wp-json\/wp\/v2\/types\/product"}],"wp:featuredmedia":[{"embeddable":true,"href":"https:\/\/arabian-mood.com\/pt\/wp-json\/wp\/v2\/media\/8384"}],"wp:attachment":[{"href":"https:\/\/arabian-mood.com\/pt\/wp-json\/wp\/v2\/media?parent=8383"}],"wp:term":[{"taxonomy":"product_brand","embeddable":true,"href":"https:\/\/arabian-mood.com\/pt\/wp-json\/wp\/v2\/product_brand?post=8383"},{"taxonomy":"product_cat","embeddable":true,"href":"https:\/\/arabian-mood.com\/pt\/wp-json\/wp\/v2\/product_cat?post=8383"},{"taxonomy":"product_tag","embeddable":true,"href":"https:\/\/arabian-mood.com\/pt\/wp-json\/wp\/v2\/product_tag?post=8383"}],"curies":[{"name":"wp","href":"https:\/\/api.w.org\/{rel}","templated":true}]}}