{"id":8801,"date":"2025-01-10T19:16:52","date_gmt":"2025-01-10T18:16:52","guid":{"rendered":"https:\/\/arabian-mood.com\/?post_type=product&#038;p=8801"},"modified":"2025-12-03T17:13:30","modified_gmt":"2025-12-03T16:13:30","slug":"kheir-felicity","status":"publish","type":"product","link":"https:\/\/arabian-mood.com\/pt\/produit\/kheir-felicity\/","title":{"rendered":"Khair Felicity \u2013 Paris Corner"},"content":{"rendered":"","protected":false},"excerpt":{"rendered":"<p><strong>NOTAS DE TOPO:<\/strong> CASSIS, FREESIA<\/p>\n<p><strong>Notas de Cora\u00e7\u00e3o:<\/strong> ROSE DE MAI, MUSC, JASMIN<\/p>\n<p><strong>NOTAS DE FUNDO:<\/strong> VANILLE, SUCRE, MUSC<\/p>","protected":false},"featured_media":8802,"template":"","meta":[],"product_brand":[],"product_cat":[590,152,433,523],"product_tag":[],"class_list":{"0":"post-8801","1":"product","2":"type-product","3":"status-publish","4":"has-post-thumbnail","6":"product_cat-parfum-dubai-mixte","7":"product_cat-mixte","8":"product_cat-parfums-de-dubai","9":"product_cat-paris-corner","11":"first","12":"instock","13":"purchasable","14":"product-type-simple"},"yoast_head":"<!-- This site is optimized with the Yoast SEO plugin v27.4 - https:\/\/yoast.com\/product\/yoast-seo-wordpress\/ -->\n<title>Khair Felicity - Paris Corner - Arabian Mood<\/title>\n<meta name=\"description\" content=\"Khair Felicity de Paris Corner ne se limite pas \u00e0 \u00eatre un parfum agr\u00e9able ;Son m\u00e9lange harmonieux de notes sucr\u00e9es et bois\u00e9es procure une sensation unique.\" \/>\n<meta name=\"robots\" content=\"index, follow, max-snippet:-1, max-image-preview:large, max-video-preview:-1\" \/>\n<link rel=\"canonical\" href=\"https:\/\/arabian-mood.com\/pt\/product-2\/kheir-felicity\/\" \/>\n<meta property=\"og:locale\" content=\"pt_PT\" \/>\n<meta property=\"og:type\" content=\"article\" \/>\n<meta property=\"og:title\" content=\"Khair Felicity - Paris Corner - Arabian Mood\" \/>\n<meta property=\"og:description\" content=\"Khair Felicity de Paris Corner ne se limite pas \u00e0 \u00eatre un parfum agr\u00e9able ;Son m\u00e9lange harmonieux de notes sucr\u00e9es et bois\u00e9es procure une sensation unique.\" \/>\n<meta property=\"og:url\" content=\"https:\/\/arabian-mood.com\/pt\/product-2\/kheir-felicity\/\" \/>\n<meta property=\"og:site_name\" content=\"Arabian Mood\" \/>\n<meta property=\"article:modified_time\" content=\"2025-12-03T16:13:30+00:00\" \/>\n<meta property=\"og:image\" content=\"https:\/\/arabian-mood.com\/wp-content\/uploads\/2025\/01\/Khair-felicity-paris-corner.png\" \/>\n\t<meta property=\"og:image:width\" content=\"600\" \/>\n\t<meta property=\"og:image:height\" content=\"600\" \/>\n\t<meta property=\"og:image:type\" content=\"image\/png\" \/>\n<meta name=\"twitter:card\" content=\"summary_large_image\" \/>\n<meta name=\"twitter:label1\" content=\"Est. reading time\" \/>\n\t<meta name=\"twitter:data1\" content=\"1 minuto\" \/>\n<script type=\"application\/ld+json\" class=\"yoast-schema-graph\">{\"@context\":\"https:\\\/\\\/schema.org\",\"@graph\":[{\"@type\":\"WebPage\",\"@id\":\"https:\\\/\\\/arabian-mood.com\\\/produit\\\/kheir-felicity\\\/\",\"url\":\"https:\\\/\\\/arabian-mood.com\\\/produit\\\/kheir-felicity\\\/\",\"name\":\"Khair Felicity - Paris Corner - Arabian Mood\",\"isPartOf\":{\"@id\":\"https:\\\/\\\/arabian-mood.com\\\/#website\"},\"primaryImageOfPage\":{\"@id\":\"https:\\\/\\\/arabian-mood.com\\\/produit\\\/kheir-felicity\\\/#primaryimage\"},\"image\":{\"@id\":\"https:\\\/\\\/arabian-mood.com\\\/produit\\\/kheir-felicity\\\/#primaryimage\"},\"thumbnailUrl\":\"https:\\\/\\\/arabian-mood.com\\\/wp-content\\\/uploads\\\/2025\\\/01\\\/Khair-felicity-paris-corner.png\",\"datePublished\":\"2025-01-10T18:16:52+00:00\",\"dateModified\":\"2025-12-03T16:13:30+00:00\",\"description\":\"Khair Felicity de Paris Corner ne se limite pas \u00e0 \u00eatre un parfum agr\u00e9able ;Son m\u00e9lange harmonieux de notes sucr\u00e9es et bois\u00e9es procure une sensation unique.\",\"breadcrumb\":{\"@id\":\"https:\\\/\\\/arabian-mood.com\\\/produit\\\/kheir-felicity\\\/#breadcrumb\"},\"inLanguage\":\"pt-PT\",\"potentialAction\":[{\"@type\":\"ReadAction\",\"target\":[\"https:\\\/\\\/arabian-mood.com\\\/produit\\\/kheir-felicity\\\/\"]}]},{\"@type\":\"ImageObject\",\"inLanguage\":\"pt-PT\",\"@id\":\"https:\\\/\\\/arabian-mood.com\\\/produit\\\/kheir-felicity\\\/#primaryimage\",\"url\":\"https:\\\/\\\/arabian-mood.com\\\/wp-content\\\/uploads\\\/2025\\\/01\\\/Khair-felicity-paris-corner.png\",\"contentUrl\":\"https:\\\/\\\/arabian-mood.com\\\/wp-content\\\/uploads\\\/2025\\\/01\\\/Khair-felicity-paris-corner.png\",\"width\":600,\"height\":600,\"caption\":\"parfum Khair Felicity\"},{\"@type\":\"BreadcrumbList\",\"@id\":\"https:\\\/\\\/arabian-mood.com\\\/produit\\\/kheir-felicity\\\/#breadcrumb\",\"itemListElement\":[{\"@type\":\"ListItem\",\"position\":1,\"name\":\"Accueil\",\"item\":\"https:\\\/\\\/arabian-mood.com\\\/\"},{\"@type\":\"ListItem\",\"position\":2,\"name\":\"Boutique\",\"item\":\"https:\\\/\\\/arabian-mood.com\\\/boutique\\\/\"},{\"@type\":\"ListItem\",\"position\":3,\"name\":\"Khair Felicity &#8211; Paris Corner\"}]},{\"@type\":\"WebSite\",\"@id\":\"https:\\\/\\\/arabian-mood.com\\\/#website\",\"url\":\"https:\\\/\\\/arabian-mood.com\\\/\",\"name\":\"Arabian Mood\",\"description\":\"\",\"publisher\":{\"@id\":\"https:\\\/\\\/arabian-mood.com\\\/#organization\"},\"potentialAction\":[{\"@type\":\"SearchAction\",\"target\":{\"@type\":\"EntryPoint\",\"urlTemplate\":\"https:\\\/\\\/arabian-mood.com\\\/?s={search_term_string}\"},\"query-input\":{\"@type\":\"PropertyValueSpecification\",\"valueRequired\":true,\"valueName\":\"search_term_string\"}}],\"inLanguage\":\"pt-PT\"},{\"@type\":\"Organization\",\"@id\":\"https:\\\/\\\/arabian-mood.com\\\/#organization\",\"name\":\"Arabian Mood\",\"url\":\"https:\\\/\\\/arabian-mood.com\\\/\",\"logo\":{\"@type\":\"ImageObject\",\"inLanguage\":\"pt-PT\",\"@id\":\"https:\\\/\\\/arabian-mood.com\\\/#\\\/schema\\\/logo\\\/image\\\/\",\"url\":\"https:\\\/\\\/arabian-mood.com\\\/wp-content\\\/uploads\\\/2024\\\/09\\\/Groupe-11304.svg\",\"contentUrl\":\"https:\\\/\\\/arabian-mood.com\\\/wp-content\\\/uploads\\\/2024\\\/09\\\/Groupe-11304.svg\",\"width\":214,\"height\":27,\"caption\":\"Arabian Mood\"},\"image\":{\"@id\":\"https:\\\/\\\/arabian-mood.com\\\/#\\\/schema\\\/logo\\\/image\\\/\"},\"sameAs\":[\"https:\\\/\\\/www.instagram.com\\\/arabianmoodofficiel\\\/\"]}]}<\/script>\n<!-- \/ Yoast SEO plugin. -->","yoast_head_json":{"title":"Khair Felicity - Paris Corner - Arabian Mood","description":"Khair Felicity de Paris Corner ne se limite pas \u00e0 \u00eatre un parfum agr\u00e9able ;Son m\u00e9lange harmonieux de notes sucr\u00e9es et bois\u00e9es procure une sensation unique.","robots":{"index":"index","follow":"follow","max-snippet":"max-snippet:-1","max-image-preview":"max-image-preview:large","max-video-preview":"max-video-preview:-1"},"canonical":"https:\/\/arabian-mood.com\/pt\/product-2\/kheir-felicity\/","og_locale":"pt_PT","og_type":"article","og_title":"Khair Felicity - Paris Corner - Arabian Mood","og_description":"Khair Felicity de Paris Corner ne se limite pas \u00e0 \u00eatre un parfum agr\u00e9able ;Son m\u00e9lange harmonieux de notes sucr\u00e9es et bois\u00e9es procure une sensation unique.","og_url":"https:\/\/arabian-mood.com\/pt\/product-2\/kheir-felicity\/","og_site_name":"Arabian Mood","article_modified_time":"2025-12-03T16:13:30+00:00","og_image":[{"width":600,"height":600,"url":"https:\/\/arabian-mood.com\/wp-content\/uploads\/2025\/01\/Khair-felicity-paris-corner.png","type":"image\/png"}],"twitter_card":"summary_large_image","twitter_misc":{"Est. reading time":"1 minuto"},"schema":{"@context":"https:\/\/schema.org","@graph":[{"@type":"WebPage","@id":"https:\/\/arabian-mood.com\/produit\/kheir-felicity\/","url":"https:\/\/arabian-mood.com\/produit\/kheir-felicity\/","name":"Khair Felicity - Paris Corner - Arabian Mood","isPartOf":{"@id":"https:\/\/arabian-mood.com\/#website"},"primaryImageOfPage":{"@id":"https:\/\/arabian-mood.com\/produit\/kheir-felicity\/#primaryimage"},"image":{"@id":"https:\/\/arabian-mood.com\/produit\/kheir-felicity\/#primaryimage"},"thumbnailUrl":"https:\/\/arabian-mood.com\/wp-content\/uploads\/2025\/01\/Khair-felicity-paris-corner.png","datePublished":"2025-01-10T18:16:52+00:00","dateModified":"2025-12-03T16:13:30+00:00","description":"Khair Felicity de Paris Corner ne se limite pas \u00e0 \u00eatre un parfum agr\u00e9able ;Son m\u00e9lange harmonieux de notes sucr\u00e9es et bois\u00e9es procure une sensation unique.","breadcrumb":{"@id":"https:\/\/arabian-mood.com\/produit\/kheir-felicity\/#breadcrumb"},"inLanguage":"pt-PT","potentialAction":[{"@type":"ReadAction","target":["https:\/\/arabian-mood.com\/produit\/kheir-felicity\/"]}]},{"@type":"ImageObject","inLanguage":"pt-PT","@id":"https:\/\/arabian-mood.com\/produit\/kheir-felicity\/#primaryimage","url":"https:\/\/arabian-mood.com\/wp-content\/uploads\/2025\/01\/Khair-felicity-paris-corner.png","contentUrl":"https:\/\/arabian-mood.com\/wp-content\/uploads\/2025\/01\/Khair-felicity-paris-corner.png","width":600,"height":600,"caption":"parfum Khair Felicity"},{"@type":"BreadcrumbList","@id":"https:\/\/arabian-mood.com\/produit\/kheir-felicity\/#breadcrumb","itemListElement":[{"@type":"ListItem","position":1,"name":"Accueil","item":"https:\/\/arabian-mood.com\/"},{"@type":"ListItem","position":2,"name":"Boutique","item":"https:\/\/arabian-mood.com\/boutique\/"},{"@type":"ListItem","position":3,"name":"Khair Felicity &#8211; Paris Corner"}]},{"@type":"WebSite","@id":"https:\/\/arabian-mood.com\/#website","url":"https:\/\/arabian-mood.com\/","name":"Ambiente \u00c1rabe","description":"","publisher":{"@id":"https:\/\/arabian-mood.com\/#organization"},"potentialAction":[{"@type":"SearchAction","target":{"@type":"EntryPoint","urlTemplate":"https:\/\/arabian-mood.com\/?s={search_term_string}"},"query-input":{"@type":"PropertyValueSpecification","valueRequired":true,"valueName":"search_term_string"}}],"inLanguage":"pt-PT"},{"@type":"Organization","@id":"https:\/\/arabian-mood.com\/#organization","name":"Ambiente \u00c1rabe","url":"https:\/\/arabian-mood.com\/","logo":{"@type":"ImageObject","inLanguage":"pt-PT","@id":"https:\/\/arabian-mood.com\/#\/schema\/logo\/image\/","url":"https:\/\/arabian-mood.com\/wp-content\/uploads\/2024\/09\/Groupe-11304.svg","contentUrl":"https:\/\/arabian-mood.com\/wp-content\/uploads\/2024\/09\/Groupe-11304.svg","width":214,"height":27,"caption":"Arabian Mood"},"image":{"@id":"https:\/\/arabian-mood.com\/#\/schema\/logo\/image\/"},"sameAs":["https:\/\/www.instagram.com\/arabianmoodofficiel\/"]}]}},"_links":{"self":[{"href":"https:\/\/arabian-mood.com\/pt\/wp-json\/wp\/v2\/product\/8801","targetHints":{"allow":["GET"]}}],"collection":[{"href":"https:\/\/arabian-mood.com\/pt\/wp-json\/wp\/v2\/product"}],"about":[{"href":"https:\/\/arabian-mood.com\/pt\/wp-json\/wp\/v2\/types\/product"}],"wp:featuredmedia":[{"embeddable":true,"href":"https:\/\/arabian-mood.com\/pt\/wp-json\/wp\/v2\/media\/8802"}],"wp:attachment":[{"href":"https:\/\/arabian-mood.com\/pt\/wp-json\/wp\/v2\/media?parent=8801"}],"wp:term":[{"taxonomy":"product_brand","embeddable":true,"href":"https:\/\/arabian-mood.com\/pt\/wp-json\/wp\/v2\/product_brand?post=8801"},{"taxonomy":"product_cat","embeddable":true,"href":"https:\/\/arabian-mood.com\/pt\/wp-json\/wp\/v2\/product_cat?post=8801"},{"taxonomy":"product_tag","embeddable":true,"href":"https:\/\/arabian-mood.com\/pt\/wp-json\/wp\/v2\/product_tag?post=8801"}],"curies":[{"name":"wp","href":"https:\/\/api.w.org\/{rel}","templated":true}]}}