{"id":8852,"date":"2025-01-22T18:15:41","date_gmt":"2025-01-22T17:15:41","guid":{"rendered":"https:\/\/arabian-mood.com\/?post_type=product&#038;p=8852"},"modified":"2026-03-17T14:50:41","modified_gmt":"2026-03-17T13:50:41","slug":"marshmallow-blush-canto-de-paris","status":"publish","type":"product","link":"https:\/\/arabian-mood.com\/pt\/produit\/marshmallow-blush-paris-corner\/","title":{"rendered":"Marshmallow Blush \u2013 Paris Corner"},"content":{"rendered":"<p>\u00c0 procura de um perfume que cheire a <strong>rebu\u00e7ado doce<\/strong> ? Aceita a tenta\u00e7\u00e3o <strong>Marshmallow Blush<\/strong> de <strong>Canto de Paris<\/strong>. A sua fragr\u00e2ncia doce e a\u00e7ucarada cheira t\u00e3o bem que d\u00e1 vontade de a usar todos os dias!<\/p>\n<h2>Marshmallow Blush: um cheiro de comer<\/h2>\n<p>No seu bonito frasco rosa pastel com toques dourados, este perfume j\u00e1 \u00e9 uma pequena maravilha de se ver. Quando o colocar na sua penteadeira, elevar\u00e1 o n\u00edvel da sua decora\u00e7\u00e3o de interiores. A pr\u00f3pria garrafa j\u00e1 nos faz querer descobrir o perfume que ela cont\u00e9m.<\/p>\n<p>Imaginem o cheiro fresco de\u00a0<strong>morangos<\/strong>, des <strong>framboesas<\/strong> e do <strong>lim\u00e3o<\/strong> que se misturam\u2026 \u00c9 exatamente assim que come\u00e7a a pir\u00e2mide olfativa desta fragr\u00e2ncia! Depois chega um toque de <strong>flor de laranjeira<\/strong> que traz suavidade e mist\u00e9rio. Mas o melhor ainda est\u00e1 para vir\u2026<\/p>\n<h3>O marshmallow, ingrediente estrela do perfume Marshmallow Blush<\/h3>\n<p>O verdadeiro amor \u00e0 primeira vista \u00e9 quando a nota de marshmallow, tamb\u00e9m presente em <a href=\"https:\/\/arabian-mood.com\/pt\/product-2\/divine-cherry-hamidi\/\"><strong>Cereja Divina<\/strong><\/a> por <strong>Hamidi<\/strong>, se revele. Misturada com o <strong>m\u00fafec<\/strong> e com um toque de rebu\u00e7ado, cria um aroma t\u00e3o agrad\u00e1vel que j\u00e1 n\u00e3o se consegue passar sem ele. Sentir\u00e1, ali\u00e1s, como se estivesse a usar uma nuvem de do\u00e7ura a\u00e7ucarada durante todo o dia!<\/p>\n<p>Depois de experimentar o Marshmallow Blush, \u00e9 imposs\u00edvel voltar atr\u00e1s. O seu\u00a0<strong>cheiro doce<\/strong>, mas n\u00e3o enjoativa, a sua do\u00e7ura que dura todo o dia, assim como o seu lado ao mesmo tempo guloso e elegante\u2026 n\u00e3o ter\u00e3o qualquer dificuldade em faz\u00ea-lo\/a cair!<\/p>\n<h3>Um toque doce bem-vindo no seu dia a dia!<\/h3>\n<p>Ainda se pergunta se este perfume \u00e9 para si? Ent\u00e3o, deixe-se conquistar! A sua fragr\u00e2ncia \u00fanica, mas tamb\u00e9m o seu frasco magn\u00edfico e o seu irresist\u00edvel aroma a marshmallow v\u00e3o conquist\u00e1-lo\/a desde a primeira vaporiza\u00e7\u00e3o.<\/p>\n<p>Destaque-se optando por um toque de do\u00e7ura suave no seu dia a dia. N\u00e3o espere mais para descobrir Marshmallow Blush. Este\u00a0<strong>perfume gourmet<\/strong> e requintado tornar-se-\u00e1 rapidamente o seu novo favorito!<\/p>","protected":false},"excerpt":{"rendered":"<p><strong>NOTAS DE TOPO:<\/strong> Morango, framboesa, lim\u00e3o<\/p>\n<p><strong>Notas de Cora\u00e7\u00e3o:<\/strong> Ambroxan, flor de laranjeira, chantilly<\/p>\n<p><strong>NOTAS DE FUNDO:<\/strong> Alm\u00edscar, marshmallow, baunilha<\/p>","protected":false},"featured_media":8853,"template":"","meta":[],"product_brand":[],"product_cat":[590,433,523],"product_tag":[],"class_list":{"0":"post-8852","1":"product","2":"type-product","3":"status-publish","4":"has-post-thumbnail","6":"product_cat-parfum-dubai-mixte","7":"product_cat-parfums-de-dubai","8":"product_cat-paris-corner","10":"first","11":"instock","12":"purchasable","13":"product-type-simple"},"yoast_head":"<!-- This site is optimized with the Yoast SEO plugin v27.4 - https:\/\/yoast.com\/product\/yoast-seo-wordpress\/ -->\n<title>Eau de parfum Marshmallow Blush - Paris Corner | Arabian Mood<\/title>\n<meta name=\"description\" content=\"Marshmallow Blush : un parfum gourmand sign\u00e9 Paris Corner aux notes de guimauve qui vous renvoient dans les bancs de l&#039;\u00e9cole.\" \/>\n<meta name=\"robots\" content=\"index, follow, max-snippet:-1, max-image-preview:large, max-video-preview:-1\" \/>\n<link rel=\"canonical\" href=\"https:\/\/arabian-mood.com\/pt\/product-2\/marshmallow-blush-canto-de-paris\/\" \/>\n<meta property=\"og:locale\" content=\"pt_PT\" \/>\n<meta property=\"og:type\" content=\"article\" \/>\n<meta property=\"og:title\" content=\"Eau de parfum Marshmallow Blush - Paris Corner | Arabian Mood\" \/>\n<meta property=\"og:description\" content=\"Marshmallow Blush : un parfum gourmand sign\u00e9 Paris Corner aux notes de guimauve qui vous renvoient dans les bancs de l&#039;\u00e9cole.\" \/>\n<meta property=\"og:url\" content=\"https:\/\/arabian-mood.com\/pt\/product-2\/marshmallow-blush-canto-de-paris\/\" \/>\n<meta property=\"og:site_name\" content=\"Arabian Mood\" \/>\n<meta property=\"article:modified_time\" content=\"2026-03-17T13:50:41+00:00\" \/>\n<meta property=\"og:image\" content=\"https:\/\/arabian-mood.com\/wp-content\/uploads\/2025\/01\/marshmallow-blush-paris-corner.png\" \/>\n\t<meta property=\"og:image:width\" content=\"600\" \/>\n\t<meta property=\"og:image:height\" content=\"600\" \/>\n\t<meta property=\"og:image:type\" content=\"image\/png\" \/>\n<meta name=\"twitter:card\" content=\"summary_large_image\" \/>\n<meta name=\"twitter:label1\" content=\"Est. reading time\" \/>\n\t<meta name=\"twitter:data1\" content=\"2 minutos\" \/>\n<script type=\"application\/ld+json\" class=\"yoast-schema-graph\">{\"@context\":\"https:\\\/\\\/schema.org\",\"@graph\":[{\"@type\":\"WebPage\",\"@id\":\"https:\\\/\\\/arabian-mood.com\\\/produit\\\/marshmallow-blush-paris-corner\\\/\",\"url\":\"https:\\\/\\\/arabian-mood.com\\\/produit\\\/marshmallow-blush-paris-corner\\\/\",\"name\":\"Eau de parfum Marshmallow Blush - Paris Corner | Arabian Mood\",\"isPartOf\":{\"@id\":\"https:\\\/\\\/arabian-mood.com\\\/#website\"},\"primaryImageOfPage\":{\"@id\":\"https:\\\/\\\/arabian-mood.com\\\/produit\\\/marshmallow-blush-paris-corner\\\/#primaryimage\"},\"image\":{\"@id\":\"https:\\\/\\\/arabian-mood.com\\\/produit\\\/marshmallow-blush-paris-corner\\\/#primaryimage\"},\"thumbnailUrl\":\"https:\\\/\\\/arabian-mood.com\\\/wp-content\\\/uploads\\\/2025\\\/01\\\/marshmallow-blush-paris-corner.png\",\"datePublished\":\"2025-01-22T17:15:41+00:00\",\"dateModified\":\"2026-03-17T13:50:41+00:00\",\"description\":\"Marshmallow Blush : un parfum gourmand sign\u00e9 Paris Corner aux notes de guimauve qui vous renvoient dans les bancs de l'\u00e9cole.\",\"breadcrumb\":{\"@id\":\"https:\\\/\\\/arabian-mood.com\\\/produit\\\/marshmallow-blush-paris-corner\\\/#breadcrumb\"},\"inLanguage\":\"pt-PT\",\"potentialAction\":[{\"@type\":\"ReadAction\",\"target\":[\"https:\\\/\\\/arabian-mood.com\\\/produit\\\/marshmallow-blush-paris-corner\\\/\"]}]},{\"@type\":\"ImageObject\",\"inLanguage\":\"pt-PT\",\"@id\":\"https:\\\/\\\/arabian-mood.com\\\/produit\\\/marshmallow-blush-paris-corner\\\/#primaryimage\",\"url\":\"https:\\\/\\\/arabian-mood.com\\\/wp-content\\\/uploads\\\/2025\\\/01\\\/marshmallow-blush-paris-corner.png\",\"contentUrl\":\"https:\\\/\\\/arabian-mood.com\\\/wp-content\\\/uploads\\\/2025\\\/01\\\/marshmallow-blush-paris-corner.png\",\"width\":600,\"height\":600,\"caption\":\"marshmallow blush Paris corner\"},{\"@type\":\"BreadcrumbList\",\"@id\":\"https:\\\/\\\/arabian-mood.com\\\/produit\\\/marshmallow-blush-paris-corner\\\/#breadcrumb\",\"itemListElement\":[{\"@type\":\"ListItem\",\"position\":1,\"name\":\"Accueil\",\"item\":\"https:\\\/\\\/arabian-mood.com\\\/\"},{\"@type\":\"ListItem\",\"position\":2,\"name\":\"Boutique\",\"item\":\"https:\\\/\\\/arabian-mood.com\\\/boutique\\\/\"},{\"@type\":\"ListItem\",\"position\":3,\"name\":\"Marshmallow Blush &#8211; Paris Corner\"}]},{\"@type\":\"WebSite\",\"@id\":\"https:\\\/\\\/arabian-mood.com\\\/#website\",\"url\":\"https:\\\/\\\/arabian-mood.com\\\/\",\"name\":\"Arabian Mood\",\"description\":\"\",\"publisher\":{\"@id\":\"https:\\\/\\\/arabian-mood.com\\\/#organization\"},\"potentialAction\":[{\"@type\":\"SearchAction\",\"target\":{\"@type\":\"EntryPoint\",\"urlTemplate\":\"https:\\\/\\\/arabian-mood.com\\\/?s={search_term_string}\"},\"query-input\":{\"@type\":\"PropertyValueSpecification\",\"valueRequired\":true,\"valueName\":\"search_term_string\"}}],\"inLanguage\":\"pt-PT\"},{\"@type\":\"Organization\",\"@id\":\"https:\\\/\\\/arabian-mood.com\\\/#organization\",\"name\":\"Arabian Mood\",\"url\":\"https:\\\/\\\/arabian-mood.com\\\/\",\"logo\":{\"@type\":\"ImageObject\",\"inLanguage\":\"pt-PT\",\"@id\":\"https:\\\/\\\/arabian-mood.com\\\/#\\\/schema\\\/logo\\\/image\\\/\",\"url\":\"https:\\\/\\\/arabian-mood.com\\\/wp-content\\\/uploads\\\/2024\\\/09\\\/Groupe-11304.svg\",\"contentUrl\":\"https:\\\/\\\/arabian-mood.com\\\/wp-content\\\/uploads\\\/2024\\\/09\\\/Groupe-11304.svg\",\"width\":214,\"height\":27,\"caption\":\"Arabian Mood\"},\"image\":{\"@id\":\"https:\\\/\\\/arabian-mood.com\\\/#\\\/schema\\\/logo\\\/image\\\/\"},\"sameAs\":[\"https:\\\/\\\/www.instagram.com\\\/arabianmoodofficiel\\\/\"]}]}<\/script>\n<!-- \/ Yoast SEO plugin. -->","yoast_head_json":{"title":"Eau de parfum Marshmallow Blush - Paris Corner | Arabian Mood","description":"Marshmallow Blush: um perfume gourmand assinado pela Paris Corner com notas de marshmallow que o remetem para os tempos de escola.","robots":{"index":"index","follow":"follow","max-snippet":"max-snippet:-1","max-image-preview":"max-image-preview:large","max-video-preview":"max-video-preview:-1"},"canonical":"https:\/\/arabian-mood.com\/pt\/product-2\/marshmallow-blush-canto-de-paris\/","og_locale":"pt_PT","og_type":"article","og_title":"Eau de parfum Marshmallow Blush - Paris Corner | Arabian Mood","og_description":"Marshmallow Blush : un parfum gourmand sign\u00e9 Paris Corner aux notes de guimauve qui vous renvoient dans les bancs de l'\u00e9cole.","og_url":"https:\/\/arabian-mood.com\/pt\/product-2\/marshmallow-blush-canto-de-paris\/","og_site_name":"Arabian Mood","article_modified_time":"2026-03-17T13:50:41+00:00","og_image":[{"width":600,"height":600,"url":"https:\/\/arabian-mood.com\/wp-content\/uploads\/2025\/01\/marshmallow-blush-paris-corner.png","type":"image\/png"}],"twitter_card":"summary_large_image","twitter_misc":{"Est. reading time":"2 minutos"},"schema":{"@context":"https:\/\/schema.org","@graph":[{"@type":"WebPage","@id":"https:\/\/arabian-mood.com\/produit\/marshmallow-blush-paris-corner\/","url":"https:\/\/arabian-mood.com\/produit\/marshmallow-blush-paris-corner\/","name":"Eau de parfum Marshmallow Blush - Paris Corner | Arabian Mood","isPartOf":{"@id":"https:\/\/arabian-mood.com\/#website"},"primaryImageOfPage":{"@id":"https:\/\/arabian-mood.com\/produit\/marshmallow-blush-paris-corner\/#primaryimage"},"image":{"@id":"https:\/\/arabian-mood.com\/produit\/marshmallow-blush-paris-corner\/#primaryimage"},"thumbnailUrl":"https:\/\/arabian-mood.com\/wp-content\/uploads\/2025\/01\/marshmallow-blush-paris-corner.png","datePublished":"2025-01-22T17:15:41+00:00","dateModified":"2026-03-17T13:50:41+00:00","description":"Marshmallow Blush: um perfume gourmand assinado pela Paris Corner com notas de marshmallow que o remetem para os tempos de escola.","breadcrumb":{"@id":"https:\/\/arabian-mood.com\/produit\/marshmallow-blush-paris-corner\/#breadcrumb"},"inLanguage":"pt-PT","potentialAction":[{"@type":"ReadAction","target":["https:\/\/arabian-mood.com\/produit\/marshmallow-blush-paris-corner\/"]}]},{"@type":"ImageObject","inLanguage":"pt-PT","@id":"https:\/\/arabian-mood.com\/produit\/marshmallow-blush-paris-corner\/#primaryimage","url":"https:\/\/arabian-mood.com\/wp-content\/uploads\/2025\/01\/marshmallow-blush-paris-corner.png","contentUrl":"https:\/\/arabian-mood.com\/wp-content\/uploads\/2025\/01\/marshmallow-blush-paris-corner.png","width":600,"height":600,"caption":"marshmallow blush Paris corner"},{"@type":"BreadcrumbList","@id":"https:\/\/arabian-mood.com\/produit\/marshmallow-blush-paris-corner\/#breadcrumb","itemListElement":[{"@type":"ListItem","position":1,"name":"Accueil","item":"https:\/\/arabian-mood.com\/"},{"@type":"ListItem","position":2,"name":"Boutique","item":"https:\/\/arabian-mood.com\/boutique\/"},{"@type":"ListItem","position":3,"name":"Marshmallow Blush &#8211; Paris Corner"}]},{"@type":"WebSite","@id":"https:\/\/arabian-mood.com\/#website","url":"https:\/\/arabian-mood.com\/","name":"Ambiente \u00c1rabe","description":"","publisher":{"@id":"https:\/\/arabian-mood.com\/#organization"},"potentialAction":[{"@type":"SearchAction","target":{"@type":"EntryPoint","urlTemplate":"https:\/\/arabian-mood.com\/?s={search_term_string}"},"query-input":{"@type":"PropertyValueSpecification","valueRequired":true,"valueName":"search_term_string"}}],"inLanguage":"pt-PT"},{"@type":"Organization","@id":"https:\/\/arabian-mood.com\/#organization","name":"Ambiente \u00c1rabe","url":"https:\/\/arabian-mood.com\/","logo":{"@type":"ImageObject","inLanguage":"pt-PT","@id":"https:\/\/arabian-mood.com\/#\/schema\/logo\/image\/","url":"https:\/\/arabian-mood.com\/wp-content\/uploads\/2024\/09\/Groupe-11304.svg","contentUrl":"https:\/\/arabian-mood.com\/wp-content\/uploads\/2024\/09\/Groupe-11304.svg","width":214,"height":27,"caption":"Arabian Mood"},"image":{"@id":"https:\/\/arabian-mood.com\/#\/schema\/logo\/image\/"},"sameAs":["https:\/\/www.instagram.com\/arabianmoodofficiel\/"]}]}},"_links":{"self":[{"href":"https:\/\/arabian-mood.com\/pt\/wp-json\/wp\/v2\/product\/8852","targetHints":{"allow":["GET"]}}],"collection":[{"href":"https:\/\/arabian-mood.com\/pt\/wp-json\/wp\/v2\/product"}],"about":[{"href":"https:\/\/arabian-mood.com\/pt\/wp-json\/wp\/v2\/types\/product"}],"wp:featuredmedia":[{"embeddable":true,"href":"https:\/\/arabian-mood.com\/pt\/wp-json\/wp\/v2\/media\/8853"}],"wp:attachment":[{"href":"https:\/\/arabian-mood.com\/pt\/wp-json\/wp\/v2\/media?parent=8852"}],"wp:term":[{"taxonomy":"product_brand","embeddable":true,"href":"https:\/\/arabian-mood.com\/pt\/wp-json\/wp\/v2\/product_brand?post=8852"},{"taxonomy":"product_cat","embeddable":true,"href":"https:\/\/arabian-mood.com\/pt\/wp-json\/wp\/v2\/product_cat?post=8852"},{"taxonomy":"product_tag","embeddable":true,"href":"https:\/\/arabian-mood.com\/pt\/wp-json\/wp\/v2\/product_tag?post=8852"}],"curies":[{"name":"wp","href":"https:\/\/api.w.org\/{rel}","templated":true}]}}