{"id":8862,"date":"2025-01-25T12:44:42","date_gmt":"2025-01-25T11:44:42","guid":{"rendered":"https:\/\/arabian-mood.com\/?post_type=product&#038;p=8862"},"modified":"2025-12-03T17:25:39","modified_gmt":"2025-12-03T16:25:39","slug":"eau-de-parfum-eclair-affaire-french-avenue","status":"publish","type":"product","link":"https:\/\/arabian-mood.com\/pt\/produit\/eau-de-parfum-eclair-affaire-french-avenue\/","title":{"rendered":"Eau de Parfum \u00c9clair Affaire \u2013 French Avenue"},"content":{"rendered":"<section class=\"elementor-section elementor-inner-section elementor-element elementor-element-bd10d66 elementor-section-boxed elementor-section-height-default elementor-section-height-default\" data-id=\"bd10d66\" data-element_type=\"section\">\n<div class=\"elementor-container elementor-column-gap-default\">\n<div class=\"elementor-column elementor-col-100 elementor-inner-column elementor-element elementor-element-40f0694\" data-id=\"40f0694\" data-element_type=\"column\">\n<div class=\"elementor-widget-wrap elementor-element-populated\">\n<div class=\"elementor-element elementor-element-0bf133f elementor-widget elementor-widget-heading\" data-id=\"0bf133f\" data-element_type=\"widget\" data-settings=\"{&quot;ee_display_conditions_enable&quot;:&quot;yes&quot;,&quot;ee_display_conditions_output&quot;:&quot;yes&quot;}\" data-widget_type=\"heading.default\">\n<div class=\"elementor-widget-container\">\n<p>&nbsp;<\/p>\n<\/div>\n<\/div>\n<\/div>\n<\/div>\n<\/div>\n<\/section>","protected":false},"excerpt":{"rendered":"<p>Notes de t\u00eate: Jasmin, Gousse de Vanille, Lait de Coco<\/p>\n<p>Notes de c\u0153ur: Caramel, Ambre, Accord Gourmand<\/p>\n<p>Notes de fond: Musc, F\u00e8ve\u00a0Tonka,\u00a0Vanille<\/p>","protected":false},"featured_media":8863,"template":"","meta":[],"product_brand":[],"product_cat":[20,590,433],"product_tag":[],"class_list":{"0":"post-8862","1":"product","2":"type-product","3":"status-publish","4":"has-post-thumbnail","6":"product_cat-french-avenue","7":"product_cat-parfum-dubai-mixte","8":"product_cat-parfums-de-dubai","10":"first","11":"instock","12":"sale","13":"taxable","14":"shipping-taxable","15":"purchasable","16":"product-type-simple"},"yoast_head":"<!-- This site is optimized with the Yoast SEO plugin v27.4 - https:\/\/yoast.com\/product\/yoast-seo-wordpress\/ -->\n<title>Eau de Parfum \u00c9clair Affaire - French Avenue - Arabian Mood<\/title>\n<meta name=\"robots\" content=\"index, follow, max-snippet:-1, max-image-preview:large, max-video-preview:-1\" \/>\n<link rel=\"canonical\" href=\"https:\/\/arabian-mood.com\/pt\/product-2\/eau-de-parfum-eclair-affaire-french-avenue\/\" \/>\n<meta property=\"og:locale\" content=\"pt_PT\" \/>\n<meta property=\"og:type\" content=\"article\" \/>\n<meta property=\"og:title\" content=\"Eau de Parfum \u00c9clair Affaire - French Avenue - Arabian Mood\" \/>\n<meta property=\"og:description\" content=\"Notes de t\u00eate: Jasmin, Gousse de Vanille, Lait de Coco  Notes de c\u0153ur: Caramel, Ambre, Accord Gourmand  Notes de fond: Musc, F\u00e8ve\u00a0Tonka,\u00a0Vanille\" \/>\n<meta property=\"og:url\" content=\"https:\/\/arabian-mood.com\/pt\/product-2\/eau-de-parfum-eclair-affaire-french-avenue\/\" \/>\n<meta property=\"og:site_name\" content=\"Arabian Mood\" \/>\n<meta property=\"article:modified_time\" content=\"2025-12-03T16:25:39+00:00\" \/>\n<meta property=\"og:image\" content=\"https:\/\/arabian-mood.com\/wp-content\/uploads\/2025\/01\/WhatsAppImage2025-01-07at15.49.42-Photoroom.jpg\" \/>\n\t<meta property=\"og:image:width\" content=\"713\" \/>\n\t<meta property=\"og:image:height\" content=\"742\" \/>\n\t<meta property=\"og:image:type\" content=\"image\/jpeg\" \/>\n<meta name=\"twitter:card\" content=\"summary_large_image\" \/>\n<meta name=\"twitter:label1\" content=\"Tempo estimado de leitura\" \/>\n\t<meta name=\"twitter:data1\" content=\"1 minuto\" \/>\n<script type=\"application\/ld+json\" class=\"yoast-schema-graph\">{\"@context\":\"https:\\\/\\\/schema.org\",\"@graph\":[{\"@type\":\"WebPage\",\"@id\":\"https:\\\/\\\/arabian-mood.com\\\/produit\\\/eau-de-parfum-eclair-affaire-french-avenue\\\/\",\"url\":\"https:\\\/\\\/arabian-mood.com\\\/produit\\\/eau-de-parfum-eclair-affaire-french-avenue\\\/\",\"name\":\"Eau de Parfum \u00c9clair Affaire - French Avenue - Arabian Mood\",\"isPartOf\":{\"@id\":\"https:\\\/\\\/arabian-mood.com\\\/#website\"},\"primaryImageOfPage\":{\"@id\":\"https:\\\/\\\/arabian-mood.com\\\/produit\\\/eau-de-parfum-eclair-affaire-french-avenue\\\/#primaryimage\"},\"image\":{\"@id\":\"https:\\\/\\\/arabian-mood.com\\\/produit\\\/eau-de-parfum-eclair-affaire-french-avenue\\\/#primaryimage\"},\"thumbnailUrl\":\"https:\\\/\\\/arabian-mood.com\\\/wp-content\\\/uploads\\\/2025\\\/01\\\/WhatsAppImage2025-01-07at15.49.42-Photoroom.jpg\",\"datePublished\":\"2025-01-25T11:44:42+00:00\",\"dateModified\":\"2025-12-03T16:25:39+00:00\",\"breadcrumb\":{\"@id\":\"https:\\\/\\\/arabian-mood.com\\\/produit\\\/eau-de-parfum-eclair-affaire-french-avenue\\\/#breadcrumb\"},\"inLanguage\":\"pt-PT\",\"potentialAction\":[{\"@type\":\"ReadAction\",\"target\":[\"https:\\\/\\\/arabian-mood.com\\\/produit\\\/eau-de-parfum-eclair-affaire-french-avenue\\\/\"]}]},{\"@type\":\"ImageObject\",\"inLanguage\":\"pt-PT\",\"@id\":\"https:\\\/\\\/arabian-mood.com\\\/produit\\\/eau-de-parfum-eclair-affaire-french-avenue\\\/#primaryimage\",\"url\":\"https:\\\/\\\/arabian-mood.com\\\/wp-content\\\/uploads\\\/2025\\\/01\\\/WhatsAppImage2025-01-07at15.49.42-Photoroom.jpg\",\"contentUrl\":\"https:\\\/\\\/arabian-mood.com\\\/wp-content\\\/uploads\\\/2025\\\/01\\\/WhatsAppImage2025-01-07at15.49.42-Photoroom.jpg\",\"width\":713,\"height\":742,\"caption\":\"Eclair affaire Franch Avenue\"},{\"@type\":\"BreadcrumbList\",\"@id\":\"https:\\\/\\\/arabian-mood.com\\\/produit\\\/eau-de-parfum-eclair-affaire-french-avenue\\\/#breadcrumb\",\"itemListElement\":[{\"@type\":\"ListItem\",\"position\":1,\"name\":\"Accueil\",\"item\":\"https:\\\/\\\/arabian-mood.com\\\/\"},{\"@type\":\"ListItem\",\"position\":2,\"name\":\"Boutique\",\"item\":\"https:\\\/\\\/arabian-mood.com\\\/boutique\\\/\"},{\"@type\":\"ListItem\",\"position\":3,\"name\":\"Eau de Parfum \u00c9clair Affaire &#8211; French Avenue\"}]},{\"@type\":\"WebSite\",\"@id\":\"https:\\\/\\\/arabian-mood.com\\\/#website\",\"url\":\"https:\\\/\\\/arabian-mood.com\\\/\",\"name\":\"Arabian Mood\",\"description\":\"\",\"publisher\":{\"@id\":\"https:\\\/\\\/arabian-mood.com\\\/#organization\"},\"potentialAction\":[{\"@type\":\"SearchAction\",\"target\":{\"@type\":\"EntryPoint\",\"urlTemplate\":\"https:\\\/\\\/arabian-mood.com\\\/?s={search_term_string}\"},\"query-input\":{\"@type\":\"PropertyValueSpecification\",\"valueRequired\":true,\"valueName\":\"search_term_string\"}}],\"inLanguage\":\"pt-PT\"},{\"@type\":\"Organization\",\"@id\":\"https:\\\/\\\/arabian-mood.com\\\/#organization\",\"name\":\"Arabian Mood\",\"url\":\"https:\\\/\\\/arabian-mood.com\\\/\",\"logo\":{\"@type\":\"ImageObject\",\"inLanguage\":\"pt-PT\",\"@id\":\"https:\\\/\\\/arabian-mood.com\\\/#\\\/schema\\\/logo\\\/image\\\/\",\"url\":\"https:\\\/\\\/arabian-mood.com\\\/wp-content\\\/uploads\\\/2024\\\/09\\\/Groupe-11304.svg\",\"contentUrl\":\"https:\\\/\\\/arabian-mood.com\\\/wp-content\\\/uploads\\\/2024\\\/09\\\/Groupe-11304.svg\",\"width\":214,\"height\":27,\"caption\":\"Arabian Mood\"},\"image\":{\"@id\":\"https:\\\/\\\/arabian-mood.com\\\/#\\\/schema\\\/logo\\\/image\\\/\"},\"sameAs\":[\"https:\\\/\\\/www.instagram.com\\\/arabianmoodofficiel\\\/\"]}]}<\/script>\n<!-- \/ Yoast SEO plugin. -->","yoast_head_json":{"title":"Eau de Parfum \u00c9clair Affaire - French Avenue - Arabian Mood","robots":{"index":"index","follow":"follow","max-snippet":"max-snippet:-1","max-image-preview":"max-image-preview:large","max-video-preview":"max-video-preview:-1"},"canonical":"https:\/\/arabian-mood.com\/pt\/product-2\/eau-de-parfum-eclair-affaire-french-avenue\/","og_locale":"pt_PT","og_type":"article","og_title":"Eau de Parfum \u00c9clair Affaire - French Avenue - Arabian Mood","og_description":"Notes de t\u00eate: Jasmin, Gousse de Vanille, Lait de Coco  Notes de c\u0153ur: Caramel, Ambre, Accord Gourmand  Notes de fond: Musc, F\u00e8ve\u00a0Tonka,\u00a0Vanille","og_url":"https:\/\/arabian-mood.com\/pt\/product-2\/eau-de-parfum-eclair-affaire-french-avenue\/","og_site_name":"Arabian Mood","article_modified_time":"2025-12-03T16:25:39+00:00","og_image":[{"width":713,"height":742,"url":"https:\/\/arabian-mood.com\/wp-content\/uploads\/2025\/01\/WhatsAppImage2025-01-07at15.49.42-Photoroom.jpg","type":"image\/jpeg"}],"twitter_card":"summary_large_image","twitter_misc":{"Tempo estimado de leitura":"1 minuto"},"schema":{"@context":"https:\/\/schema.org","@graph":[{"@type":"WebPage","@id":"https:\/\/arabian-mood.com\/produit\/eau-de-parfum-eclair-affaire-french-avenue\/","url":"https:\/\/arabian-mood.com\/produit\/eau-de-parfum-eclair-affaire-french-avenue\/","name":"Eau de Parfum \u00c9clair Affaire - French Avenue - Arabian Mood","isPartOf":{"@id":"https:\/\/arabian-mood.com\/#website"},"primaryImageOfPage":{"@id":"https:\/\/arabian-mood.com\/produit\/eau-de-parfum-eclair-affaire-french-avenue\/#primaryimage"},"image":{"@id":"https:\/\/arabian-mood.com\/produit\/eau-de-parfum-eclair-affaire-french-avenue\/#primaryimage"},"thumbnailUrl":"https:\/\/arabian-mood.com\/wp-content\/uploads\/2025\/01\/WhatsAppImage2025-01-07at15.49.42-Photoroom.jpg","datePublished":"2025-01-25T11:44:42+00:00","dateModified":"2025-12-03T16:25:39+00:00","breadcrumb":{"@id":"https:\/\/arabian-mood.com\/produit\/eau-de-parfum-eclair-affaire-french-avenue\/#breadcrumb"},"inLanguage":"pt-PT","potentialAction":[{"@type":"ReadAction","target":["https:\/\/arabian-mood.com\/produit\/eau-de-parfum-eclair-affaire-french-avenue\/"]}]},{"@type":"ImageObject","inLanguage":"pt-PT","@id":"https:\/\/arabian-mood.com\/produit\/eau-de-parfum-eclair-affaire-french-avenue\/#primaryimage","url":"https:\/\/arabian-mood.com\/wp-content\/uploads\/2025\/01\/WhatsAppImage2025-01-07at15.49.42-Photoroom.jpg","contentUrl":"https:\/\/arabian-mood.com\/wp-content\/uploads\/2025\/01\/WhatsAppImage2025-01-07at15.49.42-Photoroom.jpg","width":713,"height":742,"caption":"Eclair affaire Franch Avenue"},{"@type":"BreadcrumbList","@id":"https:\/\/arabian-mood.com\/produit\/eau-de-parfum-eclair-affaire-french-avenue\/#breadcrumb","itemListElement":[{"@type":"ListItem","position":1,"name":"Accueil","item":"https:\/\/arabian-mood.com\/"},{"@type":"ListItem","position":2,"name":"Boutique","item":"https:\/\/arabian-mood.com\/boutique\/"},{"@type":"ListItem","position":3,"name":"Eau de Parfum \u00c9clair Affaire &#8211; French Avenue"}]},{"@type":"WebSite","@id":"https:\/\/arabian-mood.com\/#website","url":"https:\/\/arabian-mood.com\/","name":"Ambiente \u00c1rabe","description":"","publisher":{"@id":"https:\/\/arabian-mood.com\/#organization"},"potentialAction":[{"@type":"SearchAction","target":{"@type":"EntryPoint","urlTemplate":"https:\/\/arabian-mood.com\/?s={search_term_string}"},"query-input":{"@type":"PropertyValueSpecification","valueRequired":true,"valueName":"search_term_string"}}],"inLanguage":"pt-PT"},{"@type":"Organization","@id":"https:\/\/arabian-mood.com\/#organization","name":"Ambiente \u00c1rabe","url":"https:\/\/arabian-mood.com\/","logo":{"@type":"ImageObject","inLanguage":"pt-PT","@id":"https:\/\/arabian-mood.com\/#\/schema\/logo\/image\/","url":"https:\/\/arabian-mood.com\/wp-content\/uploads\/2024\/09\/Groupe-11304.svg","contentUrl":"https:\/\/arabian-mood.com\/wp-content\/uploads\/2024\/09\/Groupe-11304.svg","width":214,"height":27,"caption":"Arabian Mood"},"image":{"@id":"https:\/\/arabian-mood.com\/#\/schema\/logo\/image\/"},"sameAs":["https:\/\/www.instagram.com\/arabianmoodofficiel\/"]}]}},"_links":{"self":[{"href":"https:\/\/arabian-mood.com\/pt\/wp-json\/wp\/v2\/product\/8862","targetHints":{"allow":["GET"]}}],"collection":[{"href":"https:\/\/arabian-mood.com\/pt\/wp-json\/wp\/v2\/product"}],"about":[{"href":"https:\/\/arabian-mood.com\/pt\/wp-json\/wp\/v2\/types\/product"}],"wp:featuredmedia":[{"embeddable":true,"href":"https:\/\/arabian-mood.com\/pt\/wp-json\/wp\/v2\/media\/8863"}],"wp:attachment":[{"href":"https:\/\/arabian-mood.com\/pt\/wp-json\/wp\/v2\/media?parent=8862"}],"wp:term":[{"taxonomy":"product_brand","embeddable":true,"href":"https:\/\/arabian-mood.com\/pt\/wp-json\/wp\/v2\/product_brand?post=8862"},{"taxonomy":"product_cat","embeddable":true,"href":"https:\/\/arabian-mood.com\/pt\/wp-json\/wp\/v2\/product_cat?post=8862"},{"taxonomy":"product_tag","embeddable":true,"href":"https:\/\/arabian-mood.com\/pt\/wp-json\/wp\/v2\/product_tag?post=8862"}],"curies":[{"name":"wp","href":"https:\/\/api.w.org\/{rel}","templated":true}]}}