{"id":9212,"date":"2025-04-14T22:36:19","date_gmt":"2025-04-14T20:36:19","guid":{"rendered":"https:\/\/arabian-mood.com\/?post_type=product&#038;p=9212"},"modified":"2025-12-03T17:01:17","modified_gmt":"2025-12-03T16:01:17","slug":"eau-de-parfum-atheeri-lattafa","status":"publish","type":"product","link":"https:\/\/arabian-mood.com\/pt\/produit\/eau-de-parfum-atheeri-lattafa\/","title":{"rendered":"Eau de Parfum Atheeri 100 ml \u2013 Lattafa"},"content":{"rendered":"<p data-pm-slice=\"0 0 []\"><strong>Atheeri Lattafa<\/strong> oferece uma experi\u00eancia olfativa floral e gulosa, ideal para quem procura uma <strong>fragr\u00e2ncia feminina<\/strong> e leve ao mesmo tempo, para usar no dia a dia.<\/p>\n<h2>Descri\u00e7\u00e3o de Atheeri Lattafa<\/h2>\n<p>Ao primeiro contacto, Atheeri liberta notas frescas que evocam o orvalho da manh\u00e3, delicadamente enriquecidas pela <strong>passiflora<\/strong>. Este come\u00e7o leve traz um verdadeiro contraste com os <strong>perfumes orientais<\/strong> mais poderosos.<\/p>\n<p>No cora\u00e7\u00e3o de Atheeri Lattafa, a\u2019<strong>orqu\u00eddea<\/strong> e o <strong>jasmim<\/strong> encontram-se para criar um dueto floral elegante. Estas flores brancas conferem uma eleg\u00e2ncia natural sem nunca descambar para o excesso. \u00c9 esta harmonia que faz a assinatura particular deste perfume.<\/p>\n<p>Finalmente, esta partitura termina com a\u00a0<strong>baunilha<\/strong> e o <strong>bois d\u2019ambre<\/strong>. A Lattafa encontrou a dose certa para estas notas gourmandes, evitando o lado demasiado doce que se encontra em muitos perfumes semelhantes no mercado.<\/p>\n<h3>As performances de Atheeri Lattafa<\/h3>\n<p>As utilizadoras de Atheeri apreciam a sua fixa\u00e7\u00e3o na pele. Uma aplica\u00e7\u00e3o de manh\u00e3 permanece percet\u00edvel at\u00e9 ao final do dia sem necessitar de retoques constantes. A sua estela \u00e9 presente mas discreta, tornando-o um perfume ideal para cada uma das suas ocasi\u00f5es, mesmo as mais importantes.<\/p>\n<p>Porque n\u00e3o cansa os sentidos, n\u00e3o ter\u00e1 qualquer dificuldade em utiliz\u00e1-lo todos os dias. Ali\u00e1s, os elogios n\u00e3o v\u00e3o parar de chover. Com as suas numerosas qualidades, Atheeri Lattafa tem tudo para conhecer um sucesso compar\u00e1vel a\u00a0<a href=\"https:\/\/arabian-mood.com\/pt\/product-2\/mayar\/\"><strong>Maia<\/strong><\/a>.<\/p>\n<p>Proposto a um pre\u00e7o acess\u00edvel, este\u00a0<strong>perfume oriental para senhora<\/strong> representa uma excelente rela\u00e7\u00e3o qualidade-pre\u00e7o no universo dos perfumes orientais. O frasco simples, mas funcional, cont\u00e9m 100 ml de perfume. Garante, assim, v\u00e1rios meses de utiliza\u00e7\u00e3o, mesmo com aplica\u00e7\u00e3o di\u00e1ria.<\/p>\n<h3>Um perfume feminino cheio de potencial<\/h3>\n<p>Atheeri Lattafa prepara-se para ado\u00e7ar o seu quotidiano. Poder\u00e1 us\u00e1-lo tanto na primavera como no ver\u00e3o. Descubra sem demora este <strong>fragr\u00e2ncia floral<\/strong> gourmet a um pre\u00e7o mais do que justo.<\/p>","protected":false},"excerpt":{"rendered":"<p><strong>Notas de topo:<\/strong> Maracuj\u00e1, Gota de orvalho.<\/p>\n<p><strong>Notas de cora\u00e7\u00e3o:<\/strong> Orqu\u00eddea, Jasmim.<\/p>\n<p><strong>Notas de fundo:<\/strong> Baunilha, Madeira de \u00e2mbar.<\/p>","protected":false},"featured_media":9213,"template":"","meta":[],"product_brand":[],"product_cat":[518,590,152,433],"product_tag":[],"class_list":{"0":"post-9212","1":"product","2":"type-product","3":"status-publish","4":"has-post-thumbnail","6":"product_cat-lattafa","7":"product_cat-parfum-dubai-mixte","8":"product_cat-mixte","9":"product_cat-parfums-de-dubai","11":"first","12":"instock","13":"taxable","14":"shipping-taxable","15":"purchasable","16":"product-type-simple"},"yoast_head":"<!-- This site is optimized with the Yoast SEO plugin v27.4 - https:\/\/yoast.com\/product\/yoast-seo-wordpress\/ -->\n<title>Eau de parfum Atheeri 100 ml - Lattafa<\/title>\n<meta name=\"description\" content=\"D\u00e9couvrez en exclusivit\u00e9 dans votre parfumerie orientale Atheeri Lattafa, un nouveau parfum de Duba\u00ef pour femmes \u00e0 la fois doux et floral.\" \/>\n<meta name=\"robots\" content=\"index, follow, max-snippet:-1, max-image-preview:large, max-video-preview:-1\" \/>\n<link rel=\"canonical\" href=\"https:\/\/arabian-mood.com\/pt\/product-2\/eau-de-parfum-atheeri-lattafa\/\" \/>\n<meta property=\"og:locale\" content=\"pt_PT\" \/>\n<meta property=\"og:type\" content=\"article\" \/>\n<meta property=\"og:title\" content=\"Eau de parfum Atheeri 100 ml - Lattafa\" \/>\n<meta property=\"og:description\" content=\"D\u00e9couvrez en exclusivit\u00e9 dans votre parfumerie orientale Atheeri Lattafa, un nouveau parfum de Duba\u00ef pour femmes \u00e0 la fois doux et floral.\" \/>\n<meta property=\"og:url\" content=\"https:\/\/arabian-mood.com\/pt\/product-2\/eau-de-parfum-atheeri-lattafa\/\" \/>\n<meta property=\"og:site_name\" content=\"Arabian Mood\" \/>\n<meta property=\"article:modified_time\" content=\"2025-12-03T16:01:17+00:00\" \/>\n<meta property=\"og:image\" content=\"https:\/\/arabian-mood.com\/wp-content\/uploads\/2025\/04\/1_180fa5fd-3bea-42bf-82be-89d0cae0c5fd.jpg\" \/>\n\t<meta property=\"og:image:width\" content=\"600\" \/>\n\t<meta property=\"og:image:height\" content=\"600\" \/>\n\t<meta property=\"og:image:type\" content=\"image\/jpeg\" \/>\n<meta name=\"twitter:card\" content=\"summary_large_image\" \/>\n<meta name=\"twitter:label1\" content=\"Est. reading time\" \/>\n\t<meta name=\"twitter:data1\" content=\"2 minutos\" \/>\n<script type=\"application\/ld+json\" class=\"yoast-schema-graph\">{\"@context\":\"https:\\\/\\\/schema.org\",\"@graph\":[{\"@type\":\"WebPage\",\"@id\":\"https:\\\/\\\/arabian-mood.com\\\/produit\\\/eau-de-parfum-atheeri-lattafa\\\/\",\"url\":\"https:\\\/\\\/arabian-mood.com\\\/produit\\\/eau-de-parfum-atheeri-lattafa\\\/\",\"name\":\"Eau de parfum Atheeri 100 ml - Lattafa\",\"isPartOf\":{\"@id\":\"https:\\\/\\\/arabian-mood.com\\\/#website\"},\"primaryImageOfPage\":{\"@id\":\"https:\\\/\\\/arabian-mood.com\\\/produit\\\/eau-de-parfum-atheeri-lattafa\\\/#primaryimage\"},\"image\":{\"@id\":\"https:\\\/\\\/arabian-mood.com\\\/produit\\\/eau-de-parfum-atheeri-lattafa\\\/#primaryimage\"},\"thumbnailUrl\":\"https:\\\/\\\/arabian-mood.com\\\/wp-content\\\/uploads\\\/2025\\\/04\\\/1_180fa5fd-3bea-42bf-82be-89d0cae0c5fd.jpg\",\"datePublished\":\"2025-04-14T20:36:19+00:00\",\"dateModified\":\"2025-12-03T16:01:17+00:00\",\"description\":\"D\u00e9couvrez en exclusivit\u00e9 dans votre parfumerie orientale Atheeri Lattafa, un nouveau parfum de Duba\u00ef pour femmes \u00e0 la fois doux et floral.\",\"breadcrumb\":{\"@id\":\"https:\\\/\\\/arabian-mood.com\\\/produit\\\/eau-de-parfum-atheeri-lattafa\\\/#breadcrumb\"},\"inLanguage\":\"pt-PT\",\"potentialAction\":[{\"@type\":\"ReadAction\",\"target\":[\"https:\\\/\\\/arabian-mood.com\\\/produit\\\/eau-de-parfum-atheeri-lattafa\\\/\"]}]},{\"@type\":\"ImageObject\",\"inLanguage\":\"pt-PT\",\"@id\":\"https:\\\/\\\/arabian-mood.com\\\/produit\\\/eau-de-parfum-atheeri-lattafa\\\/#primaryimage\",\"url\":\"https:\\\/\\\/arabian-mood.com\\\/wp-content\\\/uploads\\\/2025\\\/04\\\/1_180fa5fd-3bea-42bf-82be-89d0cae0c5fd.jpg\",\"contentUrl\":\"https:\\\/\\\/arabian-mood.com\\\/wp-content\\\/uploads\\\/2025\\\/04\\\/1_180fa5fd-3bea-42bf-82be-89d0cae0c5fd.jpg\",\"width\":600,\"height\":600,\"caption\":\"Atheeri Lattafa\"},{\"@type\":\"BreadcrumbList\",\"@id\":\"https:\\\/\\\/arabian-mood.com\\\/produit\\\/eau-de-parfum-atheeri-lattafa\\\/#breadcrumb\",\"itemListElement\":[{\"@type\":\"ListItem\",\"position\":1,\"name\":\"Accueil\",\"item\":\"https:\\\/\\\/arabian-mood.com\\\/\"},{\"@type\":\"ListItem\",\"position\":2,\"name\":\"Boutique\",\"item\":\"https:\\\/\\\/arabian-mood.com\\\/boutique\\\/\"},{\"@type\":\"ListItem\",\"position\":3,\"name\":\"Eau de parfum Atheeri 100 ml &#8211; Lattafa\"}]},{\"@type\":\"WebSite\",\"@id\":\"https:\\\/\\\/arabian-mood.com\\\/#website\",\"url\":\"https:\\\/\\\/arabian-mood.com\\\/\",\"name\":\"Arabian Mood\",\"description\":\"\",\"publisher\":{\"@id\":\"https:\\\/\\\/arabian-mood.com\\\/#organization\"},\"potentialAction\":[{\"@type\":\"SearchAction\",\"target\":{\"@type\":\"EntryPoint\",\"urlTemplate\":\"https:\\\/\\\/arabian-mood.com\\\/?s={search_term_string}\"},\"query-input\":{\"@type\":\"PropertyValueSpecification\",\"valueRequired\":true,\"valueName\":\"search_term_string\"}}],\"inLanguage\":\"pt-PT\"},{\"@type\":\"Organization\",\"@id\":\"https:\\\/\\\/arabian-mood.com\\\/#organization\",\"name\":\"Arabian Mood\",\"url\":\"https:\\\/\\\/arabian-mood.com\\\/\",\"logo\":{\"@type\":\"ImageObject\",\"inLanguage\":\"pt-PT\",\"@id\":\"https:\\\/\\\/arabian-mood.com\\\/#\\\/schema\\\/logo\\\/image\\\/\",\"url\":\"https:\\\/\\\/arabian-mood.com\\\/wp-content\\\/uploads\\\/2024\\\/09\\\/Groupe-11304.svg\",\"contentUrl\":\"https:\\\/\\\/arabian-mood.com\\\/wp-content\\\/uploads\\\/2024\\\/09\\\/Groupe-11304.svg\",\"width\":214,\"height\":27,\"caption\":\"Arabian Mood\"},\"image\":{\"@id\":\"https:\\\/\\\/arabian-mood.com\\\/#\\\/schema\\\/logo\\\/image\\\/\"},\"sameAs\":[\"https:\\\/\\\/www.instagram.com\\\/arabianmoodofficiel\\\/\"]}]}<\/script>\n<!-- \/ Yoast SEO plugin. -->","yoast_head_json":{"title":"Eau de parfum Atheeri 100 ml - Lattafa","description":"Descubra em exclusivo na sua perfumaria oriental Atheeri Lattafa, uma nova fragr\u00e2ncia de Dubai para mulheres, simultaneamente suave e floral.","robots":{"index":"index","follow":"follow","max-snippet":"max-snippet:-1","max-image-preview":"max-image-preview:large","max-video-preview":"max-video-preview:-1"},"canonical":"https:\/\/arabian-mood.com\/pt\/product-2\/eau-de-parfum-atheeri-lattafa\/","og_locale":"pt_PT","og_type":"article","og_title":"Eau de parfum Atheeri 100 ml - Lattafa","og_description":"D\u00e9couvrez en exclusivit\u00e9 dans votre parfumerie orientale Atheeri Lattafa, un nouveau parfum de Duba\u00ef pour femmes \u00e0 la fois doux et floral.","og_url":"https:\/\/arabian-mood.com\/pt\/product-2\/eau-de-parfum-atheeri-lattafa\/","og_site_name":"Arabian Mood","article_modified_time":"2025-12-03T16:01:17+00:00","og_image":[{"width":600,"height":600,"url":"https:\/\/arabian-mood.com\/wp-content\/uploads\/2025\/04\/1_180fa5fd-3bea-42bf-82be-89d0cae0c5fd.jpg","type":"image\/jpeg"}],"twitter_card":"summary_large_image","twitter_misc":{"Est. reading time":"2 minutos"},"schema":{"@context":"https:\/\/schema.org","@graph":[{"@type":"WebPage","@id":"https:\/\/arabian-mood.com\/produit\/eau-de-parfum-atheeri-lattafa\/","url":"https:\/\/arabian-mood.com\/produit\/eau-de-parfum-atheeri-lattafa\/","name":"Eau de parfum Atheeri 100 ml - Lattafa","isPartOf":{"@id":"https:\/\/arabian-mood.com\/#website"},"primaryImageOfPage":{"@id":"https:\/\/arabian-mood.com\/produit\/eau-de-parfum-atheeri-lattafa\/#primaryimage"},"image":{"@id":"https:\/\/arabian-mood.com\/produit\/eau-de-parfum-atheeri-lattafa\/#primaryimage"},"thumbnailUrl":"https:\/\/arabian-mood.com\/wp-content\/uploads\/2025\/04\/1_180fa5fd-3bea-42bf-82be-89d0cae0c5fd.jpg","datePublished":"2025-04-14T20:36:19+00:00","dateModified":"2025-12-03T16:01:17+00:00","description":"Descubra em exclusivo na sua perfumaria oriental Atheeri Lattafa, uma nova fragr\u00e2ncia de Dubai para mulheres, simultaneamente suave e floral.","breadcrumb":{"@id":"https:\/\/arabian-mood.com\/produit\/eau-de-parfum-atheeri-lattafa\/#breadcrumb"},"inLanguage":"pt-PT","potentialAction":[{"@type":"ReadAction","target":["https:\/\/arabian-mood.com\/produit\/eau-de-parfum-atheeri-lattafa\/"]}]},{"@type":"ImageObject","inLanguage":"pt-PT","@id":"https:\/\/arabian-mood.com\/produit\/eau-de-parfum-atheeri-lattafa\/#primaryimage","url":"https:\/\/arabian-mood.com\/wp-content\/uploads\/2025\/04\/1_180fa5fd-3bea-42bf-82be-89d0cae0c5fd.jpg","contentUrl":"https:\/\/arabian-mood.com\/wp-content\/uploads\/2025\/04\/1_180fa5fd-3bea-42bf-82be-89d0cae0c5fd.jpg","width":600,"height":600,"caption":"Atheeri Lattafa"},{"@type":"BreadcrumbList","@id":"https:\/\/arabian-mood.com\/produit\/eau-de-parfum-atheeri-lattafa\/#breadcrumb","itemListElement":[{"@type":"ListItem","position":1,"name":"Accueil","item":"https:\/\/arabian-mood.com\/"},{"@type":"ListItem","position":2,"name":"Boutique","item":"https:\/\/arabian-mood.com\/boutique\/"},{"@type":"ListItem","position":3,"name":"Eau de parfum Atheeri 100 ml &#8211; Lattafa"}]},{"@type":"WebSite","@id":"https:\/\/arabian-mood.com\/#website","url":"https:\/\/arabian-mood.com\/","name":"Ambiente \u00c1rabe","description":"","publisher":{"@id":"https:\/\/arabian-mood.com\/#organization"},"potentialAction":[{"@type":"SearchAction","target":{"@type":"EntryPoint","urlTemplate":"https:\/\/arabian-mood.com\/?s={search_term_string}"},"query-input":{"@type":"PropertyValueSpecification","valueRequired":true,"valueName":"search_term_string"}}],"inLanguage":"pt-PT"},{"@type":"Organization","@id":"https:\/\/arabian-mood.com\/#organization","name":"Ambiente \u00c1rabe","url":"https:\/\/arabian-mood.com\/","logo":{"@type":"ImageObject","inLanguage":"pt-PT","@id":"https:\/\/arabian-mood.com\/#\/schema\/logo\/image\/","url":"https:\/\/arabian-mood.com\/wp-content\/uploads\/2024\/09\/Groupe-11304.svg","contentUrl":"https:\/\/arabian-mood.com\/wp-content\/uploads\/2024\/09\/Groupe-11304.svg","width":214,"height":27,"caption":"Arabian Mood"},"image":{"@id":"https:\/\/arabian-mood.com\/#\/schema\/logo\/image\/"},"sameAs":["https:\/\/www.instagram.com\/arabianmoodofficiel\/"]}]}},"_links":{"self":[{"href":"https:\/\/arabian-mood.com\/pt\/wp-json\/wp\/v2\/product\/9212","targetHints":{"allow":["GET"]}}],"collection":[{"href":"https:\/\/arabian-mood.com\/pt\/wp-json\/wp\/v2\/product"}],"about":[{"href":"https:\/\/arabian-mood.com\/pt\/wp-json\/wp\/v2\/types\/product"}],"wp:featuredmedia":[{"embeddable":true,"href":"https:\/\/arabian-mood.com\/pt\/wp-json\/wp\/v2\/media\/9213"}],"wp:attachment":[{"href":"https:\/\/arabian-mood.com\/pt\/wp-json\/wp\/v2\/media?parent=9212"}],"wp:term":[{"taxonomy":"product_brand","embeddable":true,"href":"https:\/\/arabian-mood.com\/pt\/wp-json\/wp\/v2\/product_brand?post=9212"},{"taxonomy":"product_cat","embeddable":true,"href":"https:\/\/arabian-mood.com\/pt\/wp-json\/wp\/v2\/product_cat?post=9212"},{"taxonomy":"product_tag","embeddable":true,"href":"https:\/\/arabian-mood.com\/pt\/wp-json\/wp\/v2\/product_tag?post=9212"}],"curies":[{"name":"wp","href":"https:\/\/api.w.org\/{rel}","templated":true}]}}