{"id":9332,"date":"2025-06-11T11:50:01","date_gmt":"2025-06-11T09:50:01","guid":{"rendered":"https:\/\/arabian-mood.com\/?post_type=product&#038;p=9332"},"modified":"2026-03-24T11:35:09","modified_gmt":"2026-03-24T10:35:09","slug":"eau-de-parfum-petra-lattafa-100-ml","status":"publish","type":"product","link":"https:\/\/arabian-mood.com\/pt\/produit\/eau-de-parfum-petra-lattafa-100-ml\/","title":{"rendered":"Eau de parfum Petra 100 ml \u2013 Lattafa"},"content":{"rendered":"<p>Le nom du parfum <strong>Petra Lattafa<\/strong> vient du <strong>mot grec<\/strong> &#8220;petra&#8221;, qui veut dire &#8220;pierre&#8221; ou &#8220;rocher&#8221;. Lattafa a voulu d\u00e9velopper un parfum qui capture l&#8217;essence de l&#8217;<strong>\u00e9t\u00e9 m\u00e9diterran\u00e9en<\/strong>. Cette fragrance vise \u00e0 fixer dans le temps ces moments de chaleur et de d\u00e9tente typiques de cette r\u00e9gion. En le portant, vous aurez l&#8217;impression de vous trouver \u00e0 <a href=\"https:\/\/arabian-mood.com\/pt\/product-2\/santorini-beach-volare\/\"><strong>Santorini<\/strong><\/a>, la c\u00e9l\u00e8bre <strong>plage grecque<\/strong>.<\/p>\n<h2>Petra Lattafa : le parfum m\u00e9diterran\u00e9en qui fixe l&#8217;\u00e9t\u00e9<\/h2>\n<p>Ce parfum joue sur cette id\u00e9e de transformation. Il veut notamment saisir cet instant parfait de l&#8217;\u00e9t\u00e9 \u00e0 son apog\u00e9e. La composition cherche \u00e0 cristalliser cette sensation de luxe d\u00e9contract\u00e9 propre au <strong>bassin m\u00e9diterran\u00e9en<\/strong>.<\/p>\n<p>Pour y arriver, Lattafa a imagin\u00e9 une note florale subtile qui se d\u00e9veloppe peu \u00e0 peu sur la peau. Les <strong>notas florais<\/strong> s&#8217;installent doucement pour ensuite cr\u00e9er une impression de permanence. C&#8217;est d&#8217;ailleurs cette \u00e9volution qui rend Petra Lattafa unique.<\/p>\n<h3>Avec Petra Lattafa, la M\u00e9diterran\u00e9e vous attend\u00a0!<\/h3>\n<p>Ce parfum \u00e9volue petit \u00e0 petit sur la peau, mais sans brusquer. La tenue semble correcte et permet de profiter de cette \u00e9volution pendant plusieurs heures. Ce <strong>perfume unissexo<\/strong> vous plaira si vous appr\u00e9ciez les <strong>parfums floraux m\u00e9diterran\u00e9ens<\/strong>. Pour certains, les vacances d&#8217;\u00e9t\u00e9 approchent. Sa senteur leur semblera famili\u00e8re. Ceux qui sont dans l&#8217;impossibilit\u00e9 de prendre des vacances pourront, quant \u00e0 eux, trouver du r\u00e9confort autour de cette fragrance.<\/p>\n<p>Petra Lattafa est surtout agr\u00e9able \u00e0 porter quand il fait chaud. Il convient notamment aux journ\u00e9es ensoleill\u00e9es et aux soir\u00e9es d&#8217;\u00e9t\u00e9. Ce parfum peut aussi apporter une touche d&#8217;\u00e9vasion durant les mois plus froids.<\/p>\n<h3>Positionnement dans la gamme Lattafa<\/h3>\n<p>Finalement, Petra Lattafa est un parfum qui mise sur l&#8217;originalit\u00e9. La marque cherche \u00e0 proposer des fragrances qui ont une histoire \u00e0 raconter. Vous l&#8217;appr\u00e9cierez en raison de son prix, mais aussi de sa qualit\u00e9 olfactive. Il vous donnera, vous, ainsi qu&#8217;aux gens qui vous entourent, l&#8217;envie d&#8217;<strong>aller en vacances<\/strong> et d&#8217;abandonner la routine.<\/p>","protected":false},"excerpt":{"rendered":"<section class=\"elementor-section elementor-inner-section elementor-element elementor-element-bd10d66 elementor-section-boxed elementor-section-height-default elementor-section-height-default\" data-id=\"bd10d66\" data-element_type=\"section\">\n<div class=\"elementor-container elementor-column-gap-default\">\n<div class=\"elementor-column elementor-col-100 elementor-inner-column elementor-element elementor-element-40f0694\" data-id=\"40f0694\" data-element_type=\"column\">\n<div class=\"elementor-widget-wrap elementor-element-populated\">\n<div class=\"elementor-element elementor-element-c183d55 elementor-widget elementor-widget-woocommerce-product-short-description\" data-id=\"c183d55\" data-element_type=\"widget\" data-widget_type=\"woocommerce-product-short-description.default\">\n<div class=\"elementor-widget-container\">\n<div class=\"woocommerce-product-details__short-description\">\n<section class=\"elementor-section elementor-inner-section elementor-element elementor-element-bd10d66 elementor-section-boxed elementor-section-height-default elementor-section-height-default\" data-id=\"bd10d66\" data-element_type=\"section\">\n<div class=\"elementor-container elementor-column-gap-default\">\n<div class=\"elementor-column elementor-col-100 elementor-inner-column elementor-element elementor-element-40f0694\" data-id=\"40f0694\" data-element_type=\"column\">\n<div class=\"elementor-widget-wrap elementor-element-populated\">\n<div class=\"elementor-element elementor-element-c183d55 elementor-widget elementor-widget-woocommerce-product-short-description\" data-id=\"c183d55\" data-element_type=\"widget\" data-widget_type=\"woocommerce-product-short-description.default\">\n<div class=\"elementor-widget-container\">\n<div class=\"woocommerce-product-details__short-description\">\n<p><strong>Nota de topo<\/strong> : Prune, Rhum<br \/>\n<strong>Notas de cora\u00e7\u00e3o<\/strong> : Tub\u00e9reuse, Noix de coco<br \/>\n<strong>Nota de fundo<\/strong> : Pralin\u00e9, Musc, Vanille<\/p>\n<\/div>\n<\/div>\n<\/div>\n<\/div>\n<\/div>\n<\/div>\n<\/section>\n<\/div>\n<\/div>\n<\/div>\n<\/div>\n<\/div>\n<\/div>\n<\/section>","protected":false},"featured_media":9333,"template":"","meta":[],"product_brand":[],"product_cat":[518,590,152,433],"product_tag":[],"class_list":{"0":"post-9332","1":"product","2":"type-product","3":"status-publish","4":"has-post-thumbnail","6":"product_cat-lattafa","7":"product_cat-parfum-dubai-mixte","8":"product_cat-mixte","9":"product_cat-parfums-de-dubai","11":"first","12":"instock","13":"sale","14":"taxable","15":"shipping-taxable","16":"purchasable","17":"product-type-simple"},"yoast_head":"<!-- This site is optimized with the Yoast SEO plugin v27.6 - https:\/\/yoast.com\/product\/yoast-seo-wordpress\/ -->\n<title>Eau de parfum Petra Lattafa | 100 ml<\/title>\n<meta name=\"description\" content=\"D\u00e9couverte de Parfum Petra Lattafa : fragrance estivale aux notes florales, inspir\u00e9e des plages de sable fin m\u00e9diterran\u00e9ennes.\" \/>\n<meta name=\"robots\" content=\"index, follow, max-snippet:-1, max-image-preview:large, max-video-preview:-1\" \/>\n<link rel=\"canonical\" href=\"https:\/\/arabian-mood.com\/pt\/product-2\/eau-de-parfum-petra-lattafa-100-ml\/\" \/>\n<meta property=\"og:locale\" content=\"pt_PT\" \/>\n<meta property=\"og:type\" content=\"article\" \/>\n<meta property=\"og:title\" content=\"Eau de parfum Petra Lattafa | 100 ml\" \/>\n<meta property=\"og:description\" content=\"D\u00e9couverte de Parfum Petra Lattafa : fragrance estivale aux notes florales, inspir\u00e9e des plages de sable fin m\u00e9diterran\u00e9ennes.\" \/>\n<meta property=\"og:url\" content=\"https:\/\/arabian-mood.com\/pt\/product-2\/eau-de-parfum-petra-lattafa-100-ml\/\" \/>\n<meta property=\"og:site_name\" content=\"Arabian Mood\" \/>\n<meta property=\"article:modified_time\" content=\"2026-03-24T10:35:09+00:00\" \/>\n<meta property=\"og:image\" content=\"https:\/\/arabian-mood.com\/wp-content\/uploads\/2025\/06\/Petra-Lattafa.png\" \/>\n\t<meta property=\"og:image:width\" content=\"600\" \/>\n\t<meta property=\"og:image:height\" content=\"600\" \/>\n\t<meta property=\"og:image:type\" content=\"image\/png\" \/>\n<meta name=\"twitter:card\" content=\"summary_large_image\" \/>\n<meta name=\"twitter:label1\" content=\"Tempo estimado de leitura\" \/>\n\t<meta name=\"twitter:data1\" content=\"2 minutos\" \/>\n<script type=\"application\/ld+json\" class=\"yoast-schema-graph\">{\"@context\":\"https:\\\/\\\/schema.org\",\"@graph\":[{\"@type\":\"WebPage\",\"@id\":\"https:\\\/\\\/arabian-mood.com\\\/produit\\\/eau-de-parfum-petra-lattafa-100-ml\\\/\",\"url\":\"https:\\\/\\\/arabian-mood.com\\\/produit\\\/eau-de-parfum-petra-lattafa-100-ml\\\/\",\"name\":\"Eau de parfum Petra Lattafa | 100 ml\",\"isPartOf\":{\"@id\":\"https:\\\/\\\/arabian-mood.com\\\/#website\"},\"primaryImageOfPage\":{\"@id\":\"https:\\\/\\\/arabian-mood.com\\\/produit\\\/eau-de-parfum-petra-lattafa-100-ml\\\/#primaryimage\"},\"image\":{\"@id\":\"https:\\\/\\\/arabian-mood.com\\\/produit\\\/eau-de-parfum-petra-lattafa-100-ml\\\/#primaryimage\"},\"thumbnailUrl\":\"https:\\\/\\\/arabian-mood.com\\\/wp-content\\\/uploads\\\/2025\\\/06\\\/Petra-Lattafa.png\",\"datePublished\":\"2025-06-11T09:50:01+00:00\",\"dateModified\":\"2026-03-24T10:35:09+00:00\",\"description\":\"D\u00e9couverte de Parfum Petra Lattafa : fragrance estivale aux notes florales, inspir\u00e9e des plages de sable fin m\u00e9diterran\u00e9ennes.\",\"breadcrumb\":{\"@id\":\"https:\\\/\\\/arabian-mood.com\\\/produit\\\/eau-de-parfum-petra-lattafa-100-ml\\\/#breadcrumb\"},\"inLanguage\":\"pt-PT\",\"potentialAction\":[{\"@type\":\"ReadAction\",\"target\":[\"https:\\\/\\\/arabian-mood.com\\\/produit\\\/eau-de-parfum-petra-lattafa-100-ml\\\/\"]}]},{\"@type\":\"ImageObject\",\"inLanguage\":\"pt-PT\",\"@id\":\"https:\\\/\\\/arabian-mood.com\\\/produit\\\/eau-de-parfum-petra-lattafa-100-ml\\\/#primaryimage\",\"url\":\"https:\\\/\\\/arabian-mood.com\\\/wp-content\\\/uploads\\\/2025\\\/06\\\/Petra-Lattafa.png\",\"contentUrl\":\"https:\\\/\\\/arabian-mood.com\\\/wp-content\\\/uploads\\\/2025\\\/06\\\/Petra-Lattafa.png\",\"width\":600,\"height\":600,\"caption\":\"Petra Lattafa\"},{\"@type\":\"BreadcrumbList\",\"@id\":\"https:\\\/\\\/arabian-mood.com\\\/produit\\\/eau-de-parfum-petra-lattafa-100-ml\\\/#breadcrumb\",\"itemListElement\":[{\"@type\":\"ListItem\",\"position\":1,\"name\":\"Accueil\",\"item\":\"https:\\\/\\\/arabian-mood.com\\\/\"},{\"@type\":\"ListItem\",\"position\":2,\"name\":\"Boutique\",\"item\":\"https:\\\/\\\/arabian-mood.com\\\/boutique\\\/\"},{\"@type\":\"ListItem\",\"position\":3,\"name\":\"Eau de parfum Petra 100 ml &#8211; Lattafa\"}]},{\"@type\":\"WebSite\",\"@id\":\"https:\\\/\\\/arabian-mood.com\\\/#website\",\"url\":\"https:\\\/\\\/arabian-mood.com\\\/\",\"name\":\"Arabian Mood\",\"description\":\"\",\"publisher\":{\"@id\":\"https:\\\/\\\/arabian-mood.com\\\/#organization\"},\"potentialAction\":[{\"@type\":\"SearchAction\",\"target\":{\"@type\":\"EntryPoint\",\"urlTemplate\":\"https:\\\/\\\/arabian-mood.com\\\/?s={search_term_string}\"},\"query-input\":{\"@type\":\"PropertyValueSpecification\",\"valueRequired\":true,\"valueName\":\"search_term_string\"}}],\"inLanguage\":\"pt-PT\"},{\"@type\":\"Organization\",\"@id\":\"https:\\\/\\\/arabian-mood.com\\\/#organization\",\"name\":\"Arabian Mood\",\"url\":\"https:\\\/\\\/arabian-mood.com\\\/\",\"logo\":{\"@type\":\"ImageObject\",\"inLanguage\":\"pt-PT\",\"@id\":\"https:\\\/\\\/arabian-mood.com\\\/#\\\/schema\\\/logo\\\/image\\\/\",\"url\":\"https:\\\/\\\/arabian-mood.com\\\/wp-content\\\/uploads\\\/2024\\\/09\\\/Groupe-11304.svg\",\"contentUrl\":\"https:\\\/\\\/arabian-mood.com\\\/wp-content\\\/uploads\\\/2024\\\/09\\\/Groupe-11304.svg\",\"width\":214,\"height\":27,\"caption\":\"Arabian Mood\"},\"image\":{\"@id\":\"https:\\\/\\\/arabian-mood.com\\\/#\\\/schema\\\/logo\\\/image\\\/\"},\"sameAs\":[\"https:\\\/\\\/www.instagram.com\\\/arabianmoodofficiel\\\/\"]}]}<\/script>\n<!-- \/ Yoast SEO plugin. -->","yoast_head_json":{"title":"Eau de parfum Petra Lattafa | 100 ml","description":"D\u00e9couverte de Parfum Petra Lattafa : fragrance estivale aux notes florales, inspir\u00e9e des plages de sable fin m\u00e9diterran\u00e9ennes.","robots":{"index":"index","follow":"follow","max-snippet":"max-snippet:-1","max-image-preview":"max-image-preview:large","max-video-preview":"max-video-preview:-1"},"canonical":"https:\/\/arabian-mood.com\/pt\/product-2\/eau-de-parfum-petra-lattafa-100-ml\/","og_locale":"pt_PT","og_type":"article","og_title":"Eau de parfum Petra Lattafa | 100 ml","og_description":"D\u00e9couverte de Parfum Petra Lattafa : fragrance estivale aux notes florales, inspir\u00e9e des plages de sable fin m\u00e9diterran\u00e9ennes.","og_url":"https:\/\/arabian-mood.com\/pt\/product-2\/eau-de-parfum-petra-lattafa-100-ml\/","og_site_name":"Arabian Mood","article_modified_time":"2026-03-24T10:35:09+00:00","og_image":[{"width":600,"height":600,"url":"https:\/\/arabian-mood.com\/wp-content\/uploads\/2025\/06\/Petra-Lattafa.png","type":"image\/png"}],"twitter_card":"summary_large_image","twitter_misc":{"Tempo estimado de leitura":"2 minutos"},"schema":{"@context":"https:\/\/schema.org","@graph":[{"@type":"WebPage","@id":"https:\/\/arabian-mood.com\/produit\/eau-de-parfum-petra-lattafa-100-ml\/","url":"https:\/\/arabian-mood.com\/produit\/eau-de-parfum-petra-lattafa-100-ml\/","name":"Eau de parfum Petra Lattafa | 100 ml","isPartOf":{"@id":"https:\/\/arabian-mood.com\/#website"},"primaryImageOfPage":{"@id":"https:\/\/arabian-mood.com\/produit\/eau-de-parfum-petra-lattafa-100-ml\/#primaryimage"},"image":{"@id":"https:\/\/arabian-mood.com\/produit\/eau-de-parfum-petra-lattafa-100-ml\/#primaryimage"},"thumbnailUrl":"https:\/\/arabian-mood.com\/wp-content\/uploads\/2025\/06\/Petra-Lattafa.png","datePublished":"2025-06-11T09:50:01+00:00","dateModified":"2026-03-24T10:35:09+00:00","description":"D\u00e9couverte de Parfum Petra Lattafa : fragrance estivale aux notes florales, inspir\u00e9e des plages de sable fin m\u00e9diterran\u00e9ennes.","breadcrumb":{"@id":"https:\/\/arabian-mood.com\/produit\/eau-de-parfum-petra-lattafa-100-ml\/#breadcrumb"},"inLanguage":"pt-PT","potentialAction":[{"@type":"ReadAction","target":["https:\/\/arabian-mood.com\/produit\/eau-de-parfum-petra-lattafa-100-ml\/"]}]},{"@type":"ImageObject","inLanguage":"pt-PT","@id":"https:\/\/arabian-mood.com\/produit\/eau-de-parfum-petra-lattafa-100-ml\/#primaryimage","url":"https:\/\/arabian-mood.com\/wp-content\/uploads\/2025\/06\/Petra-Lattafa.png","contentUrl":"https:\/\/arabian-mood.com\/wp-content\/uploads\/2025\/06\/Petra-Lattafa.png","width":600,"height":600,"caption":"Petra Lattafa"},{"@type":"BreadcrumbList","@id":"https:\/\/arabian-mood.com\/produit\/eau-de-parfum-petra-lattafa-100-ml\/#breadcrumb","itemListElement":[{"@type":"ListItem","position":1,"name":"Accueil","item":"https:\/\/arabian-mood.com\/"},{"@type":"ListItem","position":2,"name":"Boutique","item":"https:\/\/arabian-mood.com\/boutique\/"},{"@type":"ListItem","position":3,"name":"Eau de parfum Petra 100 ml &#8211; Lattafa"}]},{"@type":"WebSite","@id":"https:\/\/arabian-mood.com\/#website","url":"https:\/\/arabian-mood.com\/","name":"Ambiente \u00c1rabe","description":"","publisher":{"@id":"https:\/\/arabian-mood.com\/#organization"},"potentialAction":[{"@type":"SearchAction","target":{"@type":"EntryPoint","urlTemplate":"https:\/\/arabian-mood.com\/?s={search_term_string}"},"query-input":{"@type":"PropertyValueSpecification","valueRequired":true,"valueName":"search_term_string"}}],"inLanguage":"pt-PT"},{"@type":"Organization","@id":"https:\/\/arabian-mood.com\/#organization","name":"Ambiente \u00c1rabe","url":"https:\/\/arabian-mood.com\/","logo":{"@type":"ImageObject","inLanguage":"pt-PT","@id":"https:\/\/arabian-mood.com\/#\/schema\/logo\/image\/","url":"https:\/\/arabian-mood.com\/wp-content\/uploads\/2024\/09\/Groupe-11304.svg","contentUrl":"https:\/\/arabian-mood.com\/wp-content\/uploads\/2024\/09\/Groupe-11304.svg","width":214,"height":27,"caption":"Arabian Mood"},"image":{"@id":"https:\/\/arabian-mood.com\/#\/schema\/logo\/image\/"},"sameAs":["https:\/\/www.instagram.com\/arabianmoodofficiel\/"]}]}},"_links":{"self":[{"href":"https:\/\/arabian-mood.com\/pt\/wp-json\/wp\/v2\/product\/9332","targetHints":{"allow":["GET"]}}],"collection":[{"href":"https:\/\/arabian-mood.com\/pt\/wp-json\/wp\/v2\/product"}],"about":[{"href":"https:\/\/arabian-mood.com\/pt\/wp-json\/wp\/v2\/types\/product"}],"wp:featuredmedia":[{"embeddable":true,"href":"https:\/\/arabian-mood.com\/pt\/wp-json\/wp\/v2\/media\/9333"}],"wp:attachment":[{"href":"https:\/\/arabian-mood.com\/pt\/wp-json\/wp\/v2\/media?parent=9332"}],"wp:term":[{"taxonomy":"product_brand","embeddable":true,"href":"https:\/\/arabian-mood.com\/pt\/wp-json\/wp\/v2\/product_brand?post=9332"},{"taxonomy":"product_cat","embeddable":true,"href":"https:\/\/arabian-mood.com\/pt\/wp-json\/wp\/v2\/product_cat?post=9332"},{"taxonomy":"product_tag","embeddable":true,"href":"https:\/\/arabian-mood.com\/pt\/wp-json\/wp\/v2\/product_tag?post=9332"}],"curies":[{"name":"wp","href":"https:\/\/api.w.org\/{rel}","templated":true}]}}