{"id":9334,"date":"2025-06-11T12:19:08","date_gmt":"2025-06-11T10:19:08","guid":{"rendered":"https:\/\/arabian-mood.com\/?post_type=product&#038;p=9334"},"modified":"2025-06-11T12:21:29","modified_gmt":"2025-06-11T10:21:29","slug":"candy-licious-ahmed-al-maghribi","status":"publish","type":"product","link":"https:\/\/arabian-mood.com\/pt\/produit\/candy-licious-ahmed-al-maghribi\/","title":{"rendered":"Candy Licious 90 ml \u2013 Ahmed Al Maghribi"},"content":{"rendered":"","protected":false},"excerpt":{"rendered":"<p><strong>Nota de topo<\/strong> : Barbe \u00e0 papa, framboise, fruits rouges<br \/>\n<strong>Notas de cora\u00e7\u00e3o<\/strong> : Fleur d&#8217;oranger, jasmin, violette<br \/>\n<strong>Nota de fundo<\/strong> : Caramel, musc blanc, vanille<\/p>","protected":false},"featured_media":9335,"template":"","meta":[],"product_brand":[],"product_cat":[521],"product_tag":[],"class_list":{"0":"post-9334","1":"product","2":"type-product","3":"status-publish","4":"has-post-thumbnail","6":"product_cat-ahmed-al-maghribi","8":"first","9":"instock","10":"taxable","11":"shipping-taxable","12":"purchasable","13":"product-type-simple"},"yoast_head":"<!-- This site is optimized with the Yoast SEO plugin v27.4 - https:\/\/yoast.com\/product\/yoast-seo-wordpress\/ -->\n<title>Candy Licious 90 ml - Ahmed Al Maghribi - Arabian Mood<\/title>\n<meta name=\"robots\" content=\"index, follow, max-snippet:-1, max-image-preview:large, max-video-preview:-1\" \/>\n<link rel=\"canonical\" href=\"https:\/\/arabian-mood.com\/pt\/product-2\/candy-licious-ahmed-al-maghribi\/\" \/>\n<meta property=\"og:locale\" content=\"pt_PT\" \/>\n<meta property=\"og:type\" content=\"article\" \/>\n<meta property=\"og:title\" content=\"Candy Licious 90 ml - Ahmed Al Maghribi - Arabian Mood\" \/>\n<meta property=\"og:description\" content=\"Note de t\u00eate : Barbe \u00e0 papa, framboise, fruits rouges Note de c\u0153ur : Fleur d&#039;oranger, jasmin, violette Note de fond : Caramel, musc blanc, vanille\" \/>\n<meta property=\"og:url\" content=\"https:\/\/arabian-mood.com\/pt\/product-2\/candy-licious-ahmed-al-maghribi\/\" \/>\n<meta property=\"og:site_name\" content=\"Arabian Mood\" \/>\n<meta property=\"article:modified_time\" content=\"2025-06-11T10:21:29+00:00\" \/>\n<meta property=\"og:image\" content=\"https:\/\/arabian-mood.com\/wp-content\/uploads\/2025\/06\/parfum-candy-delicious-Photoroom.png\" \/>\n\t<meta property=\"og:image:width\" content=\"1000\" \/>\n\t<meta property=\"og:image:height\" content=\"1000\" \/>\n\t<meta property=\"og:image:type\" content=\"image\/png\" \/>\n<meta name=\"twitter:card\" content=\"summary_large_image\" \/>\n<meta name=\"twitter:label1\" content=\"Est. reading time\" \/>\n\t<meta name=\"twitter:data1\" content=\"1 minuto\" \/>\n<script type=\"application\/ld+json\" class=\"yoast-schema-graph\">{\"@context\":\"https:\\\/\\\/schema.org\",\"@graph\":[{\"@type\":\"WebPage\",\"@id\":\"https:\\\/\\\/arabian-mood.com\\\/produit\\\/candy-licious-ahmed-al-maghribi\\\/\",\"url\":\"https:\\\/\\\/arabian-mood.com\\\/produit\\\/candy-licious-ahmed-al-maghribi\\\/\",\"name\":\"Candy Licious 90 ml - Ahmed Al Maghribi - Arabian Mood\",\"isPartOf\":{\"@id\":\"https:\\\/\\\/arabian-mood.com\\\/#website\"},\"primaryImageOfPage\":{\"@id\":\"https:\\\/\\\/arabian-mood.com\\\/produit\\\/candy-licious-ahmed-al-maghribi\\\/#primaryimage\"},\"image\":{\"@id\":\"https:\\\/\\\/arabian-mood.com\\\/produit\\\/candy-licious-ahmed-al-maghribi\\\/#primaryimage\"},\"thumbnailUrl\":\"https:\\\/\\\/arabian-mood.com\\\/wp-content\\\/uploads\\\/2025\\\/06\\\/parfum-candy-delicious-Photoroom.png\",\"datePublished\":\"2025-06-11T10:19:08+00:00\",\"dateModified\":\"2025-06-11T10:21:29+00:00\",\"breadcrumb\":{\"@id\":\"https:\\\/\\\/arabian-mood.com\\\/produit\\\/candy-licious-ahmed-al-maghribi\\\/#breadcrumb\"},\"inLanguage\":\"pt-PT\",\"potentialAction\":[{\"@type\":\"ReadAction\",\"target\":[\"https:\\\/\\\/arabian-mood.com\\\/produit\\\/candy-licious-ahmed-al-maghribi\\\/\"]}]},{\"@type\":\"ImageObject\",\"inLanguage\":\"pt-PT\",\"@id\":\"https:\\\/\\\/arabian-mood.com\\\/produit\\\/candy-licious-ahmed-al-maghribi\\\/#primaryimage\",\"url\":\"https:\\\/\\\/arabian-mood.com\\\/wp-content\\\/uploads\\\/2025\\\/06\\\/parfum-candy-delicious-Photoroom.png\",\"contentUrl\":\"https:\\\/\\\/arabian-mood.com\\\/wp-content\\\/uploads\\\/2025\\\/06\\\/parfum-candy-delicious-Photoroom.png\",\"width\":1000,\"height\":1000,\"caption\":\"Candy Licious Ahmed Al Maghribi\"},{\"@type\":\"BreadcrumbList\",\"@id\":\"https:\\\/\\\/arabian-mood.com\\\/produit\\\/candy-licious-ahmed-al-maghribi\\\/#breadcrumb\",\"itemListElement\":[{\"@type\":\"ListItem\",\"position\":1,\"name\":\"Accueil\",\"item\":\"https:\\\/\\\/arabian-mood.com\\\/\"},{\"@type\":\"ListItem\",\"position\":2,\"name\":\"Boutique\",\"item\":\"https:\\\/\\\/arabian-mood.com\\\/boutique\\\/\"},{\"@type\":\"ListItem\",\"position\":3,\"name\":\"Candy Licious 90 ml &#8211; Ahmed Al Maghribi\"}]},{\"@type\":\"WebSite\",\"@id\":\"https:\\\/\\\/arabian-mood.com\\\/#website\",\"url\":\"https:\\\/\\\/arabian-mood.com\\\/\",\"name\":\"Arabian Mood\",\"description\":\"\",\"publisher\":{\"@id\":\"https:\\\/\\\/arabian-mood.com\\\/#organization\"},\"potentialAction\":[{\"@type\":\"SearchAction\",\"target\":{\"@type\":\"EntryPoint\",\"urlTemplate\":\"https:\\\/\\\/arabian-mood.com\\\/?s={search_term_string}\"},\"query-input\":{\"@type\":\"PropertyValueSpecification\",\"valueRequired\":true,\"valueName\":\"search_term_string\"}}],\"inLanguage\":\"pt-PT\"},{\"@type\":\"Organization\",\"@id\":\"https:\\\/\\\/arabian-mood.com\\\/#organization\",\"name\":\"Arabian Mood\",\"url\":\"https:\\\/\\\/arabian-mood.com\\\/\",\"logo\":{\"@type\":\"ImageObject\",\"inLanguage\":\"pt-PT\",\"@id\":\"https:\\\/\\\/arabian-mood.com\\\/#\\\/schema\\\/logo\\\/image\\\/\",\"url\":\"https:\\\/\\\/arabian-mood.com\\\/wp-content\\\/uploads\\\/2024\\\/09\\\/Groupe-11304.svg\",\"contentUrl\":\"https:\\\/\\\/arabian-mood.com\\\/wp-content\\\/uploads\\\/2024\\\/09\\\/Groupe-11304.svg\",\"width\":214,\"height\":27,\"caption\":\"Arabian Mood\"},\"image\":{\"@id\":\"https:\\\/\\\/arabian-mood.com\\\/#\\\/schema\\\/logo\\\/image\\\/\"},\"sameAs\":[\"https:\\\/\\\/www.instagram.com\\\/arabianmoodofficiel\\\/\"]}]}<\/script>\n<!-- \/ Yoast SEO plugin. -->","yoast_head_json":{"title":"Candy Licious 90 ml - Ahmed Al Maghribi - Arabian Mood","robots":{"index":"index","follow":"follow","max-snippet":"max-snippet:-1","max-image-preview":"max-image-preview:large","max-video-preview":"max-video-preview:-1"},"canonical":"https:\/\/arabian-mood.com\/pt\/product-2\/candy-licious-ahmed-al-maghribi\/","og_locale":"pt_PT","og_type":"article","og_title":"Candy Licious 90 ml - Ahmed Al Maghribi - Arabian Mood","og_description":"Note de t\u00eate : Barbe \u00e0 papa, framboise, fruits rouges Note de c\u0153ur : Fleur d'oranger, jasmin, violette Note de fond : Caramel, musc blanc, vanille","og_url":"https:\/\/arabian-mood.com\/pt\/product-2\/candy-licious-ahmed-al-maghribi\/","og_site_name":"Arabian Mood","article_modified_time":"2025-06-11T10:21:29+00:00","og_image":[{"width":1000,"height":1000,"url":"https:\/\/arabian-mood.com\/wp-content\/uploads\/2025\/06\/parfum-candy-delicious-Photoroom.png","type":"image\/png"}],"twitter_card":"summary_large_image","twitter_misc":{"Est. reading time":"1 minuto"},"schema":{"@context":"https:\/\/schema.org","@graph":[{"@type":"WebPage","@id":"https:\/\/arabian-mood.com\/produit\/candy-licious-ahmed-al-maghribi\/","url":"https:\/\/arabian-mood.com\/produit\/candy-licious-ahmed-al-maghribi\/","name":"Candy Licious 90 ml - Ahmed Al Maghribi - Arabian Mood","isPartOf":{"@id":"https:\/\/arabian-mood.com\/#website"},"primaryImageOfPage":{"@id":"https:\/\/arabian-mood.com\/produit\/candy-licious-ahmed-al-maghribi\/#primaryimage"},"image":{"@id":"https:\/\/arabian-mood.com\/produit\/candy-licious-ahmed-al-maghribi\/#primaryimage"},"thumbnailUrl":"https:\/\/arabian-mood.com\/wp-content\/uploads\/2025\/06\/parfum-candy-delicious-Photoroom.png","datePublished":"2025-06-11T10:19:08+00:00","dateModified":"2025-06-11T10:21:29+00:00","breadcrumb":{"@id":"https:\/\/arabian-mood.com\/produit\/candy-licious-ahmed-al-maghribi\/#breadcrumb"},"inLanguage":"pt-PT","potentialAction":[{"@type":"ReadAction","target":["https:\/\/arabian-mood.com\/produit\/candy-licious-ahmed-al-maghribi\/"]}]},{"@type":"ImageObject","inLanguage":"pt-PT","@id":"https:\/\/arabian-mood.com\/produit\/candy-licious-ahmed-al-maghribi\/#primaryimage","url":"https:\/\/arabian-mood.com\/wp-content\/uploads\/2025\/06\/parfum-candy-delicious-Photoroom.png","contentUrl":"https:\/\/arabian-mood.com\/wp-content\/uploads\/2025\/06\/parfum-candy-delicious-Photoroom.png","width":1000,"height":1000,"caption":"Candy Licious Ahmed Al Maghribi"},{"@type":"BreadcrumbList","@id":"https:\/\/arabian-mood.com\/produit\/candy-licious-ahmed-al-maghribi\/#breadcrumb","itemListElement":[{"@type":"ListItem","position":1,"name":"Accueil","item":"https:\/\/arabian-mood.com\/"},{"@type":"ListItem","position":2,"name":"Boutique","item":"https:\/\/arabian-mood.com\/boutique\/"},{"@type":"ListItem","position":3,"name":"Candy Licious 90 ml &#8211; Ahmed Al Maghribi"}]},{"@type":"WebSite","@id":"https:\/\/arabian-mood.com\/#website","url":"https:\/\/arabian-mood.com\/","name":"Ambiente \u00c1rabe","description":"","publisher":{"@id":"https:\/\/arabian-mood.com\/#organization"},"potentialAction":[{"@type":"SearchAction","target":{"@type":"EntryPoint","urlTemplate":"https:\/\/arabian-mood.com\/?s={search_term_string}"},"query-input":{"@type":"PropertyValueSpecification","valueRequired":true,"valueName":"search_term_string"}}],"inLanguage":"pt-PT"},{"@type":"Organization","@id":"https:\/\/arabian-mood.com\/#organization","name":"Ambiente \u00c1rabe","url":"https:\/\/arabian-mood.com\/","logo":{"@type":"ImageObject","inLanguage":"pt-PT","@id":"https:\/\/arabian-mood.com\/#\/schema\/logo\/image\/","url":"https:\/\/arabian-mood.com\/wp-content\/uploads\/2024\/09\/Groupe-11304.svg","contentUrl":"https:\/\/arabian-mood.com\/wp-content\/uploads\/2024\/09\/Groupe-11304.svg","width":214,"height":27,"caption":"Arabian Mood"},"image":{"@id":"https:\/\/arabian-mood.com\/#\/schema\/logo\/image\/"},"sameAs":["https:\/\/www.instagram.com\/arabianmoodofficiel\/"]}]}},"_links":{"self":[{"href":"https:\/\/arabian-mood.com\/pt\/wp-json\/wp\/v2\/product\/9334","targetHints":{"allow":["GET"]}}],"collection":[{"href":"https:\/\/arabian-mood.com\/pt\/wp-json\/wp\/v2\/product"}],"about":[{"href":"https:\/\/arabian-mood.com\/pt\/wp-json\/wp\/v2\/types\/product"}],"wp:featuredmedia":[{"embeddable":true,"href":"https:\/\/arabian-mood.com\/pt\/wp-json\/wp\/v2\/media\/9335"}],"wp:attachment":[{"href":"https:\/\/arabian-mood.com\/pt\/wp-json\/wp\/v2\/media?parent=9334"}],"wp:term":[{"taxonomy":"product_brand","embeddable":true,"href":"https:\/\/arabian-mood.com\/pt\/wp-json\/wp\/v2\/product_brand?post=9334"},{"taxonomy":"product_cat","embeddable":true,"href":"https:\/\/arabian-mood.com\/pt\/wp-json\/wp\/v2\/product_cat?post=9334"},{"taxonomy":"product_tag","embeddable":true,"href":"https:\/\/arabian-mood.com\/pt\/wp-json\/wp\/v2\/product_tag?post=9334"}],"curies":[{"name":"wp","href":"https:\/\/api.w.org\/{rel}","templated":true}]}}