{"id":9393,"date":"2025-06-28T17:46:07","date_gmt":"2025-06-28T15:46:07","guid":{"rendered":"https:\/\/arabian-mood.com\/?post_type=product&#038;p=9393"},"modified":"2026-02-24T18:18:41","modified_gmt":"2026-02-24T17:18:41","slug":"eau-de-parfum-la-luna-gissah","status":"publish","type":"product","link":"https:\/\/arabian-mood.com\/pt\/produit\/eau-de-parfum-la-luna-gissah\/","title":{"rendered":"Eau de parfum La Luna 200 ml \u2013 Gissah"},"content":{"rendered":"<div>J\u00e1 n\u00e3o quer sentir-se como toda a gente e est\u00e1 \u00e0 procura de algo original? <strong>A Lua<\/strong> de <strong>Gissah<\/strong> representa exatamente o que precisa. Uma fragr\u00e2ncia que ousa, que surpreende, mas que se mant\u00e9m totalmente us\u00e1vel no dia a dia.<\/div>\n<div><\/div>\n<div>Esta <strong>eau de parfum unissexo de 200 ml<\/strong> tem um toque extra. Assim que o primeiro spray, vai reparar. \u00c9 <strong>a\u00e7ucarado<\/strong> mas n\u00e3o enjoativo, <strong>amadeirado<\/strong> mas n\u00e3o demasiado masculino, misterioso mas acess\u00edvel. Resumindo, \u00e9 este tipo de perfume que nos faz questionar a fragr\u00e2ncia que estamos a usar.<\/div>\n<h2>La Luna da Gissah, um perfume que conta uma hist\u00f3ria a cada borrifadela.<\/h2>\n<div>No in\u00edcio, sente o\u2019<strong>incenso<\/strong>. Sim, pode parecer intimidante dito assim, mas espere. Logo a seguir, a <strong>framboesa<\/strong> e o\u2019<strong>damasco<\/strong> chegam e suavizam tudo. O resultado? Algo m\u00edstico e guloso ao mesmo tempo. Este perfume vai deix\u00e1-lo boquiaberto, acredite!<\/div>\n<div><\/div>\n<div>Depois, torna-se francamente interessante. <strong>algod\u00e3o doce<\/strong> (dito assim parece um perfume para mi\u00fados) mistura-se com um <strong>s\u00e2ndalo<\/strong> e do <strong>pau-santo<\/strong>. E no final, isso d\u00e1 origem a um <strong>perfume doce<\/strong> sem fazer do\u00e7uras (tal como <a href=\"https:\/\/arabian-mood.com\/pt\/product-2\/candy-licious-ahmed-al-maghribi\/\"><strong>Doces Deliciosos<\/strong><\/a>), <strong>amadeirado<\/strong> sem sentir a floresta. Simplesmente perfeito.<\/div>\n<div><\/div>\n<div>E o fim? O <strong>patchouli<\/strong>, a <strong>fava tonca<\/strong> e o\u2019<strong>\u00e2mbar<\/strong> instalam-se suavemente na sua pele. Horas depois, ainda cheira bem. Muito bem.<\/div>\n<h3>Por que vai apaixonar-se por La Luna de Gissah?<\/h3>\n<div>Homem, mulher, tanto faz: este perfume n\u00e3o se importa minimamente com o seu g\u00e9nero. Adapta-se \u00e0 sua pele, ponto final. Ali\u00e1s, s\u00e3o muitas vezes os melhores perfumes a fazer isso.<\/div>\n<div><\/div>\n<div>Original sem ser extraterrestre: quer destacar-se sem parecer que se enganou no corredor? A Luna Gissah encontra precisamente o equil\u00edbrio certo.<\/div>\n<div><\/div>\n<div>E ainda por cima, dura mesmo: farta de ter de reaplicar perfume a cada duas horas? Com o seu <strong>concentra\u00e7\u00e3o eau de parfum<\/strong>, A Lua acompanha-o durante todo o dia (ou mesmo at\u00e9 \u00e0 noite).<\/div>\n<div><\/div>\n<div>O formato de 200 ml \u00e9 mesmo espetacular: francamente, \u00e9 agrad\u00e1vel poder vaporizar sem restri\u00e7\u00f5es. Principalmente quando o perfume \u00e9 bom.<\/div>\n<div><\/div>\n<div>O pre\u00e7o \u00e9 agrad\u00e1vel: pela qualidade que tem, francamente, a Gissah n\u00e3o se ri de si. \u00c9 raro hoje em dia.<\/div>\n<h3>Quando usar?<\/h3>\n<div>Na verdade, use-o quando quiser. A s\u00e9rio. Claro, continua a ser ideal para causar uma boa impress\u00e3o em ocasi\u00f5es importantes. Mas porqu\u00ea privar-se no dia a dia?<\/div>\n<div><\/div>\n<div>Se gosta de perfumes com car\u00e1cter, La Luna da Gissah ser\u00e1 a sua c\u00famplice todos os dias. Fica super bem no outono-inverno (l\u00f3gico com todos estes <strong>notas quentes<\/strong>), mas o ver\u00e3o tamb\u00e9m passa se gostar de <strong>perfumes ricos<\/strong>.<\/div>","protected":false},"excerpt":{"rendered":"<section class=\"elementor-section elementor-inner-section elementor-element elementor-element-bd10d66 elementor-section-boxed elementor-section-height-default elementor-section-height-default\" data-id=\"bd10d66\" data-element_type=\"section\">\n<div class=\"elementor-container elementor-column-gap-default\">\n<div class=\"elementor-column elementor-col-100 elementor-inner-column elementor-element elementor-element-40f0694\" data-id=\"40f0694\" data-element_type=\"column\">\n<div class=\"elementor-widget-wrap elementor-element-populated\">\n<div class=\"elementor-element elementor-element-c183d55 elementor-widget elementor-widget-woocommerce-product-short-description\" data-id=\"c183d55\" data-element_type=\"widget\" data-widget_type=\"woocommerce-product-short-description.default\">\n<div class=\"elementor-widget-container\">\n<div class=\"woocommerce-product-details__short-description\">\n<p><strong>Nota de topo<\/strong> Incenso, Framboesa, Damasco<br \/>\n<strong>Notas de cora\u00e7\u00e3o<\/strong> Notas de algod\u00e3o doce, S\u00e2ndalo, Madeira de guaiaco<br \/>\n<strong>Nota de fundo<\/strong> Patchouli, Tonka, \u00c2mbar<\/p>\n<\/div>\n<\/div>\n<\/div>\n<\/div>\n<\/div>\n<\/div>\n<\/section>\n<section class=\"elementor-section elementor-inner-section elementor-element elementor-element-17b17a1 elementor-section-boxed elementor-section-height-default elementor-section-height-default\" data-id=\"17b17a1\" data-element_type=\"section\">\n<div class=\"elementor-container elementor-column-gap-default\">\n<div class=\"elementor-column elementor-col-100 elementor-inner-column elementor-element elementor-element-4db61de\" data-id=\"4db61de\" data-element_type=\"column\">\n<div class=\"elementor-widget-wrap elementor-element-populated\">\n<div class=\"elementor-element elementor-element-371ef5b elementor-widget elementor-widget-heading\" data-id=\"371ef5b\" data-element_type=\"widget\" data-settings=\"{&quot;ee_display_conditions_enable&quot;:&quot;yes&quot;,&quot;ee_display_conditions_output&quot;:&quot;yes&quot;}\" data-widget_type=\"heading.default\">\n<div class=\"elementor-widget-container\"><\/div>\n<\/div>\n<\/div>\n<\/div>\n<\/div>\n<\/section>","protected":false},"featured_media":9404,"template":"","meta":[],"product_brand":[],"product_cat":[580],"product_tag":[],"class_list":{"0":"post-9393","1":"product","2":"type-product","3":"status-publish","4":"has-post-thumbnail","6":"product_cat-gissah-perfumes","8":"first","9":"instock","10":"sale","11":"taxable","12":"shipping-taxable","13":"purchasable","14":"product-type-simple"},"yoast_head":"<!-- This site is optimized with the Yoast SEO plugin v27.4 - https:\/\/yoast.com\/product\/yoast-seo-wordpress\/ -->\n<title>Eau de parfum La Luna 200 ml | Gissah Perfumes<\/title>\n<meta name=\"description\" content=\"La Luna Gissah : eau de parfum mixte 200ml aux notes bois\u00e9es, ambr\u00e9es et gourmandes. Sillage puissant, tenue longue dur\u00e9e. D\u00e9couvrez ce parfum original !\" \/>\n<meta name=\"robots\" content=\"index, follow, max-snippet:-1, max-image-preview:large, max-video-preview:-1\" \/>\n<link rel=\"canonical\" href=\"https:\/\/arabian-mood.com\/pt\/product-2\/eau-de-parfum-la-luna-gissah\/\" \/>\n<meta property=\"og:locale\" content=\"pt_PT\" \/>\n<meta property=\"og:type\" content=\"article\" \/>\n<meta property=\"og:title\" content=\"Eau de parfum La Luna 200 ml | Gissah Perfumes\" \/>\n<meta property=\"og:description\" content=\"La Luna Gissah : eau de parfum mixte 200ml aux notes bois\u00e9es, ambr\u00e9es et gourmandes. Sillage puissant, tenue longue dur\u00e9e. D\u00e9couvrez ce parfum original !\" \/>\n<meta property=\"og:url\" content=\"https:\/\/arabian-mood.com\/pt\/product-2\/eau-de-parfum-la-luna-gissah\/\" \/>\n<meta property=\"og:site_name\" content=\"Arabian Mood\" \/>\n<meta property=\"article:modified_time\" content=\"2026-02-24T17:18:41+00:00\" \/>\n<meta property=\"og:image\" content=\"https:\/\/arabian-mood.com\/wp-content\/uploads\/2025\/06\/Capture.jpg\" \/>\n\t<meta property=\"og:image:width\" content=\"698\" \/>\n\t<meta property=\"og:image:height\" content=\"698\" \/>\n\t<meta property=\"og:image:type\" content=\"image\/jpeg\" \/>\n<meta name=\"twitter:card\" content=\"summary_large_image\" \/>\n<meta name=\"twitter:label1\" content=\"Tempo estimado de leitura\" \/>\n\t<meta name=\"twitter:data1\" content=\"3 minutos\" \/>\n<script type=\"application\/ld+json\" class=\"yoast-schema-graph\">{\"@context\":\"https:\\\/\\\/schema.org\",\"@graph\":[{\"@type\":\"WebPage\",\"@id\":\"https:\\\/\\\/arabian-mood.com\\\/produit\\\/eau-de-parfum-la-luna-gissah\\\/\",\"url\":\"https:\\\/\\\/arabian-mood.com\\\/produit\\\/eau-de-parfum-la-luna-gissah\\\/\",\"name\":\"Eau de parfum La Luna 200 ml | Gissah Perfumes\",\"isPartOf\":{\"@id\":\"https:\\\/\\\/arabian-mood.com\\\/#website\"},\"primaryImageOfPage\":{\"@id\":\"https:\\\/\\\/arabian-mood.com\\\/produit\\\/eau-de-parfum-la-luna-gissah\\\/#primaryimage\"},\"image\":{\"@id\":\"https:\\\/\\\/arabian-mood.com\\\/produit\\\/eau-de-parfum-la-luna-gissah\\\/#primaryimage\"},\"thumbnailUrl\":\"https:\\\/\\\/arabian-mood.com\\\/wp-content\\\/uploads\\\/2025\\\/06\\\/Capture.jpg\",\"datePublished\":\"2025-06-28T15:46:07+00:00\",\"dateModified\":\"2026-02-24T17:18:41+00:00\",\"description\":\"La Luna Gissah : eau de parfum mixte 200ml aux notes bois\u00e9es, ambr\u00e9es et gourmandes. Sillage puissant, tenue longue dur\u00e9e. D\u00e9couvrez ce parfum original !\",\"breadcrumb\":{\"@id\":\"https:\\\/\\\/arabian-mood.com\\\/produit\\\/eau-de-parfum-la-luna-gissah\\\/#breadcrumb\"},\"inLanguage\":\"pt-PT\",\"potentialAction\":[{\"@type\":\"ReadAction\",\"target\":[\"https:\\\/\\\/arabian-mood.com\\\/produit\\\/eau-de-parfum-la-luna-gissah\\\/\"]}]},{\"@type\":\"ImageObject\",\"inLanguage\":\"pt-PT\",\"@id\":\"https:\\\/\\\/arabian-mood.com\\\/produit\\\/eau-de-parfum-la-luna-gissah\\\/#primaryimage\",\"url\":\"https:\\\/\\\/arabian-mood.com\\\/wp-content\\\/uploads\\\/2025\\\/06\\\/Capture.jpg\",\"contentUrl\":\"https:\\\/\\\/arabian-mood.com\\\/wp-content\\\/uploads\\\/2025\\\/06\\\/Capture.jpg\",\"width\":698,\"height\":698,\"caption\":\"la luna gissah\"},{\"@type\":\"BreadcrumbList\",\"@id\":\"https:\\\/\\\/arabian-mood.com\\\/produit\\\/eau-de-parfum-la-luna-gissah\\\/#breadcrumb\",\"itemListElement\":[{\"@type\":\"ListItem\",\"position\":1,\"name\":\"Accueil\",\"item\":\"https:\\\/\\\/arabian-mood.com\\\/\"},{\"@type\":\"ListItem\",\"position\":2,\"name\":\"Boutique\",\"item\":\"https:\\\/\\\/arabian-mood.com\\\/boutique\\\/\"},{\"@type\":\"ListItem\",\"position\":3,\"name\":\"Eau de parfum La Luna 200 ml &#8211; Gissah\"}]},{\"@type\":\"WebSite\",\"@id\":\"https:\\\/\\\/arabian-mood.com\\\/#website\",\"url\":\"https:\\\/\\\/arabian-mood.com\\\/\",\"name\":\"Arabian Mood\",\"description\":\"\",\"publisher\":{\"@id\":\"https:\\\/\\\/arabian-mood.com\\\/#organization\"},\"potentialAction\":[{\"@type\":\"SearchAction\",\"target\":{\"@type\":\"EntryPoint\",\"urlTemplate\":\"https:\\\/\\\/arabian-mood.com\\\/?s={search_term_string}\"},\"query-input\":{\"@type\":\"PropertyValueSpecification\",\"valueRequired\":true,\"valueName\":\"search_term_string\"}}],\"inLanguage\":\"pt-PT\"},{\"@type\":\"Organization\",\"@id\":\"https:\\\/\\\/arabian-mood.com\\\/#organization\",\"name\":\"Arabian Mood\",\"url\":\"https:\\\/\\\/arabian-mood.com\\\/\",\"logo\":{\"@type\":\"ImageObject\",\"inLanguage\":\"pt-PT\",\"@id\":\"https:\\\/\\\/arabian-mood.com\\\/#\\\/schema\\\/logo\\\/image\\\/\",\"url\":\"https:\\\/\\\/arabian-mood.com\\\/wp-content\\\/uploads\\\/2024\\\/09\\\/Groupe-11304.svg\",\"contentUrl\":\"https:\\\/\\\/arabian-mood.com\\\/wp-content\\\/uploads\\\/2024\\\/09\\\/Groupe-11304.svg\",\"width\":214,\"height\":27,\"caption\":\"Arabian Mood\"},\"image\":{\"@id\":\"https:\\\/\\\/arabian-mood.com\\\/#\\\/schema\\\/logo\\\/image\\\/\"},\"sameAs\":[\"https:\\\/\\\/www.instagram.com\\\/arabianmoodofficiel\\\/\"]}]}<\/script>\n<!-- \/ Yoast SEO plugin. -->","yoast_head_json":{"title":"Eau de parfum La Luna 200 ml | Gissah Perfumes","description":"La Luna Gissah: eau de parfum unissexo 200ml com notas amadeiradas, ambaradas e gourmand. Sillage potente, fixa\u00e7\u00e3o longa dura\u00e7\u00e3o. Descubra esta fragr\u00e2ncia original!","robots":{"index":"index","follow":"follow","max-snippet":"max-snippet:-1","max-image-preview":"max-image-preview:large","max-video-preview":"max-video-preview:-1"},"canonical":"https:\/\/arabian-mood.com\/pt\/product-2\/eau-de-parfum-la-luna-gissah\/","og_locale":"pt_PT","og_type":"article","og_title":"Eau de parfum La Luna 200 ml | Gissah Perfumes","og_description":"La Luna Gissah : eau de parfum mixte 200ml aux notes bois\u00e9es, ambr\u00e9es et gourmandes. Sillage puissant, tenue longue dur\u00e9e. D\u00e9couvrez ce parfum original !","og_url":"https:\/\/arabian-mood.com\/pt\/product-2\/eau-de-parfum-la-luna-gissah\/","og_site_name":"Arabian Mood","article_modified_time":"2026-02-24T17:18:41+00:00","og_image":[{"width":698,"height":698,"url":"https:\/\/arabian-mood.com\/wp-content\/uploads\/2025\/06\/Capture.jpg","type":"image\/jpeg"}],"twitter_card":"summary_large_image","twitter_misc":{"Tempo estimado de leitura":"3 minutos"},"schema":{"@context":"https:\/\/schema.org","@graph":[{"@type":"WebPage","@id":"https:\/\/arabian-mood.com\/produit\/eau-de-parfum-la-luna-gissah\/","url":"https:\/\/arabian-mood.com\/produit\/eau-de-parfum-la-luna-gissah\/","name":"Eau de parfum La Luna 200 ml | Gissah Perfumes","isPartOf":{"@id":"https:\/\/arabian-mood.com\/#website"},"primaryImageOfPage":{"@id":"https:\/\/arabian-mood.com\/produit\/eau-de-parfum-la-luna-gissah\/#primaryimage"},"image":{"@id":"https:\/\/arabian-mood.com\/produit\/eau-de-parfum-la-luna-gissah\/#primaryimage"},"thumbnailUrl":"https:\/\/arabian-mood.com\/wp-content\/uploads\/2025\/06\/Capture.jpg","datePublished":"2025-06-28T15:46:07+00:00","dateModified":"2026-02-24T17:18:41+00:00","description":"La Luna Gissah: eau de parfum unissexo 200ml com notas amadeiradas, ambaradas e gourmand. Sillage potente, fixa\u00e7\u00e3o longa dura\u00e7\u00e3o. Descubra esta fragr\u00e2ncia original!","breadcrumb":{"@id":"https:\/\/arabian-mood.com\/produit\/eau-de-parfum-la-luna-gissah\/#breadcrumb"},"inLanguage":"pt-PT","potentialAction":[{"@type":"ReadAction","target":["https:\/\/arabian-mood.com\/produit\/eau-de-parfum-la-luna-gissah\/"]}]},{"@type":"ImageObject","inLanguage":"pt-PT","@id":"https:\/\/arabian-mood.com\/produit\/eau-de-parfum-la-luna-gissah\/#primaryimage","url":"https:\/\/arabian-mood.com\/wp-content\/uploads\/2025\/06\/Capture.jpg","contentUrl":"https:\/\/arabian-mood.com\/wp-content\/uploads\/2025\/06\/Capture.jpg","width":698,"height":698,"caption":"la luna gissah"},{"@type":"BreadcrumbList","@id":"https:\/\/arabian-mood.com\/produit\/eau-de-parfum-la-luna-gissah\/#breadcrumb","itemListElement":[{"@type":"ListItem","position":1,"name":"Accueil","item":"https:\/\/arabian-mood.com\/"},{"@type":"ListItem","position":2,"name":"Boutique","item":"https:\/\/arabian-mood.com\/boutique\/"},{"@type":"ListItem","position":3,"name":"Eau de parfum La Luna 200 ml &#8211; Gissah"}]},{"@type":"WebSite","@id":"https:\/\/arabian-mood.com\/#website","url":"https:\/\/arabian-mood.com\/","name":"Ambiente \u00c1rabe","description":"","publisher":{"@id":"https:\/\/arabian-mood.com\/#organization"},"potentialAction":[{"@type":"SearchAction","target":{"@type":"EntryPoint","urlTemplate":"https:\/\/arabian-mood.com\/?s={search_term_string}"},"query-input":{"@type":"PropertyValueSpecification","valueRequired":true,"valueName":"search_term_string"}}],"inLanguage":"pt-PT"},{"@type":"Organization","@id":"https:\/\/arabian-mood.com\/#organization","name":"Ambiente \u00c1rabe","url":"https:\/\/arabian-mood.com\/","logo":{"@type":"ImageObject","inLanguage":"pt-PT","@id":"https:\/\/arabian-mood.com\/#\/schema\/logo\/image\/","url":"https:\/\/arabian-mood.com\/wp-content\/uploads\/2024\/09\/Groupe-11304.svg","contentUrl":"https:\/\/arabian-mood.com\/wp-content\/uploads\/2024\/09\/Groupe-11304.svg","width":214,"height":27,"caption":"Arabian Mood"},"image":{"@id":"https:\/\/arabian-mood.com\/#\/schema\/logo\/image\/"},"sameAs":["https:\/\/www.instagram.com\/arabianmoodofficiel\/"]}]}},"_links":{"self":[{"href":"https:\/\/arabian-mood.com\/pt\/wp-json\/wp\/v2\/product\/9393","targetHints":{"allow":["GET"]}}],"collection":[{"href":"https:\/\/arabian-mood.com\/pt\/wp-json\/wp\/v2\/product"}],"about":[{"href":"https:\/\/arabian-mood.com\/pt\/wp-json\/wp\/v2\/types\/product"}],"wp:featuredmedia":[{"embeddable":true,"href":"https:\/\/arabian-mood.com\/pt\/wp-json\/wp\/v2\/media\/9404"}],"wp:attachment":[{"href":"https:\/\/arabian-mood.com\/pt\/wp-json\/wp\/v2\/media?parent=9393"}],"wp:term":[{"taxonomy":"product_brand","embeddable":true,"href":"https:\/\/arabian-mood.com\/pt\/wp-json\/wp\/v2\/product_brand?post=9393"},{"taxonomy":"product_cat","embeddable":true,"href":"https:\/\/arabian-mood.com\/pt\/wp-json\/wp\/v2\/product_cat?post=9393"},{"taxonomy":"product_tag","embeddable":true,"href":"https:\/\/arabian-mood.com\/pt\/wp-json\/wp\/v2\/product_tag?post=9393"}],"curies":[{"name":"wp","href":"https:\/\/api.w.org\/{rel}","templated":true}]}}