{"id":9416,"date":"2025-07-02T18:21:32","date_gmt":"2025-07-02T16:21:32","guid":{"rendered":"https:\/\/arabian-mood.com\/?post_type=product&#038;p=9416"},"modified":"2026-02-24T18:16:52","modified_gmt":"2026-02-24T17:16:52","slug":"eau-de-parfum-voila-200-ml-gissah","status":"publish","type":"product","link":"https:\/\/arabian-mood.com\/pt\/produit\/eau-de-parfum-voila-200-ml-gissah\/","title":{"rendered":"Eau de parfum Voil\u00e0 200 ml \u2013 Gissah"},"content":{"rendered":"<div>Est\u00e1 farto de gastar grandes fortunas num pequeno frasco que acaba em tr\u00eas meses? <strong>Est\u00e1 feito<\/strong> de <strong>Gissah<\/strong> prop\u00f5e 200 ml de \u00e1gua de perfume que cheire realmente bem, a um pre\u00e7o que n\u00e3o magoa.<\/div>\n<h2>O que significa Voil\u00e0 by Gissah Perfumes exatamente?<\/h2>\n<div>Assim que o puser, o <strong>flor de laranjeira<\/strong> chega com a sua frescura. <strong>Tangerina<\/strong> adicione um toque borbulhante agrad\u00e1vel, e o\u2019<strong>heliotropo<\/strong> traz essa do\u00e7ura em p\u00f3. Come\u00e7a bem, p\u00f5e de bom humor imediatamente.<\/div>\n<div><\/div>\n<div>Depois, \u00e9 o <strong>jasmim<\/strong> que assume o comando com a sua eleg\u00e2ncia floral. Des <strong>toques melosos<\/strong> juntam-se tamb\u00e9m ao todo para o suavizar sem o tornar demasiado doce. \u00c9 aqui que o Voil\u00e0 mostra o que vale: \u00e9 <strong>feminino<\/strong> mas n\u00e3o piegas, <strong>floral<\/strong> mas n\u00e3o \u00e9 banal.<\/div>\n<div><\/div>\n<div>E \u00e9 no fundo que a fragr\u00e2ncia ganha toda a sua dimens\u00e3o. <strong>Rosa<\/strong>, <strong>m\u00fafec<\/strong> e <strong>\u00e2mbar<\/strong> cr\u00e9ia esta aura quente que se agarra \u00e0 sua pele. N\u00e3o se admire se lhe perguntarem que perfume usa durante todo o dia!<\/div>\n<h3>As raz\u00f5es para comprar Voil\u00e0 de Gissah<\/h3>\n<div>O frasco de 200 ml, d\u00e1 para o dobro de um perfume normal. Borrifa-se sem contar, sem o stress de acabar demasiado depressa. A verdade \u00e9 que muda a vida no dia a dia. Para al\u00e9m disso, \u00e9 um <strong>perfume unissexo<\/strong>. Se juntar ao seu cesto mais um perfume unissexo da mesma cole\u00e7\u00e3o, como <a href=\"https:\/\/arabian-mood.com\/pt\/product-2\/eau-de-parfum-hudson-valley-200-ml-gissah\/\"><strong>Vale do Hudson<\/strong><\/a> por exemplo, e ter\u00e1 a sensa\u00e7\u00e3o de ter encomendado 4 perfumes!<\/div>\n<div><\/div>\n<div>Caso contr\u00e1rio, pode usar o Voil\u00e0 Gissah em todo o lado. Acompanha-o no trabalho, real\u00e7a as suas noites e imp\u00f5e-se nos seus encontros de fim de semana. Um \u00fanico perfume que cumpre a sua fun\u00e7\u00e3o em todas as situa\u00e7\u00f5es. Pr\u00e1tico quando n\u00e3o quer complicar a sua vida.<\/div>\n<div><\/div>\n<div>O conjunto aguenta mesmo. Gra\u00e7as \u00e0 sua concentra\u00e7\u00e3o e a estes <strong>notas \u00e2mbar-almiscaradas<\/strong>, ele dura em si da manh\u00e3 \u00e0 noite. N\u00e3o h\u00e1 necessidade de se perfumar a cada duas horas como com as fragr\u00e2ncias baratas que n\u00e3o duram ou duram muito pouco.<\/div>\n<div><\/div>\n<div>E, acima de tudo, o pre\u00e7o continua razo\u00e1vel. Tem acesso a um <strong>perfume de luxo<\/strong> que, apesar disso, n\u00e3o agride o seu cart\u00e3o de cr\u00e9dito.<\/div>\n<h3>Uma fragr\u00e2ncia floral que agrada tamb\u00e9m aos homens<\/h3>\n<div>Se gosta de <strong>perfumes florais<\/strong> acolhedor mas que o seu pre\u00e7o o impede, Voil\u00e0 de Gissah resolve o problema. Mesmo estilo, mesma dura\u00e7\u00e3o, frasco maior, pre\u00e7o mais acess\u00edvel. Ali\u00e1s, mesmo que o vendamos muitas vezes como <strong>perfume feminino<\/strong>, muitos homens apreciam os florais sofisticados e n\u00e3o hesitam em adot\u00e1-los. Experimente, deixe a sua pele falar.<\/div>","protected":false},"excerpt":{"rendered":"<section class=\"elementor-section elementor-inner-section elementor-element elementor-element-bd10d66 elementor-section-boxed elementor-section-height-default elementor-section-height-default\" data-id=\"bd10d66\" data-element_type=\"section\">\n<div class=\"elementor-container elementor-column-gap-default\">\n<div class=\"elementor-column elementor-col-100 elementor-inner-column elementor-element elementor-element-40f0694\" data-id=\"40f0694\" data-element_type=\"column\">\n<div class=\"elementor-widget-wrap elementor-element-populated\">\n<div class=\"elementor-element elementor-element-c183d55 elementor-widget elementor-widget-woocommerce-product-short-description\" data-id=\"c183d55\" data-element_type=\"widget\" data-widget_type=\"woocommerce-product-short-description.default\">\n<div class=\"elementor-widget-container\">\n<div class=\"woocommerce-product-details__short-description\">\n<p><strong>Nota de topo<\/strong> Flor de laranjeira, Mel, Heliotropo<br \/>\n<strong>Notas de cora\u00e7\u00e3o<\/strong> Jasmin, Mandarina<br \/>\n<strong>Nota de fundo<\/strong> : Rosas, Alm\u00edscar, \u00c2mbar<\/p>\n<p><strong>G\u00e9nero:<\/strong>misto<\/p>\n<\/div>\n<\/div>\n<\/div>\n<\/div>\n<\/div>\n<\/div>\n<\/section>","protected":false},"featured_media":9417,"template":"","meta":[],"product_brand":[],"product_cat":[580],"product_tag":[],"class_list":{"0":"post-9416","1":"product","2":"type-product","3":"status-publish","4":"has-post-thumbnail","6":"product_cat-gissah-perfumes","8":"first","9":"instock","10":"sale","11":"taxable","12":"shipping-taxable","13":"purchasable","14":"product-type-simple"},"yoast_head":"<!-- This site is optimized with the Yoast SEO plugin v27.4 - https:\/\/yoast.com\/product\/yoast-seo-wordpress\/ -->\n<title>Eau de parfum Voil\u00e0 200 ml | Gissah Perfumes<\/title>\n<meta name=\"description\" content=\"eau de parfum florale ambr\u00e9e \u00e0 la fleur d&#039;oranger, jasmin et musc. Alternative luxe abordable, tenue longue dur\u00e9e, sillage captivant.\" \/>\n<meta name=\"robots\" content=\"index, follow, max-snippet:-1, max-image-preview:large, max-video-preview:-1\" \/>\n<link rel=\"canonical\" href=\"https:\/\/arabian-mood.com\/pt\/product-2\/eau-de-parfum-voila-200-ml-gissah\/\" \/>\n<meta property=\"og:locale\" content=\"pt_PT\" \/>\n<meta property=\"og:type\" content=\"article\" \/>\n<meta property=\"og:title\" content=\"Eau de parfum Voil\u00e0 200 ml | Gissah Perfumes\" \/>\n<meta property=\"og:description\" content=\"eau de parfum florale ambr\u00e9e \u00e0 la fleur d&#039;oranger, jasmin et musc. Alternative luxe abordable, tenue longue dur\u00e9e, sillage captivant.\" \/>\n<meta property=\"og:url\" content=\"https:\/\/arabian-mood.com\/pt\/product-2\/eau-de-parfum-voila-200-ml-gissah\/\" \/>\n<meta property=\"og:site_name\" content=\"Arabian Mood\" \/>\n<meta property=\"article:modified_time\" content=\"2026-02-24T17:16:52+00:00\" \/>\n<meta property=\"og:image\" content=\"https:\/\/arabian-mood.com\/wp-content\/uploads\/2025\/07\/voila-gissah.jpg\" \/>\n\t<meta property=\"og:image:width\" content=\"600\" \/>\n\t<meta property=\"og:image:height\" content=\"600\" \/>\n\t<meta property=\"og:image:type\" content=\"image\/jpeg\" \/>\n<meta name=\"twitter:card\" content=\"summary_large_image\" \/>\n<meta name=\"twitter:label1\" content=\"Est. reading time\" \/>\n\t<meta name=\"twitter:data1\" content=\"3 minutos\" \/>\n<script type=\"application\/ld+json\" class=\"yoast-schema-graph\">{\"@context\":\"https:\\\/\\\/schema.org\",\"@graph\":[{\"@type\":\"WebPage\",\"@id\":\"https:\\\/\\\/arabian-mood.com\\\/produit\\\/eau-de-parfum-voila-200-ml-gissah\\\/\",\"url\":\"https:\\\/\\\/arabian-mood.com\\\/produit\\\/eau-de-parfum-voila-200-ml-gissah\\\/\",\"name\":\"Eau de parfum Voil\u00e0 200 ml | Gissah Perfumes\",\"isPartOf\":{\"@id\":\"https:\\\/\\\/arabian-mood.com\\\/#website\"},\"primaryImageOfPage\":{\"@id\":\"https:\\\/\\\/arabian-mood.com\\\/produit\\\/eau-de-parfum-voila-200-ml-gissah\\\/#primaryimage\"},\"image\":{\"@id\":\"https:\\\/\\\/arabian-mood.com\\\/produit\\\/eau-de-parfum-voila-200-ml-gissah\\\/#primaryimage\"},\"thumbnailUrl\":\"https:\\\/\\\/arabian-mood.com\\\/wp-content\\\/uploads\\\/2025\\\/07\\\/voila-gissah.jpg\",\"datePublished\":\"2025-07-02T16:21:32+00:00\",\"dateModified\":\"2026-02-24T17:16:52+00:00\",\"description\":\"eau de parfum florale ambr\u00e9e \u00e0 la fleur d'oranger, jasmin et musc. Alternative luxe abordable, tenue longue dur\u00e9e, sillage captivant.\",\"breadcrumb\":{\"@id\":\"https:\\\/\\\/arabian-mood.com\\\/produit\\\/eau-de-parfum-voila-200-ml-gissah\\\/#breadcrumb\"},\"inLanguage\":\"pt-PT\",\"potentialAction\":[{\"@type\":\"ReadAction\",\"target\":[\"https:\\\/\\\/arabian-mood.com\\\/produit\\\/eau-de-parfum-voila-200-ml-gissah\\\/\"]}]},{\"@type\":\"ImageObject\",\"inLanguage\":\"pt-PT\",\"@id\":\"https:\\\/\\\/arabian-mood.com\\\/produit\\\/eau-de-parfum-voila-200-ml-gissah\\\/#primaryimage\",\"url\":\"https:\\\/\\\/arabian-mood.com\\\/wp-content\\\/uploads\\\/2025\\\/07\\\/voila-gissah.jpg\",\"contentUrl\":\"https:\\\/\\\/arabian-mood.com\\\/wp-content\\\/uploads\\\/2025\\\/07\\\/voila-gissah.jpg\",\"width\":600,\"height\":600,\"caption\":\"Voil\u00e0 gissah\"},{\"@type\":\"BreadcrumbList\",\"@id\":\"https:\\\/\\\/arabian-mood.com\\\/produit\\\/eau-de-parfum-voila-200-ml-gissah\\\/#breadcrumb\",\"itemListElement\":[{\"@type\":\"ListItem\",\"position\":1,\"name\":\"Accueil\",\"item\":\"https:\\\/\\\/arabian-mood.com\\\/\"},{\"@type\":\"ListItem\",\"position\":2,\"name\":\"Boutique\",\"item\":\"https:\\\/\\\/arabian-mood.com\\\/boutique\\\/\"},{\"@type\":\"ListItem\",\"position\":3,\"name\":\"Eau de parfum Voil\u00e0 200 ml &#8211; Gissah\"}]},{\"@type\":\"WebSite\",\"@id\":\"https:\\\/\\\/arabian-mood.com\\\/#website\",\"url\":\"https:\\\/\\\/arabian-mood.com\\\/\",\"name\":\"Arabian Mood\",\"description\":\"\",\"publisher\":{\"@id\":\"https:\\\/\\\/arabian-mood.com\\\/#organization\"},\"potentialAction\":[{\"@type\":\"SearchAction\",\"target\":{\"@type\":\"EntryPoint\",\"urlTemplate\":\"https:\\\/\\\/arabian-mood.com\\\/?s={search_term_string}\"},\"query-input\":{\"@type\":\"PropertyValueSpecification\",\"valueRequired\":true,\"valueName\":\"search_term_string\"}}],\"inLanguage\":\"pt-PT\"},{\"@type\":\"Organization\",\"@id\":\"https:\\\/\\\/arabian-mood.com\\\/#organization\",\"name\":\"Arabian Mood\",\"url\":\"https:\\\/\\\/arabian-mood.com\\\/\",\"logo\":{\"@type\":\"ImageObject\",\"inLanguage\":\"pt-PT\",\"@id\":\"https:\\\/\\\/arabian-mood.com\\\/#\\\/schema\\\/logo\\\/image\\\/\",\"url\":\"https:\\\/\\\/arabian-mood.com\\\/wp-content\\\/uploads\\\/2024\\\/09\\\/Groupe-11304.svg\",\"contentUrl\":\"https:\\\/\\\/arabian-mood.com\\\/wp-content\\\/uploads\\\/2024\\\/09\\\/Groupe-11304.svg\",\"width\":214,\"height\":27,\"caption\":\"Arabian Mood\"},\"image\":{\"@id\":\"https:\\\/\\\/arabian-mood.com\\\/#\\\/schema\\\/logo\\\/image\\\/\"},\"sameAs\":[\"https:\\\/\\\/www.instagram.com\\\/arabianmoodofficiel\\\/\"]}]}<\/script>\n<!-- \/ Yoast SEO plugin. -->","yoast_head_json":{"title":"Eau de parfum Voil\u00e0 200 ml | Gissah Perfumes","description":"Eau de Parfum floral ambarado com flor de laranjeira, jasmim e musk. Alternativa de luxo acess\u00edvel, fixa\u00e7\u00e3o longa dura\u00e7\u00e3o, rasto cativante.","robots":{"index":"index","follow":"follow","max-snippet":"max-snippet:-1","max-image-preview":"max-image-preview:large","max-video-preview":"max-video-preview:-1"},"canonical":"https:\/\/arabian-mood.com\/pt\/product-2\/eau-de-parfum-voila-200-ml-gissah\/","og_locale":"pt_PT","og_type":"article","og_title":"Eau de parfum Voil\u00e0 200 ml | Gissah Perfumes","og_description":"eau de parfum florale ambr\u00e9e \u00e0 la fleur d'oranger, jasmin et musc. Alternative luxe abordable, tenue longue dur\u00e9e, sillage captivant.","og_url":"https:\/\/arabian-mood.com\/pt\/product-2\/eau-de-parfum-voila-200-ml-gissah\/","og_site_name":"Arabian Mood","article_modified_time":"2026-02-24T17:16:52+00:00","og_image":[{"width":600,"height":600,"url":"https:\/\/arabian-mood.com\/wp-content\/uploads\/2025\/07\/voila-gissah.jpg","type":"image\/jpeg"}],"twitter_card":"summary_large_image","twitter_misc":{"Est. reading time":"3 minutos"},"schema":{"@context":"https:\/\/schema.org","@graph":[{"@type":"WebPage","@id":"https:\/\/arabian-mood.com\/produit\/eau-de-parfum-voila-200-ml-gissah\/","url":"https:\/\/arabian-mood.com\/produit\/eau-de-parfum-voila-200-ml-gissah\/","name":"Eau de parfum Voil\u00e0 200 ml | Gissah Perfumes","isPartOf":{"@id":"https:\/\/arabian-mood.com\/#website"},"primaryImageOfPage":{"@id":"https:\/\/arabian-mood.com\/produit\/eau-de-parfum-voila-200-ml-gissah\/#primaryimage"},"image":{"@id":"https:\/\/arabian-mood.com\/produit\/eau-de-parfum-voila-200-ml-gissah\/#primaryimage"},"thumbnailUrl":"https:\/\/arabian-mood.com\/wp-content\/uploads\/2025\/07\/voila-gissah.jpg","datePublished":"2025-07-02T16:21:32+00:00","dateModified":"2026-02-24T17:16:52+00:00","description":"Eau de Parfum floral ambarado com flor de laranjeira, jasmim e musk. Alternativa de luxo acess\u00edvel, fixa\u00e7\u00e3o longa dura\u00e7\u00e3o, rasto cativante.","breadcrumb":{"@id":"https:\/\/arabian-mood.com\/produit\/eau-de-parfum-voila-200-ml-gissah\/#breadcrumb"},"inLanguage":"pt-PT","potentialAction":[{"@type":"ReadAction","target":["https:\/\/arabian-mood.com\/produit\/eau-de-parfum-voila-200-ml-gissah\/"]}]},{"@type":"ImageObject","inLanguage":"pt-PT","@id":"https:\/\/arabian-mood.com\/produit\/eau-de-parfum-voila-200-ml-gissah\/#primaryimage","url":"https:\/\/arabian-mood.com\/wp-content\/uploads\/2025\/07\/voila-gissah.jpg","contentUrl":"https:\/\/arabian-mood.com\/wp-content\/uploads\/2025\/07\/voila-gissah.jpg","width":600,"height":600,"caption":"Voil\u00e0 gissah"},{"@type":"BreadcrumbList","@id":"https:\/\/arabian-mood.com\/produit\/eau-de-parfum-voila-200-ml-gissah\/#breadcrumb","itemListElement":[{"@type":"ListItem","position":1,"name":"Accueil","item":"https:\/\/arabian-mood.com\/"},{"@type":"ListItem","position":2,"name":"Boutique","item":"https:\/\/arabian-mood.com\/boutique\/"},{"@type":"ListItem","position":3,"name":"Eau de parfum Voil\u00e0 200 ml &#8211; Gissah"}]},{"@type":"WebSite","@id":"https:\/\/arabian-mood.com\/#website","url":"https:\/\/arabian-mood.com\/","name":"Ambiente \u00c1rabe","description":"","publisher":{"@id":"https:\/\/arabian-mood.com\/#organization"},"potentialAction":[{"@type":"SearchAction","target":{"@type":"EntryPoint","urlTemplate":"https:\/\/arabian-mood.com\/?s={search_term_string}"},"query-input":{"@type":"PropertyValueSpecification","valueRequired":true,"valueName":"search_term_string"}}],"inLanguage":"pt-PT"},{"@type":"Organization","@id":"https:\/\/arabian-mood.com\/#organization","name":"Ambiente \u00c1rabe","url":"https:\/\/arabian-mood.com\/","logo":{"@type":"ImageObject","inLanguage":"pt-PT","@id":"https:\/\/arabian-mood.com\/#\/schema\/logo\/image\/","url":"https:\/\/arabian-mood.com\/wp-content\/uploads\/2024\/09\/Groupe-11304.svg","contentUrl":"https:\/\/arabian-mood.com\/wp-content\/uploads\/2024\/09\/Groupe-11304.svg","width":214,"height":27,"caption":"Arabian Mood"},"image":{"@id":"https:\/\/arabian-mood.com\/#\/schema\/logo\/image\/"},"sameAs":["https:\/\/www.instagram.com\/arabianmoodofficiel\/"]}]}},"_links":{"self":[{"href":"https:\/\/arabian-mood.com\/pt\/wp-json\/wp\/v2\/product\/9416","targetHints":{"allow":["GET"]}}],"collection":[{"href":"https:\/\/arabian-mood.com\/pt\/wp-json\/wp\/v2\/product"}],"about":[{"href":"https:\/\/arabian-mood.com\/pt\/wp-json\/wp\/v2\/types\/product"}],"wp:featuredmedia":[{"embeddable":true,"href":"https:\/\/arabian-mood.com\/pt\/wp-json\/wp\/v2\/media\/9417"}],"wp:attachment":[{"href":"https:\/\/arabian-mood.com\/pt\/wp-json\/wp\/v2\/media?parent=9416"}],"wp:term":[{"taxonomy":"product_brand","embeddable":true,"href":"https:\/\/arabian-mood.com\/pt\/wp-json\/wp\/v2\/product_brand?post=9416"},{"taxonomy":"product_cat","embeddable":true,"href":"https:\/\/arabian-mood.com\/pt\/wp-json\/wp\/v2\/product_cat?post=9416"},{"taxonomy":"product_tag","embeddable":true,"href":"https:\/\/arabian-mood.com\/pt\/wp-json\/wp\/v2\/product_tag?post=9416"}],"curies":[{"name":"wp","href":"https:\/\/api.w.org\/{rel}","templated":true}]}}