{"id":9430,"date":"2025-07-07T09:37:14","date_gmt":"2025-07-07T07:37:14","guid":{"rendered":"https:\/\/arabian-mood.com\/?post_type=product&#038;p=9430"},"modified":"2025-12-03T17:25:39","modified_gmt":"2025-12-03T16:25:39","slug":"canto-indomavel-de-paris","status":"publish","type":"product","link":"https:\/\/arabian-mood.com\/pt\/produit\/indomitable-paris-corner\/","title":{"rendered":"Indomitable 100 ml | Paris Corner"},"content":{"rendered":"<p>Procura um perfume que lhe d\u00ea vontade de sorrir? Ent\u00e3o, escolha o\u2019<strong>Paris Indom\u00e1vel Canto<\/strong>. Esta fragr\u00e2ncia mista tem algo de particular: consegue ser refrescante e acolhedora ao mesmo tempo. Com esta fragr\u00e2ncia, a Paris Corner encontra o tom certo.<\/p>\n<h2>Indomitable Paris Corner: a fragr\u00e2ncia otimista<\/h2>\n<p>Para come\u00e7ar este espet\u00e1culo olfativo, a Paris Corner escolheu confiar <strong>clementina<\/strong> e \u00e0\u2019<strong>laranja<\/strong>. Estes dois frutos criam uma sensa\u00e7\u00e3o de frescura imediata, como uma lufada de ar fresco numa manh\u00e3 de ver\u00e3o. A acidez destes <strong>c\u00edtricos<\/strong> Desperta os sentidos instantaneamente sem nunca agredir. Esta nota de topo frutada \u00e9 ideal para come\u00e7ar o dia. De facto, traz a dose de positividade que todos procuramos ao acordar. Simples, mas eficaz. Abre os olhos com<a href=\"https:\/\/arabian-mood.com\/pt\/product-2\/beijo-tropical-avenue-francesa\/\"> <strong>Beijo Tropical<\/strong><\/a>, outra fragr\u00e2ncia ultrarrefrescante.<\/p>\n<p>As coisas ficam interessantes quando a <strong>ma\u00e7\u00e3<\/strong> junta-te a <strong>bois<\/strong>. Essa associa\u00e7\u00e3o frutado-amadeirada torna a composi\u00e7\u00e3o ainda mais \u00fanica. A ma\u00e7\u00e3 mant\u00e9m uma certa frescura ao mesmo tempo que confere uma riqueza gulosa. O <strong>pimenta preta<\/strong> quanto a ele tem como miss\u00e3o desperta o conjunto. Sem esta nota, o perfume ficaria contido. Com ela, torna-se cativante.<\/p>\n<p>Finalmente, o <strong>neroli<\/strong>, o\u2019<strong>\u00e2mbar<\/strong> e o <strong>alm\u00edscar branco<\/strong> formam um trio not\u00e1vel no fundo. O n\u00e9roli refresca, o \u00e2mbar aquece e o alm\u00edscar branco suaviza.<\/p>\n<h3>Indomitable Paris Corner: o perfume para partilhar!<\/h3>\n<p>A sua versatilidade \u00e9 a for\u00e7a deste <strong>perfume oriental<\/strong> assinado Paris Corner. Homens e mulheres apreciam-no, tornando-o uma escolha inteligente para casais que gostam de partilhar as suas fragr\u00e2ncias.<\/p>\n<p>A sua proje\u00e7\u00e3o mant\u00e9m-se razo\u00e1vel, perfeita para o dia-a-dia ou para ocasi\u00f5es informais. Sente-se sem ser invasivo. Exatamente o que precisa para uso quotidiano.<\/p>\n<h3>A escolha astuta da perfumaria oriental<\/h3>\n<p>Indomitable Paris Corner prova mais uma vez que \u00e9 poss\u00edvel ter qualidade sem se arruinar. Este perfume rivaliza com cria\u00e7\u00f5es muito mais caras, \u00e0 excep\u00e7\u00e3o do pre\u00e7o. Acompanha aqueles que veem a vida pelo lado positivo e que n\u00e3o t\u00eam medo de o mostrar. Um perfume que d\u00e1 confian\u00e7a, simplesmente.<\/p>","protected":false},"excerpt":{"rendered":"<section class=\"elementor-section elementor-inner-section elementor-element elementor-element-bd10d66 elementor-section-boxed elementor-section-height-default elementor-section-height-default\" data-id=\"bd10d66\" data-element_type=\"section\">\n<div class=\"elementor-container elementor-column-gap-default\">\n<div class=\"elementor-column elementor-col-100 elementor-inner-column elementor-element elementor-element-40f0694\" data-id=\"40f0694\" data-element_type=\"column\">\n<div class=\"elementor-widget-wrap elementor-element-populated\">\n<div class=\"elementor-element elementor-element-c183d55 elementor-widget elementor-widget-woocommerce-product-short-description\" data-id=\"c183d55\" data-element_type=\"widget\" data-widget_type=\"woocommerce-product-short-description.default\">\n<div class=\"elementor-widget-container\">\n<div class=\"woocommerce-product-details__short-description\">\n<p><strong>Nota de topo<\/strong> Clementina, Laranja<br \/>\n<strong>Notas de cora\u00e7\u00e3o<\/strong> Notas amadeiradas, ma\u00e7\u00e3, pimenta preta<br \/>\n<strong>Nota de fundo<\/strong> Ner\u00f3li, \u00c2mbar, Alm\u00edscar branco<\/p>\n<\/div>\n<\/div>\n<\/div>\n<\/div>\n<\/div>\n<\/div>\n<\/section>","protected":false},"featured_media":9431,"template":"","meta":[],"product_brand":[],"product_cat":[590,523],"product_tag":[],"class_list":{"0":"post-9430","1":"product","2":"type-product","3":"status-publish","4":"has-post-thumbnail","6":"product_cat-parfum-dubai-mixte","7":"product_cat-paris-corner","9":"first","10":"instock","11":"taxable","12":"shipping-taxable","13":"purchasable","14":"product-type-simple"},"yoast_head":"<!-- This site is optimized with the Yoast SEO plugin v27.5 - https:\/\/yoast.com\/product\/yoast-seo-wordpress\/ -->\n<title>Indomitable 100 ml | Paris Corner<\/title>\n<meta name=\"description\" content=\"Envie d\u2019un parfum qui met de bonne humeur ? Indomitable Paris Corner m\u00eale fra\u00eecheur et caract\u00e8re. Une belle d\u00e9couverte \u00e0 petit prix, \u00e0 essayer.\" \/>\n<meta name=\"robots\" content=\"index, follow, max-snippet:-1, max-image-preview:large, max-video-preview:-1\" \/>\n<link rel=\"canonical\" href=\"https:\/\/arabian-mood.com\/pt\/product-2\/canto-indomavel-de-paris\/\" \/>\n<meta property=\"og:locale\" content=\"pt_PT\" \/>\n<meta property=\"og:type\" content=\"article\" \/>\n<meta property=\"og:title\" content=\"Indomitable 100 ml | Paris Corner\" \/>\n<meta property=\"og:description\" content=\"Envie d\u2019un parfum qui met de bonne humeur ? Indomitable Paris Corner m\u00eale fra\u00eecheur et caract\u00e8re. Une belle d\u00e9couverte \u00e0 petit prix, \u00e0 essayer.\" \/>\n<meta property=\"og:url\" content=\"https:\/\/arabian-mood.com\/pt\/product-2\/canto-indomavel-de-paris\/\" \/>\n<meta property=\"og:site_name\" content=\"Arabian Mood\" \/>\n<meta property=\"article:modified_time\" content=\"2025-12-03T16:25:39+00:00\" \/>\n<meta property=\"og:image\" content=\"https:\/\/arabian-mood.com\/wp-content\/uploads\/2025\/07\/indomitable-paris-corner.jpg\" \/>\n\t<meta property=\"og:image:width\" content=\"600\" \/>\n\t<meta property=\"og:image:height\" content=\"600\" \/>\n\t<meta property=\"og:image:type\" content=\"image\/jpeg\" \/>\n<meta name=\"twitter:card\" content=\"summary_large_image\" \/>\n<meta name=\"twitter:label1\" content=\"Tempo estimado de leitura\" \/>\n\t<meta name=\"twitter:data1\" content=\"2 minutos\" \/>\n<script type=\"application\/ld+json\" class=\"yoast-schema-graph\">{\"@context\":\"https:\\\/\\\/schema.org\",\"@graph\":[{\"@type\":\"WebPage\",\"@id\":\"https:\\\/\\\/arabian-mood.com\\\/produit\\\/indomitable-paris-corner\\\/\",\"url\":\"https:\\\/\\\/arabian-mood.com\\\/produit\\\/indomitable-paris-corner\\\/\",\"name\":\"Indomitable 100 ml | Paris Corner\",\"isPartOf\":{\"@id\":\"https:\\\/\\\/arabian-mood.com\\\/#website\"},\"primaryImageOfPage\":{\"@id\":\"https:\\\/\\\/arabian-mood.com\\\/produit\\\/indomitable-paris-corner\\\/#primaryimage\"},\"image\":{\"@id\":\"https:\\\/\\\/arabian-mood.com\\\/produit\\\/indomitable-paris-corner\\\/#primaryimage\"},\"thumbnailUrl\":\"https:\\\/\\\/arabian-mood.com\\\/wp-content\\\/uploads\\\/2025\\\/07\\\/indomitable-paris-corner.jpg\",\"datePublished\":\"2025-07-07T07:37:14+00:00\",\"dateModified\":\"2025-12-03T16:25:39+00:00\",\"description\":\"Envie d\u2019un parfum qui met de bonne humeur ? Indomitable Paris Corner m\u00eale fra\u00eecheur et caract\u00e8re. Une belle d\u00e9couverte \u00e0 petit prix, \u00e0 essayer.\",\"breadcrumb\":{\"@id\":\"https:\\\/\\\/arabian-mood.com\\\/produit\\\/indomitable-paris-corner\\\/#breadcrumb\"},\"inLanguage\":\"pt-PT\",\"potentialAction\":[{\"@type\":\"ReadAction\",\"target\":[\"https:\\\/\\\/arabian-mood.com\\\/produit\\\/indomitable-paris-corner\\\/\"]}]},{\"@type\":\"ImageObject\",\"inLanguage\":\"pt-PT\",\"@id\":\"https:\\\/\\\/arabian-mood.com\\\/produit\\\/indomitable-paris-corner\\\/#primaryimage\",\"url\":\"https:\\\/\\\/arabian-mood.com\\\/wp-content\\\/uploads\\\/2025\\\/07\\\/indomitable-paris-corner.jpg\",\"contentUrl\":\"https:\\\/\\\/arabian-mood.com\\\/wp-content\\\/uploads\\\/2025\\\/07\\\/indomitable-paris-corner.jpg\",\"width\":600,\"height\":600,\"caption\":\"indomitable paris corner\"},{\"@type\":\"BreadcrumbList\",\"@id\":\"https:\\\/\\\/arabian-mood.com\\\/produit\\\/indomitable-paris-corner\\\/#breadcrumb\",\"itemListElement\":[{\"@type\":\"ListItem\",\"position\":1,\"name\":\"Accueil\",\"item\":\"https:\\\/\\\/arabian-mood.com\\\/\"},{\"@type\":\"ListItem\",\"position\":2,\"name\":\"Boutique\",\"item\":\"https:\\\/\\\/arabian-mood.com\\\/boutique\\\/\"},{\"@type\":\"ListItem\",\"position\":3,\"name\":\"Indomitable 100 ml | Paris Corner\"}]},{\"@type\":\"WebSite\",\"@id\":\"https:\\\/\\\/arabian-mood.com\\\/#website\",\"url\":\"https:\\\/\\\/arabian-mood.com\\\/\",\"name\":\"Arabian Mood\",\"description\":\"\",\"publisher\":{\"@id\":\"https:\\\/\\\/arabian-mood.com\\\/#organization\"},\"potentialAction\":[{\"@type\":\"SearchAction\",\"target\":{\"@type\":\"EntryPoint\",\"urlTemplate\":\"https:\\\/\\\/arabian-mood.com\\\/?s={search_term_string}\"},\"query-input\":{\"@type\":\"PropertyValueSpecification\",\"valueRequired\":true,\"valueName\":\"search_term_string\"}}],\"inLanguage\":\"pt-PT\"},{\"@type\":\"Organization\",\"@id\":\"https:\\\/\\\/arabian-mood.com\\\/#organization\",\"name\":\"Arabian Mood\",\"url\":\"https:\\\/\\\/arabian-mood.com\\\/\",\"logo\":{\"@type\":\"ImageObject\",\"inLanguage\":\"pt-PT\",\"@id\":\"https:\\\/\\\/arabian-mood.com\\\/#\\\/schema\\\/logo\\\/image\\\/\",\"url\":\"https:\\\/\\\/arabian-mood.com\\\/wp-content\\\/uploads\\\/2024\\\/09\\\/Groupe-11304.svg\",\"contentUrl\":\"https:\\\/\\\/arabian-mood.com\\\/wp-content\\\/uploads\\\/2024\\\/09\\\/Groupe-11304.svg\",\"width\":214,\"height\":27,\"caption\":\"Arabian Mood\"},\"image\":{\"@id\":\"https:\\\/\\\/arabian-mood.com\\\/#\\\/schema\\\/logo\\\/image\\\/\"},\"sameAs\":[\"https:\\\/\\\/www.instagram.com\\\/arabianmoodofficiel\\\/\"]}]}<\/script>\n<!-- \/ Yoast SEO plugin. -->","yoast_head_json":{"title":"Indomitable 100 ml | Paris Corner","description":"Procura um perfume que lhe d\u00ea energia? O Indomitable da Paris Corner combina frescura e car\u00e1ter. Uma excelente descoberta a um pre\u00e7o acess\u00edvel, a experimentar.","robots":{"index":"index","follow":"follow","max-snippet":"max-snippet:-1","max-image-preview":"max-image-preview:large","max-video-preview":"max-video-preview:-1"},"canonical":"https:\/\/arabian-mood.com\/pt\/product-2\/canto-indomavel-de-paris\/","og_locale":"pt_PT","og_type":"article","og_title":"Indomitable 100 ml | Paris Corner","og_description":"Envie d\u2019un parfum qui met de bonne humeur ? Indomitable Paris Corner m\u00eale fra\u00eecheur et caract\u00e8re. Une belle d\u00e9couverte \u00e0 petit prix, \u00e0 essayer.","og_url":"https:\/\/arabian-mood.com\/pt\/product-2\/canto-indomavel-de-paris\/","og_site_name":"Arabian Mood","article_modified_time":"2025-12-03T16:25:39+00:00","og_image":[{"width":600,"height":600,"url":"https:\/\/arabian-mood.com\/wp-content\/uploads\/2025\/07\/indomitable-paris-corner.jpg","type":"image\/jpeg"}],"twitter_card":"summary_large_image","twitter_misc":{"Tempo estimado de leitura":"2 minutos"},"schema":{"@context":"https:\/\/schema.org","@graph":[{"@type":"WebPage","@id":"https:\/\/arabian-mood.com\/produit\/indomitable-paris-corner\/","url":"https:\/\/arabian-mood.com\/produit\/indomitable-paris-corner\/","name":"Indomitable 100 ml | Paris Corner","isPartOf":{"@id":"https:\/\/arabian-mood.com\/#website"},"primaryImageOfPage":{"@id":"https:\/\/arabian-mood.com\/produit\/indomitable-paris-corner\/#primaryimage"},"image":{"@id":"https:\/\/arabian-mood.com\/produit\/indomitable-paris-corner\/#primaryimage"},"thumbnailUrl":"https:\/\/arabian-mood.com\/wp-content\/uploads\/2025\/07\/indomitable-paris-corner.jpg","datePublished":"2025-07-07T07:37:14+00:00","dateModified":"2025-12-03T16:25:39+00:00","description":"Procura um perfume que lhe d\u00ea energia? O Indomitable da Paris Corner combina frescura e car\u00e1ter. Uma excelente descoberta a um pre\u00e7o acess\u00edvel, a experimentar.","breadcrumb":{"@id":"https:\/\/arabian-mood.com\/produit\/indomitable-paris-corner\/#breadcrumb"},"inLanguage":"pt-PT","potentialAction":[{"@type":"ReadAction","target":["https:\/\/arabian-mood.com\/produit\/indomitable-paris-corner\/"]}]},{"@type":"ImageObject","inLanguage":"pt-PT","@id":"https:\/\/arabian-mood.com\/produit\/indomitable-paris-corner\/#primaryimage","url":"https:\/\/arabian-mood.com\/wp-content\/uploads\/2025\/07\/indomitable-paris-corner.jpg","contentUrl":"https:\/\/arabian-mood.com\/wp-content\/uploads\/2025\/07\/indomitable-paris-corner.jpg","width":600,"height":600,"caption":"indomitable paris corner"},{"@type":"BreadcrumbList","@id":"https:\/\/arabian-mood.com\/produit\/indomitable-paris-corner\/#breadcrumb","itemListElement":[{"@type":"ListItem","position":1,"name":"Accueil","item":"https:\/\/arabian-mood.com\/"},{"@type":"ListItem","position":2,"name":"Boutique","item":"https:\/\/arabian-mood.com\/boutique\/"},{"@type":"ListItem","position":3,"name":"Indomitable 100 ml | Paris Corner"}]},{"@type":"WebSite","@id":"https:\/\/arabian-mood.com\/#website","url":"https:\/\/arabian-mood.com\/","name":"Ambiente \u00c1rabe","description":"","publisher":{"@id":"https:\/\/arabian-mood.com\/#organization"},"potentialAction":[{"@type":"SearchAction","target":{"@type":"EntryPoint","urlTemplate":"https:\/\/arabian-mood.com\/?s={search_term_string}"},"query-input":{"@type":"PropertyValueSpecification","valueRequired":true,"valueName":"search_term_string"}}],"inLanguage":"pt-PT"},{"@type":"Organization","@id":"https:\/\/arabian-mood.com\/#organization","name":"Ambiente \u00c1rabe","url":"https:\/\/arabian-mood.com\/","logo":{"@type":"ImageObject","inLanguage":"pt-PT","@id":"https:\/\/arabian-mood.com\/#\/schema\/logo\/image\/","url":"https:\/\/arabian-mood.com\/wp-content\/uploads\/2024\/09\/Groupe-11304.svg","contentUrl":"https:\/\/arabian-mood.com\/wp-content\/uploads\/2024\/09\/Groupe-11304.svg","width":214,"height":27,"caption":"Arabian Mood"},"image":{"@id":"https:\/\/arabian-mood.com\/#\/schema\/logo\/image\/"},"sameAs":["https:\/\/www.instagram.com\/arabianmoodofficiel\/"]}]}},"_links":{"self":[{"href":"https:\/\/arabian-mood.com\/pt\/wp-json\/wp\/v2\/product\/9430","targetHints":{"allow":["GET"]}}],"collection":[{"href":"https:\/\/arabian-mood.com\/pt\/wp-json\/wp\/v2\/product"}],"about":[{"href":"https:\/\/arabian-mood.com\/pt\/wp-json\/wp\/v2\/types\/product"}],"wp:featuredmedia":[{"embeddable":true,"href":"https:\/\/arabian-mood.com\/pt\/wp-json\/wp\/v2\/media\/9431"}],"wp:attachment":[{"href":"https:\/\/arabian-mood.com\/pt\/wp-json\/wp\/v2\/media?parent=9430"}],"wp:term":[{"taxonomy":"product_brand","embeddable":true,"href":"https:\/\/arabian-mood.com\/pt\/wp-json\/wp\/v2\/product_brand?post=9430"},{"taxonomy":"product_cat","embeddable":true,"href":"https:\/\/arabian-mood.com\/pt\/wp-json\/wp\/v2\/product_cat?post=9430"},{"taxonomy":"product_tag","embeddable":true,"href":"https:\/\/arabian-mood.com\/pt\/wp-json\/wp\/v2\/product_tag?post=9430"}],"curies":[{"name":"wp","href":"https:\/\/api.w.org\/{rel}","templated":true}]}}