{"id":9642,"date":"2025-08-22T21:14:51","date_gmt":"2025-08-22T19:14:51","guid":{"rendered":"https:\/\/arabian-mood.com\/?post_type=product&#038;p=9642"},"modified":"2025-12-15T16:49:29","modified_gmt":"2025-12-15T15:49:29","slug":"berries-body-oud-100-ml-abdul-samad-al-qurashi","status":"publish","type":"product","link":"https:\/\/arabian-mood.com\/pt\/produit\/berries-body-oud-100-ml-abdul-samad-al-qurashi\/","title":{"rendered":"Berries Body Oud 100 ml \u2013 Abdul Samad Al Qurashi"},"content":{"rendered":"<p>Dentro <strong>Frutos Silvestres Oud<\/strong>, <strong>Abdul Samad Al Qurashi<\/strong> a apostou numa associa\u00e7\u00e3o de <strong>oud<\/strong> e de <strong>frutas<\/strong>. Uma mistura que resulta numa experi\u00eancia olfativa como nenhuma outra que conheceu. Deixe-se, pois, surpreender e seduzir por esta fragr\u00e2ncia que o apanha desprevenido.<\/p>\n<h2>A surpresa do chef encontra-se na nota de topo de Berries Body Oud<\/h2>\n<p>O esquema olfativo deste <strong>eau de parfum unissexo<\/strong> come\u00e7a com uma explos\u00e3o de <strong>ba\u00edas<\/strong> suculentas e de <strong>frutas doces<\/strong>. Os <strong>c\u00edtricos<\/strong> vem equilibrar esta do\u00e7ura frutada, enquanto os <strong>folhas verdes<\/strong> adicionando um toque de frescura natural. Esta entrada efervescente e viva quebra imediatamente a imagem austera que por vezes criamos das fragr\u00e2ncias de oud.<\/p>\n<p>Abdul Samad Al Qurashi construiu a sua reputa\u00e7\u00e3o com base na sua paix\u00e3o por <strong>notas amadeiradas<\/strong>. Mas aqui, foram os frutos que foram homenageados, tal como em <strong><a href=\"https:\/\/arabian-mood.com\/pt\/product-2\/strawberry-musk-100-ml-abdul-samad-al-qurashi\/\">Morango Alm\u00edscar<\/a><\/strong>.<\/p>\n<p>Desl <strong>notas picantes<\/strong> deslizam subtilmente nesta abertura gulosa. O seu papel? Trazer essa <strong>calor oriental<\/strong> caracter\u00edstica sem esmagar os frutos. \u00c9 ali\u00e1s este equil\u00edbrio entre frescura frutada e <strong>especiarias orientais<\/strong> o que torna esta fragr\u00e2ncia t\u00e3o viciante.<\/p>\n<h3>O cora\u00e7\u00e3o floral e de baunilha de Berries Body Oud<\/h3>\n<p>Ao longo das horas, a fragr\u00e2ncia evolui para o seu cora\u00e7\u00e3o onde a <strong>baunilha<\/strong> junta-te a um ramo de <strong>violetas<\/strong> e de <strong>rosas<\/strong>. Ces <strong>notas florais<\/strong> Delicadas suavizam a intensidade do oud que se come\u00e7a a revelar progressivamente. A baunilha traz do\u00e7ura que torna o perfume t\u00e3o sedutor numa mulher como num homem.<\/p>\n<p>As <strong>chips de oud<\/strong>, imergem no centro da composi\u00e7\u00e3o, espalhando lentamente as suas facetas amadeiradas profundas. Ao contr\u00e1rio dos <strong>Parfums de oud tradicionais<\/strong> que podem ser esmagadores, aqui o oud permanece elegante e dosado, sublimado pelo <strong>notas doces<\/strong> que o rodeiam.<\/p>\n<h3>Um tapete oriental que cumpre a tradi\u00e7\u00e3o<\/h3>\n<p>O fundo de Berries Body Oud revela finalmente toda a profundidade do oud real. Estas notas amadeiradas ricas e sensuais criam uma aura que o acompanha durante horas. Mas mesmo em fundo, a assinatura frutado-picante permanece presente, lembrando que n\u00e3o se trata de um oud cl\u00e1ssico, mas sim de uma fragr\u00e2ncia \u00fanica.<\/p>\n<p>Esta <strong>base oriental<\/strong> poderosa garante uma fixa\u00e7\u00e3o excecional: facilmente 8 a 10 horas na pele e muito mais na roupa. Um verdadeiro <strong>perfume oriental<\/strong> que n\u00e3o desaparece ap\u00f3s duas horas.<\/p>\n<p>No que diz respeito ao frasco do perfume Berries Body Oud, \u00e9 elegante e discreto. Reflete, em particular, a filosofia de Abdul Samad Al Qurashi, ou seja, uma apresenta\u00e7\u00e3o que deixa o perfume falar por si. Descubra-o e deixe que se torne a sua nova assinatura olfativa. Porque \u00e9 poss\u00edvel gostar de oud E de frescura frutada.<\/p>","protected":false},"excerpt":{"rendered":"<p><strong>Nota de topo<\/strong> : Bagas, Lim\u00e3o, Frutos doces.<br \/>\n<strong>Notas de cora\u00e7\u00e3o<\/strong> : Lima, Baunilha.<br \/>\n<strong>Nota de fundo<\/strong> Lactonique, Alecrim.<\/p>","protected":false},"featured_media":9643,"template":"","meta":[],"product_brand":[],"product_cat":[581],"product_tag":[],"class_list":{"0":"post-9642","1":"product","2":"type-product","3":"status-publish","4":"has-post-thumbnail","6":"product_cat-abdul-samad-al-qurashi","8":"first","9":"instock","10":"taxable","11":"shipping-taxable","12":"purchasable","13":"product-type-simple"},"yoast_head":"<!-- This site is optimized with the Yoast SEO plugin v27.4 - https:\/\/yoast.com\/product\/yoast-seo-wordpress\/ -->\n<title>Berries Body Oud 100 ml - Abdul Samad Al Qurashi<\/title>\n<meta name=\"robots\" content=\"index, follow, max-snippet:-1, max-image-preview:large, max-video-preview:-1\" \/>\n<link rel=\"canonical\" href=\"https:\/\/arabian-mood.com\/pt\/product-2\/berries-body-oud-100-ml-abdul-samad-al-qurashi\/\" \/>\n<meta property=\"og:locale\" content=\"pt_PT\" \/>\n<meta property=\"og:type\" content=\"article\" \/>\n<meta property=\"og:title\" content=\"Berries Body Oud 100 ml - Abdul Samad Al Qurashi\" \/>\n<meta property=\"og:description\" content=\"Note de t\u00eate : Baies, Citron, Fruits sucr\u00e9s. Note de c\u0153ur : Citron vert, Vanille. Note de fond : Lactonique, Romarin.\" \/>\n<meta property=\"og:url\" content=\"https:\/\/arabian-mood.com\/pt\/product-2\/berries-body-oud-100-ml-abdul-samad-al-qurashi\/\" \/>\n<meta property=\"og:site_name\" content=\"Arabian Mood\" \/>\n<meta property=\"article:modified_time\" content=\"2025-12-15T15:49:29+00:00\" \/>\n<meta property=\"og:image\" content=\"https:\/\/arabian-mood.com\/wp-content\/uploads\/2025\/08\/Berries-Body-oud.jpg\" \/>\n\t<meta property=\"og:image:width\" content=\"600\" \/>\n\t<meta property=\"og:image:height\" content=\"600\" \/>\n\t<meta property=\"og:image:type\" content=\"image\/jpeg\" \/>\n<meta name=\"twitter:card\" content=\"summary_large_image\" \/>\n<meta name=\"twitter:label1\" content=\"Est. reading time\" \/>\n\t<meta name=\"twitter:data1\" content=\"1 minuto\" \/>\n<script type=\"application\/ld+json\" class=\"yoast-schema-graph\">{\"@context\":\"https:\\\/\\\/schema.org\",\"@graph\":[{\"@type\":\"WebPage\",\"@id\":\"https:\\\/\\\/arabian-mood.com\\\/produit\\\/berries-body-oud-100-ml-abdul-samad-al-qurashi\\\/\",\"url\":\"https:\\\/\\\/arabian-mood.com\\\/produit\\\/berries-body-oud-100-ml-abdul-samad-al-qurashi\\\/\",\"name\":\"Berries Body Oud 100 ml - Abdul Samad Al Qurashi\",\"isPartOf\":{\"@id\":\"https:\\\/\\\/arabian-mood.com\\\/#website\"},\"primaryImageOfPage\":{\"@id\":\"https:\\\/\\\/arabian-mood.com\\\/produit\\\/berries-body-oud-100-ml-abdul-samad-al-qurashi\\\/#primaryimage\"},\"image\":{\"@id\":\"https:\\\/\\\/arabian-mood.com\\\/produit\\\/berries-body-oud-100-ml-abdul-samad-al-qurashi\\\/#primaryimage\"},\"thumbnailUrl\":\"https:\\\/\\\/arabian-mood.com\\\/wp-content\\\/uploads\\\/2025\\\/08\\\/Berries-Body-oud.jpg\",\"datePublished\":\"2025-08-22T19:14:51+00:00\",\"dateModified\":\"2025-12-15T15:49:29+00:00\",\"breadcrumb\":{\"@id\":\"https:\\\/\\\/arabian-mood.com\\\/produit\\\/berries-body-oud-100-ml-abdul-samad-al-qurashi\\\/#breadcrumb\"},\"inLanguage\":\"pt-PT\",\"potentialAction\":[{\"@type\":\"ReadAction\",\"target\":[\"https:\\\/\\\/arabian-mood.com\\\/produit\\\/berries-body-oud-100-ml-abdul-samad-al-qurashi\\\/\"]}]},{\"@type\":\"ImageObject\",\"inLanguage\":\"pt-PT\",\"@id\":\"https:\\\/\\\/arabian-mood.com\\\/produit\\\/berries-body-oud-100-ml-abdul-samad-al-qurashi\\\/#primaryimage\",\"url\":\"https:\\\/\\\/arabian-mood.com\\\/wp-content\\\/uploads\\\/2025\\\/08\\\/Berries-Body-oud.jpg\",\"contentUrl\":\"https:\\\/\\\/arabian-mood.com\\\/wp-content\\\/uploads\\\/2025\\\/08\\\/Berries-Body-oud.jpg\",\"width\":600,\"height\":600,\"caption\":\"Berries Body Oud\"},{\"@type\":\"BreadcrumbList\",\"@id\":\"https:\\\/\\\/arabian-mood.com\\\/produit\\\/berries-body-oud-100-ml-abdul-samad-al-qurashi\\\/#breadcrumb\",\"itemListElement\":[{\"@type\":\"ListItem\",\"position\":1,\"name\":\"Accueil\",\"item\":\"https:\\\/\\\/arabian-mood.com\\\/\"},{\"@type\":\"ListItem\",\"position\":2,\"name\":\"Boutique\",\"item\":\"https:\\\/\\\/arabian-mood.com\\\/boutique\\\/\"},{\"@type\":\"ListItem\",\"position\":3,\"name\":\"Berries Body Oud 100 ml &#8211; Abdul Samad Al Qurashi\"}]},{\"@type\":\"WebSite\",\"@id\":\"https:\\\/\\\/arabian-mood.com\\\/#website\",\"url\":\"https:\\\/\\\/arabian-mood.com\\\/\",\"name\":\"Arabian Mood\",\"description\":\"\",\"publisher\":{\"@id\":\"https:\\\/\\\/arabian-mood.com\\\/#organization\"},\"potentialAction\":[{\"@type\":\"SearchAction\",\"target\":{\"@type\":\"EntryPoint\",\"urlTemplate\":\"https:\\\/\\\/arabian-mood.com\\\/?s={search_term_string}\"},\"query-input\":{\"@type\":\"PropertyValueSpecification\",\"valueRequired\":true,\"valueName\":\"search_term_string\"}}],\"inLanguage\":\"pt-PT\"},{\"@type\":\"Organization\",\"@id\":\"https:\\\/\\\/arabian-mood.com\\\/#organization\",\"name\":\"Arabian Mood\",\"url\":\"https:\\\/\\\/arabian-mood.com\\\/\",\"logo\":{\"@type\":\"ImageObject\",\"inLanguage\":\"pt-PT\",\"@id\":\"https:\\\/\\\/arabian-mood.com\\\/#\\\/schema\\\/logo\\\/image\\\/\",\"url\":\"https:\\\/\\\/arabian-mood.com\\\/wp-content\\\/uploads\\\/2024\\\/09\\\/Groupe-11304.svg\",\"contentUrl\":\"https:\\\/\\\/arabian-mood.com\\\/wp-content\\\/uploads\\\/2024\\\/09\\\/Groupe-11304.svg\",\"width\":214,\"height\":27,\"caption\":\"Arabian Mood\"},\"image\":{\"@id\":\"https:\\\/\\\/arabian-mood.com\\\/#\\\/schema\\\/logo\\\/image\\\/\"},\"sameAs\":[\"https:\\\/\\\/www.instagram.com\\\/arabianmoodofficiel\\\/\"]}]}<\/script>\n<!-- \/ Yoast SEO plugin. -->","yoast_head_json":{"title":"Berries Body Oud 100 ml - Abdul Samad Al Qurashi","robots":{"index":"index","follow":"follow","max-snippet":"max-snippet:-1","max-image-preview":"max-image-preview:large","max-video-preview":"max-video-preview:-1"},"canonical":"https:\/\/arabian-mood.com\/pt\/product-2\/berries-body-oud-100-ml-abdul-samad-al-qurashi\/","og_locale":"pt_PT","og_type":"article","og_title":"Berries Body Oud 100 ml - Abdul Samad Al Qurashi","og_description":"Note de t\u00eate : Baies, Citron, Fruits sucr\u00e9s. Note de c\u0153ur : Citron vert, Vanille. Note de fond : Lactonique, Romarin.","og_url":"https:\/\/arabian-mood.com\/pt\/product-2\/berries-body-oud-100-ml-abdul-samad-al-qurashi\/","og_site_name":"Arabian Mood","article_modified_time":"2025-12-15T15:49:29+00:00","og_image":[{"width":600,"height":600,"url":"https:\/\/arabian-mood.com\/wp-content\/uploads\/2025\/08\/Berries-Body-oud.jpg","type":"image\/jpeg"}],"twitter_card":"summary_large_image","twitter_misc":{"Est. reading time":"1 minuto"},"schema":{"@context":"https:\/\/schema.org","@graph":[{"@type":"WebPage","@id":"https:\/\/arabian-mood.com\/produit\/berries-body-oud-100-ml-abdul-samad-al-qurashi\/","url":"https:\/\/arabian-mood.com\/produit\/berries-body-oud-100-ml-abdul-samad-al-qurashi\/","name":"Berries Body Oud 100 ml - Abdul Samad Al Qurashi","isPartOf":{"@id":"https:\/\/arabian-mood.com\/#website"},"primaryImageOfPage":{"@id":"https:\/\/arabian-mood.com\/produit\/berries-body-oud-100-ml-abdul-samad-al-qurashi\/#primaryimage"},"image":{"@id":"https:\/\/arabian-mood.com\/produit\/berries-body-oud-100-ml-abdul-samad-al-qurashi\/#primaryimage"},"thumbnailUrl":"https:\/\/arabian-mood.com\/wp-content\/uploads\/2025\/08\/Berries-Body-oud.jpg","datePublished":"2025-08-22T19:14:51+00:00","dateModified":"2025-12-15T15:49:29+00:00","breadcrumb":{"@id":"https:\/\/arabian-mood.com\/produit\/berries-body-oud-100-ml-abdul-samad-al-qurashi\/#breadcrumb"},"inLanguage":"pt-PT","potentialAction":[{"@type":"ReadAction","target":["https:\/\/arabian-mood.com\/produit\/berries-body-oud-100-ml-abdul-samad-al-qurashi\/"]}]},{"@type":"ImageObject","inLanguage":"pt-PT","@id":"https:\/\/arabian-mood.com\/produit\/berries-body-oud-100-ml-abdul-samad-al-qurashi\/#primaryimage","url":"https:\/\/arabian-mood.com\/wp-content\/uploads\/2025\/08\/Berries-Body-oud.jpg","contentUrl":"https:\/\/arabian-mood.com\/wp-content\/uploads\/2025\/08\/Berries-Body-oud.jpg","width":600,"height":600,"caption":"Berries Body Oud"},{"@type":"BreadcrumbList","@id":"https:\/\/arabian-mood.com\/produit\/berries-body-oud-100-ml-abdul-samad-al-qurashi\/#breadcrumb","itemListElement":[{"@type":"ListItem","position":1,"name":"Accueil","item":"https:\/\/arabian-mood.com\/"},{"@type":"ListItem","position":2,"name":"Boutique","item":"https:\/\/arabian-mood.com\/boutique\/"},{"@type":"ListItem","position":3,"name":"Berries Body Oud 100 ml &#8211; Abdul Samad Al Qurashi"}]},{"@type":"WebSite","@id":"https:\/\/arabian-mood.com\/#website","url":"https:\/\/arabian-mood.com\/","name":"Ambiente \u00c1rabe","description":"","publisher":{"@id":"https:\/\/arabian-mood.com\/#organization"},"potentialAction":[{"@type":"SearchAction","target":{"@type":"EntryPoint","urlTemplate":"https:\/\/arabian-mood.com\/?s={search_term_string}"},"query-input":{"@type":"PropertyValueSpecification","valueRequired":true,"valueName":"search_term_string"}}],"inLanguage":"pt-PT"},{"@type":"Organization","@id":"https:\/\/arabian-mood.com\/#organization","name":"Ambiente \u00c1rabe","url":"https:\/\/arabian-mood.com\/","logo":{"@type":"ImageObject","inLanguage":"pt-PT","@id":"https:\/\/arabian-mood.com\/#\/schema\/logo\/image\/","url":"https:\/\/arabian-mood.com\/wp-content\/uploads\/2024\/09\/Groupe-11304.svg","contentUrl":"https:\/\/arabian-mood.com\/wp-content\/uploads\/2024\/09\/Groupe-11304.svg","width":214,"height":27,"caption":"Arabian Mood"},"image":{"@id":"https:\/\/arabian-mood.com\/#\/schema\/logo\/image\/"},"sameAs":["https:\/\/www.instagram.com\/arabianmoodofficiel\/"]}]}},"_links":{"self":[{"href":"https:\/\/arabian-mood.com\/pt\/wp-json\/wp\/v2\/product\/9642","targetHints":{"allow":["GET"]}}],"collection":[{"href":"https:\/\/arabian-mood.com\/pt\/wp-json\/wp\/v2\/product"}],"about":[{"href":"https:\/\/arabian-mood.com\/pt\/wp-json\/wp\/v2\/types\/product"}],"wp:featuredmedia":[{"embeddable":true,"href":"https:\/\/arabian-mood.com\/pt\/wp-json\/wp\/v2\/media\/9643"}],"wp:attachment":[{"href":"https:\/\/arabian-mood.com\/pt\/wp-json\/wp\/v2\/media?parent=9642"}],"wp:term":[{"taxonomy":"product_brand","embeddable":true,"href":"https:\/\/arabian-mood.com\/pt\/wp-json\/wp\/v2\/product_brand?post=9642"},{"taxonomy":"product_cat","embeddable":true,"href":"https:\/\/arabian-mood.com\/pt\/wp-json\/wp\/v2\/product_cat?post=9642"},{"taxonomy":"product_tag","embeddable":true,"href":"https:\/\/arabian-mood.com\/pt\/wp-json\/wp\/v2\/product_tag?post=9642"}],"curies":[{"name":"wp","href":"https:\/\/api.w.org\/{rel}","templated":true}]}}